{"id":9910,"date":"2025-07-15T20:35:00","date_gmt":"2025-07-15T20:35:00","guid":{"rendered":"https:\/\/jrh.eu\/?post_type=product&#038;p=9910"},"modified":"2025-10-05T17:25:43","modified_gmt":"2025-10-05T17:25:43","slug":"power-bank-solar-portabil-incarcare-puternica-powerbank-incarcator-extern-de-baterie-lumina-puternica-lde-lumina-pentru-toate-telefoanele-inteligente-20000","status":"publish","type":"product","link":"https:\/\/jrh.eu\/hu\/termek\/power-bank-solar-portabil-incarcare-puternica-powerbank-incarcator-extern-de-baterie-lumina-puternica-lde-lumina-pentru-toate-telefoanele-inteligente-20000\/","title":{"rendered":"Power Bank solar portabil \u00cenc\u0103rcare puternic\u0103 Powerbank \u00cenc\u0103rc\u0103tor extern de baterie Lumin\u0103 puternic\u0103 LDE Lumin\u0103 pentru toate telefoanele inteligente 20000"},"content":{"rendered":"<p>metoda sage:<\/p>\n<p>Comutator independent, \u00eencepe\u021bi \u00eenc\u0103rcarea<\/p>\n<p>Cum se utilizeaz\u0103 telefonul mobil LED:<\/p>\n<p>1. Face\u021bi dublu clic pe comutator rapid pentru a aprinde lumina LED<\/p>\n<p>2. Face\u021bi clic din nou pe \u00cenchidere rapid\u0103 pentru a schimba frecven\u021ba luminozit\u0103\u021bii<\/p>\n<p>3. Face\u021bi dublu clic pe comutator rapid pentru a stinge lumina LED<\/p>\n<p>capacitatea bateriei: 20000mAh<br \/>\nMaterial: plastic ABS + TPU<\/p>\n<p>Specifica\u021bie:<\/p>\n<p>caracteristicile produsului<br \/>\n1, grad super impermeabil (IP68) cel mai \u00eenalt nivel de impermeabilitate<br \/>\n2, rezistent la ap\u0103, praf, anti-c\u0103dere, rezisten\u021b\u0103 la \u0219ocuri, func\u021bie anti-bracket (versiunea de cinci anti-upgrade)<br \/>\n3 baterii \u00eencorporate litiu-ion polimer A (rezistente la explozie)<br \/>\n4, panou solar extern de 1,2 W de \u00eenalt\u0103 eficien\u021b\u0103, eficien\u021b\u0103 super-conversie de p\u00e2n\u0103 la 15%<br \/>\n5, materiale compozite, materiale ignifuge pentru PC, sigure \u0219i f\u0103r\u0103 griji<br \/>\n6, folosind un design cu lumin\u0103 dubl\u0103 LED militar\u0103 super str\u0103lucitoare \u0219i lumin\u0103 de semnal de urgen\u021b\u0103 SOS (super lumin\u0103)<br \/>\n7, interfa\u021b\u0103 dubl\u0103 USB, protec\u021bie la scurtcircuit la supracurent \u0219i la supradesc\u0103rcare (siguran\u021ba dispozitivului)<br \/>\n8, cip digital importat, rat\u0103 de conversie mare, super-erou de stocare a energiei de prim\u0103 clas\u0103<br \/>\n9, designul busolei carcasa din spate; cataram\u0103 de configura\u021bie pentru alpinism, poate fi at\u00e2rnat\u0103 pe rucsac<\/p>\n<p>Pachetul include:<\/p>\n<p>1x Power Bank<\/p>\n<p>1x cablu de \u00eenc\u0103rcare<\/p>\n<p>1x Manual de utilizare<\/p>\n","protected":false},"excerpt":{"rendered":"<p>metoda sage: Comutator independent, \u00eencepe\u021bi \u00eenc\u0103rcarea Cum se utilizeaz\u0103 telefonul mobil LED: 1. Face\u021bi dublu clic pe comutator rapid pentru a aprinde lumina LED 2. Face\u021bi clic din nou pe \u00cenchidere rapid\u0103 pentru a schimba frecven\u021ba luminozit\u0103\u021bii 3. Face\u021bi dublu clic pe comutator rapid pentru a stinge lumina LED capacitatea bateriei: 20000mAh Material: plastic ABS [&hellip;]<\/p>\n","protected":false},"featured_media":10004,"comment_status":"open","ping_status":"closed","template":"","meta":[],"pwb-brand":[],"product_brand":[],"product_cat":[212],"product_tag":[],"class_list":{"0":"post-9910","1":"product","2":"type-product","3":"status-publish","4":"has-post-thumbnail","6":"product_cat-phone-accessories-special-offers","8":"first","9":"outofstock","10":"shipping-taxable","11":"purchasable","12":"product-type-simple"},"jetpack_sharing_enabled":true,"brands":[],"_links":{"self":[{"href":"https:\/\/jrh.eu\/hu\/wp-json\/wp\/v2\/product\/9910","targetHints":{"allow":["GET"]}}],"collection":[{"href":"https:\/\/jrh.eu\/hu\/wp-json\/wp\/v2\/product"}],"about":[{"href":"https:\/\/jrh.eu\/hu\/wp-json\/wp\/v2\/types\/product"}],"replies":[{"embeddable":true,"href":"https:\/\/jrh.eu\/hu\/wp-json\/wp\/v2\/comments?post=9910"}],"wp:featuredmedia":[{"embeddable":true,"href":"https:\/\/jrh.eu\/hu\/wp-json\/wp\/v2\/media\/10004"}],"wp:attachment":[{"href":"https:\/\/jrh.eu\/hu\/wp-json\/wp\/v2\/media?parent=9910"}],"wp:term":[{"taxonomy":"pwb-brand","embeddable":true,"href":"https:\/\/jrh.eu\/hu\/wp-json\/wp\/v2\/pwb-brand?post=9910"},{"taxonomy":"product_brand","embeddable":true,"href":"https:\/\/jrh.eu\/hu\/wp-json\/wp\/v2\/product_brand?post=9910"},{"taxonomy":"product_cat","embeddable":true,"href":"https:\/\/jrh.eu\/hu\/wp-json\/wp\/v2\/product_cat?post=9910"},{"taxonomy":"product_tag","embeddable":true,"href":"https:\/\/jrh.eu\/hu\/wp-json\/wp\/v2\/product_tag?post=9910"}],"curies":[{"name":"wp","href":"https:\/\/api.w.org\/{rel}","templated":true}]}}