{"id":9683,"date":"2025-07-15T20:33:12","date_gmt":"2025-07-15T20:33:12","guid":{"rendered":"https:\/\/jrh.eu\/?post_type=product&#038;p=9683"},"modified":"2025-10-05T17:25:41","modified_gmt":"2025-10-05T17:25:41","slug":"lumina-pentru-copac-bonsai-cu-fulgi-de-zapada-lampa-artificiala-pentru-copac-cu-fulgi-de-nea-de-20-inchi-cu-lampa-pentru-copac-cu-fulgi-de-nea-cu-60-led","status":"publish","type":"product","link":"https:\/\/jrh.eu\/hu\/termek\/lumina-pentru-copac-bonsai-cu-fulgi-de-zapada-lampa-artificiala-pentru-copac-cu-fulgi-de-nea-de-20-inchi-cu-lampa-pentru-copac-cu-fulgi-de-nea-cu-60-led\/","title":{"rendered":"Lumin\u0103 pentru copac Bonsai cu fulgi de z\u0103pad\u0103 &#8211; Lamp\u0103 artificial\u0103 pentru copac cu fulgi de nea de 20 inchi cu lamp\u0103 pentru copac cu fulgi de nea cu 60 LED"},"content":{"rendered":"<p>DIY DesignTabletop Bonsai stil de design, led-uri de lumini de z\u00e2n\u0103 lamp\u0103 copac folosi ramuri rafinate \u0219i materiale de ambalare modernizate. Ramurile de argint sunt mai elegante, copacul pare ciudat. \u0219i va ad\u0103uga vitalitate casei tale. Ramurile flexibile naturale, asem\u0103n\u0103toare copacilor, v\u0103 pot satisface nevoile diy. Pentru diferite festivaluri, \u0218i pute\u021bi forma copacul a\u0219a cum dori\u021bi. Alege cateva lumini romantice si calde de zana pentru a-ti decora spatiul interior Battery Powered\/USB Fara incalzire3 baterii AA (neincluse) si contine un cablu USB, de joasa tensiune, fara supraincalzire. Pachetele mici de baterii sunt u\u0219or de ascuns, ceea ce face ca aceste lumini s\u0103 fie extrem de portabile. Are o func\u021bie simpl\u0103 de pornire\/oprire tactil\u0103, o baterie complet nou\u0103, care dureaz\u0103 ore \u00eentregi de utilizare continu\u0103 \u0219i continu\u0103 s\u0103 func\u021bioneze \u00een timpul \u00eentreruperilor de curent. Folosind modul de alimentare USB pentru a economisi energie, bani \u0219i protec\u021bia mediului, pute\u021bi alege modul de alimentare \u00een func\u021bie de cerin\u021bele scenariului Lamp\u0103 de lumini led de \u00eenalt\u0103 calitate: becurile LED nu vor fi \u00eenc\u0103lzite pentru o lung\u0103 perioad\u0103 de timp, sigure \u0219i de economisire a energiei \u0219i vor economisi bani. Lumina led copac este o lumin\u0103 de noapte decorativ\u0103 necesar\u0103 \u00een dormitor \u0219i camera de zi. Are o str\u0103lucire moale, este sigur\u0103 \u0219i ecologic\u0103 pentru copii. Pute\u021bi utiliza aceste lumini dr\u0103gu\u021be bonsai copac pentru b\u0103ie\u021bi \u0219i fete, lumina moale nu va r\u0103ni ochii. Cald \u0219i romantic, lumineaz\u0103-\u021bi camera u\u0219or \u0219i fericit, acesta este un cadou bun pentru copii \u0219i adul\u021bi O gam\u0103 larg\u0103 de aplica\u021bii Iluminatul frumos de poveste este potrivit pentru case, gr\u0103dini, terase, dormitoare, camere de zi, cafenele, baruri, hoteluri, restaurante, vile, nun\u021bi, petreceri, biserici, castele etc. Dac\u0103 \u00eent\u00e2mpina\u021bi probleme \u00een timpul utiliz\u0103rii, v\u0103 rug\u0103m s\u0103 nu ezita\u021bi s\u0103 ne contacta\u021bi, v\u0103 vom ajuta s\u0103 v\u0103 rezolva\u021bi problemele c\u00e2t mai cur\u00e2nd posibil, \u00een func\u021bie de nevoile dvs<\/p>\n<p>inaltime : 50 cm<\/p>\n<p>&nbsp;<\/p>\n","protected":false},"excerpt":{"rendered":"<p>DIY DesignTabletop Bonsai stil de design, led-uri de lumini de z\u00e2n\u0103 lamp\u0103 copac folosi ramuri rafinate \u0219i materiale de ambalare modernizate. Ramurile de argint sunt mai elegante, copacul pare ciudat. \u0219i va ad\u0103uga vitalitate casei tale. Ramurile flexibile naturale, asem\u0103n\u0103toare copacilor, v\u0103 pot satisface nevoile diy. Pentru diferite festivaluri, \u0218i pute\u021bi forma copacul a\u0219a cum [&hellip;]<\/p>\n","protected":false},"featured_media":9806,"comment_status":"open","ping_status":"closed","template":"","meta":[],"pwb-brand":[],"product_brand":[],"product_cat":[236,201,229],"product_tag":[],"class_list":{"0":"post-9683","1":"product","2":"type-product","3":"status-publish","4":"has-post-thumbnail","6":"product_cat-christmas-decorations","7":"product_cat-home-accessories-top-products","8":"product_cat-miscellaneous-best-offers","10":"first","11":"outofstock","12":"shipping-taxable","13":"purchasable","14":"product-type-simple"},"jetpack_sharing_enabled":true,"brands":[],"_links":{"self":[{"href":"https:\/\/jrh.eu\/hu\/wp-json\/wp\/v2\/product\/9683","targetHints":{"allow":["GET"]}}],"collection":[{"href":"https:\/\/jrh.eu\/hu\/wp-json\/wp\/v2\/product"}],"about":[{"href":"https:\/\/jrh.eu\/hu\/wp-json\/wp\/v2\/types\/product"}],"replies":[{"embeddable":true,"href":"https:\/\/jrh.eu\/hu\/wp-json\/wp\/v2\/comments?post=9683"}],"wp:featuredmedia":[{"embeddable":true,"href":"https:\/\/jrh.eu\/hu\/wp-json\/wp\/v2\/media\/9806"}],"wp:attachment":[{"href":"https:\/\/jrh.eu\/hu\/wp-json\/wp\/v2\/media?parent=9683"}],"wp:term":[{"taxonomy":"pwb-brand","embeddable":true,"href":"https:\/\/jrh.eu\/hu\/wp-json\/wp\/v2\/pwb-brand?post=9683"},{"taxonomy":"product_brand","embeddable":true,"href":"https:\/\/jrh.eu\/hu\/wp-json\/wp\/v2\/product_brand?post=9683"},{"taxonomy":"product_cat","embeddable":true,"href":"https:\/\/jrh.eu\/hu\/wp-json\/wp\/v2\/product_cat?post=9683"},{"taxonomy":"product_tag","embeddable":true,"href":"https:\/\/jrh.eu\/hu\/wp-json\/wp\/v2\/product_tag?post=9683"}],"curies":[{"name":"wp","href":"https:\/\/api.w.org\/{rel}","templated":true}]}}