{"id":9559,"date":"2025-07-15T20:32:05","date_gmt":"2025-07-15T20:32:05","guid":{"rendered":"https:\/\/jrh.eu\/?post_type=product&#038;p=9559"},"modified":"2025-10-05T17:25:39","modified_gmt":"2025-10-05T17:25:39","slug":"mini-drona-pliabila-s65-cu-camera-4k-si-telecomanda-negru","status":"publish","type":"product","link":"https:\/\/jrh.eu\/hu\/termek\/mini-drona-pliabila-s65-cu-camera-4k-si-telecomanda-negru\/","title":{"rendered":"Mini drona pliabila S65 cu camera 4k si telecomanda &#8211; negru"},"content":{"rendered":"<div class=\"row product-info-row\">\n<div class=\"col-md-7 col-product-info\">\n<div id=\"col-product-info\">\n<div class=\"product-information\">\n<div class=\"product-actions\">\n<div class=\"tabs product-tabs\">\n<div id=\"product-infos-tabs-content\" class=\"tab-content\">\n<div id=\"description\" class=\"tab-pane in active\">\n<div class=\"product-description\">\n<div class=\"rte-content\">\n<p>Datorit\u0103 designului sub\u021bire \u0219i u\u0219or, mini drona pliabil\u0103 S65 JRH, va fi partenerul ideal pentru drume\u021bii \u0219i alte aventuri. Camera frontal\u0103 cu unghi larg 4K \u0219i zoom digital de 50x, v\u0103 ajut\u0103 s\u0103 realiza\u021bi fotografii \u0219i clipuri video uimitoare. U\u0219or de controlat prin controller RC sau smartphone, aceasta v\u0103 va permite s\u0103 v\u0103 bucura\u021bi de diverse func\u021bii \u0219i moduri de zbor, cum ar fi fotografii cu gesturi, modul f\u0103r\u0103 cap, zbor pe traiectorie, transmisie video in timp real \u0219i multe altele.<\/p>\n<p>Caracteristici:<br \/>\n\u2013 Mini dron\u0103 pliabil\u0103 JRH cu camer\u0103 4K \u0219i lamp\u0103 LED<br \/>\n\u2013 Ideal\u0103 pentru drume\u021bii datorit\u0103 designului s\u0103u mic \u0219i u\u0219or<br \/>\n\u2013 Ofer\u0103 timp de zbor de pan\u0103 la 12 minute<br \/>\n\u2013 Camer\u0103 cu unghi larg 4K HD pentru fotografii \u0219i clipuri video uimitoare<br \/>\n\u2013 Controla\u021bi mini drona pliabil\u0103 S65 prin controller RC sau prin smartphone<br \/>\n\u2013 Conexiune WiFi pentru transmisie video in timp real<br \/>\n\u2013 Giroscop cu 6 axe pentru zbor precis \u0219i stabil<br \/>\n\u2013 Alege\u021bi dintre trei viteze de zbor diferite<br \/>\n\u2013 Varietatea de func\u021bii asigur\u0103 distrac\u021bie f\u0103r\u0103 sfar\u0219it<\/p>\n<p>Specifica\u021bii:<br \/>\n\u2013 Acumulator dron\u0103: 650mAh<br \/>\n\u2013 Timp de inc\u0103rcare: 40 de minute<br \/>\n\u2013 Baterie RC: 3x AAA 1.5V (nu sunt incluse)<br \/>\n\u2013 Timp de zbor: 10-12min<br \/>\n\u2013 Camer\u0103: 4K HD, rota\u021bie de 90 de grade<br \/>\n\u2013 Camp vizual: 120 de grade (unghi larg)<br \/>\n\u2013 Distan\u021b\u0103 control RC: pan\u0103 la 100m<br \/>\n\u2013 Vitez\u0103 dron\u0103 (orizontal\u0103): max 10km\/or\u0103<br \/>\n\u2013 Vitez\u0103 dron\u0103 (urcare): max 3km\/or\u0103<br \/>\n\u2013 Greutate dron\u0103: 59g<br \/>\n\u2013 Dimensiuni (pliat\u0103): 90mm x 55mm x 40mm<br \/>\n\u2013 Dimensiuni (desf\u0103\u0219urat\u0103): 165mm x 110mm x 40mm<\/p>\n<p>Pachetul include:<br \/>\n\u2013 1 x Mini dron\u0103 pliabil\u0103 cu camer\u0103 4K<br \/>\n\u2013 1 x Telecomand\u0103 cu suport pentru smartphone<br \/>\n\u2013 1 x Cablu de inc\u0103rcare USB<br \/>\n\u2013 4 x Lame de rezerv\u0103<br \/>\n\u2013 4 x Protectoare lame<br \/>\n\u2013 1 x \u0218urubelni\u021b\u0103<br \/>\n\u2013 1 x Acumulator dron\u0103<br \/>\n\u2013 1 x Geant\u0103 de depozitare<br \/>\n\u2013 1 x Manual in limba englez\u0103 si romana<\/p>\n<p>&nbsp;<\/p>\n<\/div>\n<\/div>\n<\/div>\n<\/div>\n<\/div>\n<\/div>\n<\/div>\n<\/div>\n<\/div>\n<\/div>\n","protected":false},"excerpt":{"rendered":"<p>Datorit\u0103 designului sub\u021bire \u0219i u\u0219or, mini drona pliabil\u0103 S65 JRH, va fi partenerul ideal pentru drume\u021bii \u0219i alte aventuri. Camera frontal\u0103 cu unghi larg 4K \u0219i zoom digital de 50x, v\u0103 ajut\u0103 s\u0103 realiza\u021bi fotografii \u0219i clipuri video uimitoare. U\u0219or de controlat prin controller RC sau smartphone, aceasta v\u0103 va permite s\u0103 v\u0103 bucura\u021bi de [&hellip;]<\/p>\n","protected":false},"featured_media":9654,"comment_status":"open","ping_status":"closed","template":"","meta":[],"pwb-brand":[],"product_brand":[],"product_cat":[201,206],"product_tag":[],"class_list":{"0":"post-9559","1":"product","2":"type-product","3":"status-publish","4":"has-post-thumbnail","6":"product_cat-home-accessories-top-products","7":"product_cat-projector","9":"first","10":"outofstock","11":"shipping-taxable","12":"purchasable","13":"product-type-simple"},"jetpack_sharing_enabled":true,"brands":[],"_links":{"self":[{"href":"https:\/\/jrh.eu\/hu\/wp-json\/wp\/v2\/product\/9559","targetHints":{"allow":["GET"]}}],"collection":[{"href":"https:\/\/jrh.eu\/hu\/wp-json\/wp\/v2\/product"}],"about":[{"href":"https:\/\/jrh.eu\/hu\/wp-json\/wp\/v2\/types\/product"}],"replies":[{"embeddable":true,"href":"https:\/\/jrh.eu\/hu\/wp-json\/wp\/v2\/comments?post=9559"}],"wp:featuredmedia":[{"embeddable":true,"href":"https:\/\/jrh.eu\/hu\/wp-json\/wp\/v2\/media\/9654"}],"wp:attachment":[{"href":"https:\/\/jrh.eu\/hu\/wp-json\/wp\/v2\/media?parent=9559"}],"wp:term":[{"taxonomy":"pwb-brand","embeddable":true,"href":"https:\/\/jrh.eu\/hu\/wp-json\/wp\/v2\/pwb-brand?post=9559"},{"taxonomy":"product_brand","embeddable":true,"href":"https:\/\/jrh.eu\/hu\/wp-json\/wp\/v2\/product_brand?post=9559"},{"taxonomy":"product_cat","embeddable":true,"href":"https:\/\/jrh.eu\/hu\/wp-json\/wp\/v2\/product_cat?post=9559"},{"taxonomy":"product_tag","embeddable":true,"href":"https:\/\/jrh.eu\/hu\/wp-json\/wp\/v2\/product_tag?post=9559"}],"curies":[{"name":"wp","href":"https:\/\/api.w.org\/{rel}","templated":true}]}}