{"id":8962,"date":"2025-07-15T20:26:29","date_gmt":"2025-07-15T20:26:29","guid":{"rendered":"https:\/\/jrh.eu\/?post_type=product&#038;p=8962"},"modified":"2025-10-05T17:25:29","modified_gmt":"2025-10-05T17:25:29","slug":"camera-ip-supraveghere-63-led-hd-1944p-wifi-5mp-c-camera-de-securitate-interior-exterior-4-antena","status":"publish","type":"product","link":"https:\/\/jrh.eu\/hu\/termek\/camera-ip-supraveghere-63-led-hd-1944p-wifi-5mp-c-camera-de-securitate-interior-exterior-4-antena\/","title":{"rendered":"Camera IP supraveghere 63 LED HD 1944P WIFI 5MP C Camer\u0103 de securitate interior\/exterior 4 anten\u0103"},"content":{"rendered":"<p>63 pachete LED<br \/>\n1x camer\u0103 IP WiFi<br \/>\n4x antene<\/p>\n<p>1x incarcator<br \/>\n1x Manual de utilizare<br \/>\nCaracteristici:<br \/>\nCamer\u0103 IP 5MP<br \/>\n\u00cenregistrare video de \u00eenalt\u0103 defini\u021bie 5.0MP.<br \/>\nStocare cloud sau stocare card TF, protec\u021bie video dual\u0103.<br \/>\nAvertizare lumini ro\u0219ii \u0219i albastre.<br \/>\nViziune nocturn\u0103 cu infraro\u0219u, viziune nocturn\u0103 color, viziune nocturn\u0103 inteligent\u0103, trei moduri de monitorizare. Comuta\u021bi gratuit.<br \/>\nMatrice cu infraro\u0219u de \u00eenalt\u0103 eficien\u021b\u0103, consum redus de energie, distan\u021b\u0103 de iluminare de p\u00e2n\u0103 la 100m.<br \/>\nRezolu\u021bie \u00eenalt\u0103, u\u0219or de schimbat \u00een orice moment, \u00een func\u021bie de medii diferite \u0219i de nevoi diferite.<br \/>\nComunicare vocal\u0103 bidirec\u021bional\u0103.<br \/>\nCu func\u021bia de alarm\u0103 de detectare a mi\u0219c\u0103rii care declan\u0219eaz\u0103 o alarm\u0103 atunci c\u00e2nd declan\u0219ezi o anomalie acas\u0103 pentru a trimite un mesaj smartphone-urilor tale.<br \/>\nCamera are un hotspot WIFI \u0219i niciun hotspot de conexiune la re\u021bea nu este monitorizat \u00een mod normal.<br \/>\nIP66 Impermeabil, etan\u0219are bun\u0103, nu trebuie s\u0103 v\u0103 face\u021bi griji cu privire la ploaie.<br \/>\nSpecifica\u021bie:<br \/>\nCuloare alb\u0103<br \/>\nLED-uri: 33 * leduri cu infraro\u0219u, 29 * leduri albe, 1 * led ro\u0219u \u0219i albastru<br \/>\nRezolu\u021bie: 2592 x 1944 P<br \/>\nPixel: 5 milioane<br \/>\nRotire panoramic\u0103 \/ \u00eenclinat\u0103: orizontal\u0103 320 \u00b0, vertical\u0103 90 \u00b0<br \/>\nSenzor imagine: senzor CMOS de 1 \/ 3 inch<br \/>\nCompresie video: H.264 \/ MPEG4<br \/>\nIntrare audio: microfon \u00eencorporat<br \/>\nIe\u0219ire audio: difuzor \u00eencorporat<br \/>\nDeclan\u0219ator alarm\u0103: detectare mi\u0219care<br \/>\nMemorie: card de memorie de p\u00e2n\u0103 la 128 GB (nu este inclus)<br \/>\nTensiune de alimentare: 12V \/ 2A<br \/>\nTemperatura de func\u021bionare: -40 \uff5e + 70 \u2103<\/p>\n<p><a href=\"https:\/\/souqeshop.ro\/wp-content\/uploads\/2021\/07\/9f3096d366251e70b0a3ba88a1cc43c4558b769c_original-scaled.jpeg\"><img fetchpriority=\"high\" decoding=\"async\" class=\"alignnone size-medium wp-image-368179\" src=\"https:\/\/souqeshop.ro\/wp-content\/uploads\/2021\/07\/9f3096d366251e70b0a3ba88a1cc43c4558b769c_original-225x300.jpeg\" alt=\"\" width=\"225\" height=\"300\" \/><\/a><a href=\"https:\/\/souqeshop.ro\/wp-content\/uploads\/2021\/07\/705a8b0508f30a1e1e1aa079f6f1b395b8e77801_original.jpeg\"><img decoding=\"async\" class=\"alignnone wp-image-368180 size-medium\" src=\"https:\/\/souqeshop.ro\/wp-content\/uploads\/2021\/07\/705a8b0508f30a1e1e1aa079f6f1b395b8e77801_original-e1625349530866-300x207.jpeg\" alt=\"\" width=\"300\" height=\"207\" \/><\/a><a href=\"https:\/\/souqeshop.ro\/wp-content\/uploads\/2021\/07\/a5ae222e4cdaf61dbab7dce3fced3fa580ddcdf8_original.jpeg\"><img decoding=\"async\" class=\"alignnone size-medium wp-image-368181\" src=\"https:\/\/souqeshop.ro\/wp-content\/uploads\/2021\/07\/a5ae222e4cdaf61dbab7dce3fced3fa580ddcdf8_original-225x300.jpeg\" alt=\"\" width=\"225\" height=\"300\" \/><\/a><\/p>\n","protected":false},"excerpt":{"rendered":"<p>63 pachete LED 1x camer\u0103 IP WiFi 4x antene 1x incarcator 1x Manual de utilizare Caracteristici: Camer\u0103 IP 5MP \u00cenregistrare video de \u00eenalt\u0103 defini\u021bie 5.0MP. Stocare cloud sau stocare card TF, protec\u021bie video dual\u0103. Avertizare lumini ro\u0219ii \u0219i albastre. Viziune nocturn\u0103 cu infraro\u0219u, viziune nocturn\u0103 color, viziune nocturn\u0103 inteligent\u0103, trei moduri de monitorizare. Comuta\u021bi gratuit. [&hellip;]<\/p>\n","protected":false},"featured_media":9063,"comment_status":"open","ping_status":"closed","template":"","meta":[],"pwb-brand":[],"product_brand":[],"product_cat":[201,228],"product_tag":[],"class_list":{"0":"post-8962","1":"product","2":"type-product","3":"status-publish","4":"has-post-thumbnail","6":"product_cat-home-accessories-top-products","7":"product_cat-surveillance-cameras","9":"first","10":"instock","11":"shipping-taxable","12":"purchasable","13":"product-type-simple"},"jetpack_sharing_enabled":true,"brands":[],"_links":{"self":[{"href":"https:\/\/jrh.eu\/hu\/wp-json\/wp\/v2\/product\/8962","targetHints":{"allow":["GET"]}}],"collection":[{"href":"https:\/\/jrh.eu\/hu\/wp-json\/wp\/v2\/product"}],"about":[{"href":"https:\/\/jrh.eu\/hu\/wp-json\/wp\/v2\/types\/product"}],"replies":[{"embeddable":true,"href":"https:\/\/jrh.eu\/hu\/wp-json\/wp\/v2\/comments?post=8962"}],"wp:featuredmedia":[{"embeddable":true,"href":"https:\/\/jrh.eu\/hu\/wp-json\/wp\/v2\/media\/9063"}],"wp:attachment":[{"href":"https:\/\/jrh.eu\/hu\/wp-json\/wp\/v2\/media?parent=8962"}],"wp:term":[{"taxonomy":"pwb-brand","embeddable":true,"href":"https:\/\/jrh.eu\/hu\/wp-json\/wp\/v2\/pwb-brand?post=8962"},{"taxonomy":"product_brand","embeddable":true,"href":"https:\/\/jrh.eu\/hu\/wp-json\/wp\/v2\/product_brand?post=8962"},{"taxonomy":"product_cat","embeddable":true,"href":"https:\/\/jrh.eu\/hu\/wp-json\/wp\/v2\/product_cat?post=8962"},{"taxonomy":"product_tag","embeddable":true,"href":"https:\/\/jrh.eu\/hu\/wp-json\/wp\/v2\/product_tag?post=8962"}],"curies":[{"name":"wp","href":"https:\/\/api.w.org\/{rel}","templated":true}]}}