{"id":8959,"date":"2025-07-15T20:26:29","date_gmt":"2025-07-15T20:26:29","guid":{"rendered":"https:\/\/jrh.eu\/?post_type=product&#038;p=8959"},"modified":"2025-10-05T17:25:29","modified_gmt":"2025-10-05T17:25:29","slug":"prelata-rosu-3x3-m-26-kg-calitate-superiora","status":"publish","type":"product","link":"https:\/\/jrh.eu\/hu\/termek\/prelata-rosu-3x3-m-26-kg-calitate-superiora\/","title":{"rendered":"PRELAT\u0102 ROSU  3X3 M 2,6 KG Calitate superiora"},"content":{"rendered":"<div class=\"row description\">\n<div class=\"col-12\">\n<h2 class=\"title h4\">Descriere<\/h2>\n<div class=\"value content\">\n<p>Prelata noastr\u0103 versatil\u0103, rezistent\u0103, este ideal\u0103 pentru a acoperi mobilierul de gr\u0103din\u0103, rezervele de lemne, remorci, autoturisme, b\u0103rci, biciclete, zone de lucru \u0219i materiale de construc\u021bii, protej\u00e2ndu-le de factorii de mediu. De asemenea, prelata poate fi folosit\u0103 drept \u00eenvelitoare pentru o remorc\u0103 deschis\u0103 sau o camionet\u0103 sau ca o p\u00e2nz\u0103 izolatoare pentru sol la camping.<\/p>\n<p>Prelata este realizat\u0103 din p\u00e2nz\u0103 de calitate superioar\u0103, cu un strat de protec\u021bie din PVC, ce \u00eei ofer\u0103 rezisten\u021b\u0103 la rupere \u0219i la ap\u0103, fiind \u00een acela\u0219i timp rezistent\u0103 la radia\u021bii UV \u0219i la mucegai. Prelata poate fi folosit\u0103 la temperaturi cuprinse \u00eentre -30\u00b0C \u0219i 70\u00b0C. De asemenea, prelata este prev\u0103zut\u0103 cu oche\u021bi la toate col\u021burile \u0219i de-a lungul marginilor pentru o fixare u\u0219oar\u0103.<\/p>\n<\/div>\n<\/div>\n<\/div>\n<div class=\"row details\">\n<div class=\"col-12\">\n<h2 class=\"title h4\">Specifica\u021bii<\/h2>\n<div class=\"value content\">\n<ul>\n<li>Culoare: ROSU<\/li>\n<li>Material: P\u00e2nz\u0103 cu strat de protec\u021bie din PVC<\/li>\n<li>Dimensiuni: 3 x 3 m (l x L)<\/li>\n<li>Greutate: 2600 g<\/li>\n<li>Rezisten\u021b\u0103 la temperatur\u0103: -30\u00b0C p\u00e2n\u0103 la 70\u00b0C<\/li>\n<li>Cu oche\u021bi metalici la toate col\u021burile \u0219i de-a lungul marginilor<\/li>\n<li>Rezistent la rupere \u0219i la ap\u0103<\/li>\n<li>Rezistent\u0103 la radia\u021bii UV \u0219i la mucegai<\/li>\n<li>Material: Poliester: 100%<\/li>\n<\/ul>\n<\/div>\n<\/div>\n<\/div>\n","protected":false},"excerpt":{"rendered":"<p>prelata 3&#215;3 ROSU<\/p>\n","protected":false},"featured_media":9060,"comment_status":"open","ping_status":"closed","template":"","meta":[],"pwb-brand":[],"product_brand":[],"product_cat":[202,220,201],"product_tag":[],"class_list":{"0":"post-8959","1":"product","2":"type-product","3":"status-publish","4":"has-post-thumbnail","6":"product_cat-electronic-promotions-sale-products","7":"product_cat-garden-accessories-online-shop","8":"product_cat-home-accessories-top-products","10":"first","11":"outofstock","12":"shipping-taxable","13":"purchasable","14":"product-type-simple"},"jetpack_sharing_enabled":true,"brands":[],"_links":{"self":[{"href":"https:\/\/jrh.eu\/hu\/wp-json\/wp\/v2\/product\/8959","targetHints":{"allow":["GET"]}}],"collection":[{"href":"https:\/\/jrh.eu\/hu\/wp-json\/wp\/v2\/product"}],"about":[{"href":"https:\/\/jrh.eu\/hu\/wp-json\/wp\/v2\/types\/product"}],"replies":[{"embeddable":true,"href":"https:\/\/jrh.eu\/hu\/wp-json\/wp\/v2\/comments?post=8959"}],"wp:featuredmedia":[{"embeddable":true,"href":"https:\/\/jrh.eu\/hu\/wp-json\/wp\/v2\/media\/9060"}],"wp:attachment":[{"href":"https:\/\/jrh.eu\/hu\/wp-json\/wp\/v2\/media?parent=8959"}],"wp:term":[{"taxonomy":"pwb-brand","embeddable":true,"href":"https:\/\/jrh.eu\/hu\/wp-json\/wp\/v2\/pwb-brand?post=8959"},{"taxonomy":"product_brand","embeddable":true,"href":"https:\/\/jrh.eu\/hu\/wp-json\/wp\/v2\/product_brand?post=8959"},{"taxonomy":"product_cat","embeddable":true,"href":"https:\/\/jrh.eu\/hu\/wp-json\/wp\/v2\/product_cat?post=8959"},{"taxonomy":"product_tag","embeddable":true,"href":"https:\/\/jrh.eu\/hu\/wp-json\/wp\/v2\/product_tag?post=8959"}],"curies":[{"name":"wp","href":"https:\/\/api.w.org\/{rel}","templated":true}]}}