{"id":8575,"date":"2025-07-15T20:23:00","date_gmt":"2025-07-15T20:23:00","guid":{"rendered":"https:\/\/jrh.eu\/?post_type=product&#038;p=8575"},"modified":"2025-10-05T17:25:23","modified_gmt":"2025-10-05T17:25:23","slug":"aparat-de-tuns-electric-electric-profesionist-fara-fir-reincarcabil-cu-t-lama-pentru-barbati-cu-barbati-cu-4-piepteni-de-ghidat-masina-de-tuns","status":"publish","type":"product","link":"https:\/\/jrh.eu\/hu\/termek\/aparat-de-tuns-electric-electric-profesionist-fara-fir-reincarcabil-cu-t-lama-pentru-barbati-cu-barbati-cu-4-piepteni-de-ghidat-masina-de-tuns\/","title":{"rendered":"aparat de tuns electric electric profesionist, f\u0103r\u0103 fir, re\u00eenc\u0103rcabil, cu t-lam\u0103, pentru b\u0103rba\u021bi, cu b\u0103rba\u021bi, cu 4 piepteni de ghidat, ma\u0219in\u0103 de tuns"},"content":{"rendered":"<div class=\"widget description-item prod-des-f-list des-key des-key-\" data-sort=\"\">\n<div class=\"des-title-div\">\n<div class=\"des-title\">\n<h2 style=\"text-align: left\">Puncte Importante<\/h2>\n<\/div>\n<\/div>\n<p><b>proiectare tundere cu lam\u0103 t:<\/b> lama \u00een T, din o\u021bel carbon, pentru t\u0103iere, proiectare \u0219i b\u0103rbierit uscat. aceast\u0103 ma\u0219in\u0103 de tuns f\u0103r\u0103 fir , are un design ergonomic pentru manevrare u\u0219oar\u0103 \u0219i control optim care v\u0103 ajut\u0103 s\u0103 evita\u021bi oboseala m\u00e2inilor, \u00eencheieturii m\u00e2inii \u0219i a bra\u021bului \u00een timpul unei zile pline.<br \/>\n<b>putere puternic\u0103&amp; Zgomot redus:<\/b> aparatele de tuns f\u0103r\u0103 fir pentru b\u0103rba\u021bi adopt\u0103 un motor avansat din aliaj de argint pd, care ofer\u0103 o putere \u0219i o vitez\u0103 substan\u021biale f\u0103r\u0103 a produce c\u0103ldur\u0103 suplimentar\u0103; tehnologia cu zgomot redus reduce zgomotul mai pu\u021bin de 60 lb, ceea ce este cu mult sub standardul european de 70 dn.<br \/>\n<b>\u00eenc\u0103rcare rapid\u0103 USB&amp; f\u0103r\u0103 fir:<\/b> acest aparat de tuns pentru b\u0103rba\u021bi cu o baterie puternic\u0103 cu litiu de 700 mah, cu o durat\u0103 de func\u021bionare de 120 de minute dup\u0103 2 ore \u00eenc\u0103rcate complet; t\u0103ietoare f\u0103r\u0103 fir \u0219i aparate de tuns comoditate de utilizare oriunde \u0219i oric\u00e2nd.<br \/>\n<b>design prietenos cu utilizatorii:<\/b> corpul dispozitivului cu modele antiderapante asigur\u0103 stabilitate, un buton inferior pentru pornire \u0219i oprire instantanee, 4 piepteni limit\u0103 \u00eendepline\u0219te utiliz\u0103ri mai personale.<br \/>\n<b>portabil&amp; u\u0219or:<\/b> \u00cengrijirea p\u0103rului pentru b\u0103rba\u021bi 5.9 inch x 1.3 inch, tunsul de dimensiuni la \u00eendem\u00e2n\u0103 poate fi \u021binut pentru o utilizare convenabil\u0103 \u0219i transportat \u0219i pentru uz c\u0103l\u0103tor, asigur\u0103 o pl\u0103cere pe termen lung a achizi\u021biei dvs.<\/p>\n<\/div>\n<div id=\"prod-des-spe\" class=\"widget description-item prod-des-spe des-key des-key-14\" data-sort=\"14\">\n<h2 class=\"des-title\">Specific\u0103ri<\/h2>\n<div class=\"specifications-list-wrapper\">\n<div class=\"specification-item\">\n<div class=\"item-content\">\n<dl>\n<dd class=\"spec-name\">Tip:<\/dd>\n<dd class=\"sepc-val\">Aparate de ras electrice<\/dd>\n<\/dl>\n<dl>\n<dd class=\"spec-name\">Caracteristici:<\/dd>\n<dd class=\"sepc-val\">Indicator de \u00eenc\u0103rcare<i>,<\/i> Lumin\u0103 \u0219i convenabil\u0103<i>,<\/i> Multifunc\u021bional<i>,<\/i> \u00cenc\u0103rcare rapid\u0103<i>,<\/i> Zgomot Redus<\/dd>\n<\/dl>\n<dl>\n<dd class=\"spec-name\">Voltaj (V):<\/dd>\n<dd class=\"sepc-val\">220<\/dd>\n<\/dl>\n<dl>\n<dd class=\"spec-name\">Durat\u0103 Func\u0163ionare (H):<\/dd>\n<dd class=\"sepc-val\">3-6<\/dd>\n<\/dl>\n<dl>\n<dd class=\"spec-name\">Compatibilitate:<\/dd>\n<dd class=\"sepc-val\">B\u0103rba\u021bi<\/dd>\n<\/dl>\n<dl>\n<dd class=\"spec-name\">Condi\u021bii Utilizare:<\/dd>\n<dd class=\"sepc-val\">Umed &amp; Uscat<\/dd>\n<\/dl>\n<dl>\n<dd class=\"spec-name\">Tip de P\u0103r:<\/dd>\n<dd class=\"sepc-val\">Uleios<i>,<\/i> Normal<i>,<\/i> Uscat<i>,<\/i> Tratat Chimic<\/dd>\n<\/dl>\n<dl>\n<dd class=\"spec-name\">Setare vitez\u0103:<\/dd>\n<dd class=\"sepc-val\">1<\/dd>\n<\/dl>\n<dl>\n<dd class=\"spec-name\">Dac\u0103 pliere sau nu:<\/dd>\n<dd class=\"sepc-val\">Nu<\/dd>\n<\/dl>\n<dl>\n<dd class=\"spec-name\">Schem\u0103 de Sunet (dB):<\/dd>\n<dd class=\"sepc-val\">&lt;60<\/dd>\n<\/dl>\n<dl>\n<dd class=\"spec-name\">Material:<\/dd>\n<dd class=\"sepc-val\">MetalPistol<\/dd>\n<\/dl>\n<dl>\n<dd class=\"spec-name\">Ce e \u00een cutie:<\/dd>\n<dd class=\"sepc-val\">1 Manual de Operare<i>,<\/i> Corp<i>,<\/i> Cablu \u00cenc\u0103rc\u0103tor<i>,<\/i> Pensul\u0103<i>,<\/i> USB Battery Charger<\/dd>\n<dd>4 piepteni de ghidat<\/dd>\n<\/dl>\n<\/div>\n<\/div>\n<\/div>\n<\/div>\n<div class=\"widget description-item prod-desc-g des-key des-key-16\" data-sort=\"16\"><\/div>\n","protected":false},"excerpt":{"rendered":"<p>Puncte Importante proiectare tundere cu lam\u0103 t: lama \u00een T, din o\u021bel carbon, pentru t\u0103iere, proiectare \u0219i b\u0103rbierit uscat. aceast\u0103 ma\u0219in\u0103 de tuns f\u0103r\u0103 fir , are un design ergonomic pentru manevrare u\u0219oar\u0103 \u0219i control optim care v\u0103 ajut\u0103 s\u0103 evita\u021bi oboseala m\u00e2inilor, \u00eencheieturii m\u00e2inii \u0219i a bra\u021bului \u00een timpul unei zile pline. putere puternic\u0103&amp; [&hellip;]<\/p>\n","protected":false},"featured_media":8652,"comment_status":"open","ping_status":"closed","template":"","meta":[],"pwb-brand":[],"product_brand":[],"product_cat":[202,201,208],"product_tag":[],"class_list":{"0":"post-8575","1":"product","2":"type-product","3":"status-publish","4":"has-post-thumbnail","6":"product_cat-electronic-promotions-sale-products","7":"product_cat-home-accessories-top-products","8":"product_cat-household-use-cheap-products","10":"first","11":"outofstock","12":"shipping-taxable","13":"purchasable","14":"product-type-simple"},"jetpack_sharing_enabled":true,"brands":[],"_links":{"self":[{"href":"https:\/\/jrh.eu\/hu\/wp-json\/wp\/v2\/product\/8575","targetHints":{"allow":["GET"]}}],"collection":[{"href":"https:\/\/jrh.eu\/hu\/wp-json\/wp\/v2\/product"}],"about":[{"href":"https:\/\/jrh.eu\/hu\/wp-json\/wp\/v2\/types\/product"}],"replies":[{"embeddable":true,"href":"https:\/\/jrh.eu\/hu\/wp-json\/wp\/v2\/comments?post=8575"}],"wp:featuredmedia":[{"embeddable":true,"href":"https:\/\/jrh.eu\/hu\/wp-json\/wp\/v2\/media\/8652"}],"wp:attachment":[{"href":"https:\/\/jrh.eu\/hu\/wp-json\/wp\/v2\/media?parent=8575"}],"wp:term":[{"taxonomy":"pwb-brand","embeddable":true,"href":"https:\/\/jrh.eu\/hu\/wp-json\/wp\/v2\/pwb-brand?post=8575"},{"taxonomy":"product_brand","embeddable":true,"href":"https:\/\/jrh.eu\/hu\/wp-json\/wp\/v2\/product_brand?post=8575"},{"taxonomy":"product_cat","embeddable":true,"href":"https:\/\/jrh.eu\/hu\/wp-json\/wp\/v2\/product_cat?post=8575"},{"taxonomy":"product_tag","embeddable":true,"href":"https:\/\/jrh.eu\/hu\/wp-json\/wp\/v2\/product_tag?post=8575"}],"curies":[{"name":"wp","href":"https:\/\/api.w.org\/{rel}","templated":true}]}}