{"id":16645,"date":"2025-07-15T20:22:17","date_gmt":"2025-07-15T20:22:17","guid":{"rendered":"https:\/\/jrh.eu\/product\/little-bird-babakocsi-lengescsillapitokkal-vorosbor-szinu-piros-2-az-1-ben-kabrio-landou-sport\/"},"modified":"2025-07-15T20:22:17","modified_gmt":"2025-07-15T20:22:17","slug":"little-bird-babakocsi-lengescsillapitokkal-vorosbor-szinu-piros-2-az-1-ben-kabrio-landou-sport","status":"publish","type":"product","link":"https:\/\/jrh.eu\/hu\/termek\/little-bird-babakocsi-lengescsillapitokkal-vorosbor-szinu-piros-2-az-1-ben-kabrio-landou-sport\/","title":{"rendered":"Little Bird babakocsi, leng\u00e9scsillap\u00edt\u00f3kkal, v\u00f6r\u00f6sbor sz\u00edn\u0171 (piros) 2 az 1-ben kabri\u00f3 landou-sport"},"content":{"rendered":"<p>A babakocsi alum\u00ednium v\u00e1zzal rendelkezik, ami megk\u00f6nny\u00edti a man\u0151verez\u00e9st, mik\u00f6zben nagyon strapab\u00edr\u00f3 is.<\/p>\n<p>A m\u00f3zeskos\u00e1r sport\u00fcl\u00e9ss\u00e9 \u00e9s sport\u00fcl\u00e9ss\u00e9 alak\u00edthat\u00f3, a gyermek ig\u00e9nyeit\u0151l \u00e9s \u00e9letkor\u00e1t\u00f3l f\u00fcgg\u0151en, a gyermekorvosok aj\u00e1nl\u00e1sa szerint.<\/p>\n<p>A korm\u00e1ny magass\u00e1ga \u00e1ll\u00edthat\u00f3, a kerekek el\u00f6l \u00e9s h\u00e1tul is t\u00f6m\u00f6r gumib\u00f3l k\u00e9sz\u00fcltek, \u00edgy nincs defekt vagy defekt kock\u00e1zata.<\/p>\n<p>Kieg\u00e9sz\u00edt\u0151k:<\/p>\n<ul>\n<li>dupla matrac<\/li>\n<li>palack\/poh\u00e1rtart\u00f3<\/li>\n<li>l\u00e1bv\u00e9d\u0151<\/li>\n<li>5 pontos biztons\u00e1gi \u00f6v<\/li>\n<li>leng\u00e9scsillap\u00edt\u00f3k \/ felf\u00fcggeszt\u00e9s az els\u0151 kerekeken, amelyek egyben forg\u00f3 kerekek is<\/li>\n<li>kieg\u00e9sz\u00edt\u0151 felf\u00fcggeszt\u00e9s a v\u00e1zon, k\u00f6z\u00e9pen, amely a h\u00e1ts\u00f3 kerekeket is megt\u00e1masztja<\/li>\n<li>k\u00f6zponti f\u00e9k a h\u00e1ts\u00f3 kerekeken<\/li>\n<li>t\u00e1rol\u00f3kos\u00e1r \u2013 maxim\u00e1lis teherb\u00edr\u00e1s 3 kg<\/li>\n<li>egynem\u0171<\/li>\n<li>A babakocsit a tol\u00f3 feln\u0151tt fel\u00e9 vagy att\u00f3l h\u00e1tr\u00e9bb is lehet helyezni.<\/li>\n<\/ul>\n<p>Aj\u00e1nlott \u00e9letkor: sz\u00fclet\u00e9st\u0151l 36 h\u00f3napos korig.<\/p>\n<p><b>Jellemz\u0151k:<\/b><\/p>\n<ul>\n<li>\u00dajsz\u00fcl\u00f6ttek sz\u00e1m\u00e1ra alkalmas, 0 h\u00f3napos kort\u00f3l maximum 15 kg-os s\u00falyig<\/li>\n<li>\u00c1talak\u00edthat\u00f3 \u00fcl\u00e9s, amely m\u00f3zeskos\u00e1rr\u00e1 alak\u00edthat\u00f3<\/li>\n<li>Megford\u00edthat\u00f3 \u00fcl\u00e9s, a sz\u00fcl\u0151vel szemben vagy a menetir\u00e1nynak megfelel\u0151en is felszerelhet\u0151 a v\u00e1zra<\/li>\n<li>Nagy, \u00f6sszecsukhat\u00f3 tet\u0151ablak \u00e9s tov\u00e1bbi szekci\u00f3k<\/li>\n<li>5 pontos biztons\u00e1gi \u00f6vrendszer<\/li>\n<li>3 poz\u00edci\u00f3ban \u00e1ll\u00edthat\u00f3 h\u00e1tt\u00e1mla<\/li>\n<li>K\u00e9nyelmes, \u00e1ll\u00edthat\u00f3 magass\u00e1g\u00fa tol\u00f3kar<\/li>\n<li>Puha p\u00e1rna<\/li>\n<li>Kos\u00e1r<\/li>\n<li>Kivehet\u0151 biztons\u00e1gi r\u00fad<\/li>\n<li>Integr\u00e1lt poh\u00e1rtart\u00f3<\/li>\n<li>Gyorskiold\u00f3 rendszer az els\u0151 \u00e9s h\u00e1ts\u00f3 kerekekhez<\/li>\n<li>Felf\u00fcggeszt\u00e9ssel felszerelt kerekek<\/li>\n<li>Forgathat\u00f3 \u00e9s r\u00f6gz\u00edthet\u0151 els\u0151 kerekek<\/li>\n<li>Biztons\u00e1gi csukl\u00f3p\u00e1nt a foganty\u00fan<\/li>\n<li>Kompatibilis a Havana aut\u00f3s\u00fcl\u00e9ssel, k\u00fcl\u00f6n kaphat\u00f3<\/li>\n<li>Az EN 1888-1 eur\u00f3pai szabv\u00e1nynak megfelel\u0151en gy\u00e1rtva, 100%-ban biztons\u00e1gos anyagok felhaszn\u00e1l\u00e1s\u00e1val<\/li>\n<\/ul>\n<p>Babakocsi m\u00e9retei nyitott \u00e1llapotban (HxSzxM): 80 x 60 x 107 cm.<br \/>\n<strong>\u00d6sszecsukott babakocsi m\u00e9retei (HxSzxM)<\/strong>: 82 x 52 x 22 cm.<br \/>\n<strong>\u00dcl\u0151fel\u00fclet m\u00e9retei (HxSz)<\/strong>: 78 x 39 cm.<br \/>\nV\u00e1z s\u00falya kerekekkel: 6,4 kg.<br \/>\n<strong>V\u00e1z s\u00falya kerekek n\u00e9lk\u00fcl<\/strong>: 4,4 kg.<br \/>\n<strong>Sport\u00fcl\u00e9s s\u00falya<\/strong>: 3,55 kg.<\/p>\n<p>&nbsp;<\/p>\n","protected":false},"excerpt":{"rendered":"<div class=\"cmsmasters_product_content\">\n<div class=\"woocommerce-product-details__short-description\">\n<p><em><strong>kismad\u00e1r Piros <\/strong><\/em><\/p>\n<\/div>\n<\/div>\n","protected":false},"featured_media":8598,"comment_status":"open","ping_status":"closed","template":"","meta":[],"pwb-brand":[],"product_brand":[],"product_cat":[479,468],"product_tag":[],"class_list":{"0":"post-16645","1":"product","2":"type-product","3":"status-publish","4":"has-post-thumbnail","6":"product_cat-babakocsik","7":"product_cat-gyermek-es-csecsemoaruk","9":"first","10":"instock","11":"shipping-taxable","12":"purchasable","13":"product-type-simple"},"jetpack_sharing_enabled":true,"brands":[],"_links":{"self":[{"href":"https:\/\/jrh.eu\/hu\/wp-json\/wp\/v2\/product\/16645","targetHints":{"allow":["GET"]}}],"collection":[{"href":"https:\/\/jrh.eu\/hu\/wp-json\/wp\/v2\/product"}],"about":[{"href":"https:\/\/jrh.eu\/hu\/wp-json\/wp\/v2\/types\/product"}],"replies":[{"embeddable":true,"href":"https:\/\/jrh.eu\/hu\/wp-json\/wp\/v2\/comments?post=16645"}],"wp:featuredmedia":[{"embeddable":true,"href":"https:\/\/jrh.eu\/hu\/wp-json\/wp\/v2\/media\/8598"}],"wp:attachment":[{"href":"https:\/\/jrh.eu\/hu\/wp-json\/wp\/v2\/media?parent=16645"}],"wp:term":[{"taxonomy":"pwb-brand","embeddable":true,"href":"https:\/\/jrh.eu\/hu\/wp-json\/wp\/v2\/pwb-brand?post=16645"},{"taxonomy":"product_brand","embeddable":true,"href":"https:\/\/jrh.eu\/hu\/wp-json\/wp\/v2\/product_brand?post=16645"},{"taxonomy":"product_cat","embeddable":true,"href":"https:\/\/jrh.eu\/hu\/wp-json\/wp\/v2\/product_cat?post=16645"},{"taxonomy":"product_tag","embeddable":true,"href":"https:\/\/jrh.eu\/hu\/wp-json\/wp\/v2\/product_tag?post=16645"}],"curies":[{"name":"wp","href":"https:\/\/api.w.org\/{rel}","templated":true}]}}