{"id":15951,"date":"2025-07-20T12:11:49","date_gmt":"2025-07-20T12:11:49","guid":{"rendered":"https:\/\/jrh.eu\/product\/3-az-1-ben-multifunkcios-hangszoro-led-ebresztoora-vezetek-nelkuli-telefontoltovel-bluetooth-szal-rgb-hangulatvilagitassal-mini-g63\/"},"modified":"2025-07-20T12:11:49","modified_gmt":"2025-07-20T12:11:49","slug":"3-az-1-ben-multifunkcios-hangszoro-led-ebresztoora-vezetek-nelkuli-telefontoltovel-bluetooth-szal-rgb-hangulatvilagitassal-mini-g63","status":"publish","type":"product","link":"https:\/\/jrh.eu\/hu\/termek\/3-az-1-ben-multifunkcios-hangszoro-led-ebresztoora-vezetek-nelkuli-telefontoltovel-bluetooth-szal-rgb-hangulatvilagitassal-mini-g63\/","title":{"rendered":"3 az 1-ben multifunkci\u00f3s hangsz\u00f3r\u00f3 &#8211; LED \u00e9breszt\u0151\u00f3ra vezet\u00e9k n\u00e9lk\u00fcli telefont\u00f6lt\u0151vel, Bluetooth-szal, RGB hangulatvil\u00e1g\u00edt\u00e1ssal, Mini G63"},"content":{"rendered":"<h2 class=\"page-section-title\">Le\u00edr\u00e1s<\/h2>\n<div id=\"collapse-wrapper-description\">\n<div class=\"product-page-description description-banner-right\">\n<div class=\"product-page-description-text\">\n<div id=\"description-body\" class=\"collapse-offset in\">\n<p><strong>\u00c9bredj sz\u00ednesen 3 az 1-ben hangsz\u00f3r\u00f3nkkal!<\/strong><\/p>\n<p>V\u00e1lts minden reggelt f\u00e9ny- \u00e9s hangfesztiv\u00e1ll\u00e1! Ez a multifunkcion\u00e1lis k\u00fcty\u00fc nem csup\u00e1n egy \u00e9breszt\u0151\u00f3ra, hanem egy szem\u00e9lyes sz\u00f3rakoztat\u00f3 k\u00f6zpont is, amely a praktikumot az \u00e9lvezettel \u00f6tv\u00f6zi, hogy fokozza mind a reggeli, mind az esti rutinodat. <\/p>\n<p><strong>Kiemelked\u0151 tulajdons\u00e1gok:<\/strong><\/p>\n<ul>\n<li>Kiv\u00e1l\u00f3 min\u0151s\u00e9g\u0171 Bluetooth hangsz\u00f3r\u00f3 a kiv\u00e9teles hang\u00e9lm\u00e9ny\u00e9rt.<\/li>\n<li><strong>Napfelkelt\u00e9t szimul\u00e1l\u00f3 \u00e9breszt\u0151\u00f3ra<\/strong>, amely term\u00e9szetesen \u00e9breszt fel.<\/li>\n<li><strong>Be\u00e9p\u00edtett vezet\u00e9k n\u00e9lk\u00fcli t\u00f6lt\u0151<\/strong> mobiltelefonja \u00e9s kompatibilis k\u00e9sz\u00fcl\u00e9kei sz\u00e1m\u00e1ra.<\/li>\n<li><strong>RGB hangulatvil\u00e1g\u00edt\u00e1s<\/strong>, amely a hangulathoz vagy tev\u00e9kenys\u00e9ghez igaz\u00edthat\u00f3.<\/li>\n<\/ul>\n<p><img decoding=\"async\" class=\" lazy\" src=\"https:\/\/marketplace-static.emag.ro\/resources\/000\/048\/839\/950\/48839950.jpg\" alt=\"\" width=\"\" height=\"\" align=\"\"><\/p>\n<p><strong>T\u00f6bb el\u0151ny egyetlen eszk\u00f6zben:<\/strong><\/p>\n<ul>\n<li>Hallgasd kedvenc zen\u00e9idet, podcastjaidat vagy hangosk\u00f6nyveidet, mik\u00f6zben t\u00f6lt\u00f6d a k\u00e9sz\u00fcl\u00e9kedet.<\/li>\n<li>Sz\u00ednes f\u00e9nyek \u00e9s \u00e9breszt\u0151 funkci\u00f3k a kellemes \u00e9breszt\u00e9shez vagy a pihentet\u0151 l\u00e9gk\u00f6r megteremt\u00e9s\u00e9hez.<\/li>\n<li>Intelligens, kompakt kialak\u00edt\u00e1s, amely t\u00f6k\u00e9letesen illeszkedik b\u00e1rmilyen helyre.<\/li>\n<\/ul>\n<p><img decoding=\"async\" class=\" lazy\" src=\"https:\/\/marketplace-static.emag.ro\/resources\/000\/048\/839\/951\/48839951.jpg\" alt=\"\" width=\"\" height=\"\" align=\"\"><\/p>\n<p><strong>Fokozza a mindennapi \u00e9lm\u00e9nyt:<\/strong><\/p>\n<ul>\n<li>Ide\u00e1lis \u00e9breszt\u00e9shez, medit\u00e1ci\u00f3hoz, testmozg\u00e1shoz, vagy ak\u00e1r a gyerekek elalv\u00e1s\u00e1hoz is.<\/li>\n<li>K\u00f6nnyen haszn\u00e1lhat\u00f3 funkci\u00f3k, \u00e9rint\u0151gombokkal \u00e9s \u00e1ttekinthet\u0151 k\u00e9perny\u0151vel az id\u0151 \u00e9s az \u00e9breszt\u0151 kijelz\u00e9s\u00e9hez.<\/li>\n<\/ul>\n<p><strong>Gyors \u00e9s biztons\u00e1gos t\u00f6lt\u00e9si technol\u00f3gia:<\/strong><\/p>\n<ul>\n<li>Nincs t\u00f6bb k\u00e1bel; mostant\u00f3l minden egy helyen megtal\u00e1lhat\u00f3, amire sz\u00fcks\u00e9ged van.<\/li>\n<\/ul>\n<p><img decoding=\"async\" class=\" lazy\" src=\"https:\/\/marketplace-static.emag.ro\/resources\/000\/048\/839\/955\/48839955.jpg\" alt=\"\" width=\"\" height=\"\" align=\"\"><\/p>\n<p><strong>Ne hagyd ki a lehet\u0151s\u00e9get, hogy minden nap \u00e1talakulj!<\/strong> Tedd a kosaradba ezt az egyedi 3 az 1-ben hangsz\u00f3r\u00f3t, \u00e9s kezdd minden napodat energikusan \u00e9s st\u00edlusosan!<\/p>\n<div id=\"specifications-body\" class=\"collapse-offset in\">\n<p class=\"pad-top-sm text-uppercase strong\">\u00c1LTAL\u00c1NOS JELLEMZ\u0150K<\/p>\n<table class=\"table table-striped specifications-table\">\n<tbody>\n<tr>\n<td class=\"col-xs-4 text-muted\">Bluetooth verzi\u00f3<\/td>\n<td class=\"col-xs-8\">5.1<\/td>\n<\/tr>\n<\/tbody>\n<\/table>\n<p class=\"pad-top-sm text-uppercase strong\">\u00c1LTAL\u00c1NOS JELLEMZ\u0150K<\/p>\n<table class=\"table table-striped specifications-table\">\n<tbody>\n<tr>\n<td class=\"col-xs-4 text-muted\">Hangsz\u00f3r\u00f3 t\u00edpusa<\/td>\n<td class=\"col-xs-8\">Hordozhat\u00f3<\/td>\n<\/tr>\n<tr>\n<td class=\"col-xs-4 text-muted\">Anyag<\/td>\n<td class=\"col-xs-8\">ABS<\/td>\n<\/tr>\n<tr>\n<td class=\"col-xs-4 text-muted\">Sz\u00ednes<\/td>\n<td class=\"col-xs-8\">Feh\u00e9r<\/td>\n<\/tr>\n<tr>\n<td class=\"col-xs-4 text-muted\">F\u0151bb jellemz\u0151k<\/td>\n<td class=\"col-xs-8\">Por\u00e1ll\u00f3s\u00e1g<\/td>\n<\/tr>\n<\/tbody>\n<\/table>\n<p class=\"pad-top-sm text-uppercase strong\">M\u0170SZAKI JELLEMZ\u0150K<\/p>\n<table class=\"table table-striped specifications-table\">\n<tbody>\n<tr>\n<td class=\"col-xs-4 text-muted\">Funkci\u00f3k<\/td>\n<td class=\"col-xs-8\">\u00d3rakijelz\u0151 USB t\u00f6lt\u00e9s LED f\u00e9nyek Riaszt\u00e1s Vezet\u00e9k n\u00e9lk\u00fcli t\u00f6lt\u00e9s<\/td>\n<\/tr>\n<tr>\n<td class=\"col-xs-4 text-muted\">Csatlakoz\u00e1s<\/td>\n<td class=\"col-xs-8\">Bluetooth USB USB-C<\/td>\n<\/tr>\n<tr>\n<td class=\"col-xs-4 text-muted\">Teljes\u00edtm\u00e9nyt\u00edpus<\/td>\n<td class=\"col-xs-8\">Akkumul\u00e1tor<\/td>\n<\/tr>\n<tr>\n<td class=\"col-xs-4 text-muted\">Az akkumul\u00e1tor \u00e9lettartama<\/td>\n<td class=\"col-xs-8\">6 h<\/td>\n<\/tr>\n<tr>\n<td class=\"col-xs-4 text-muted\">Akkumul\u00e1tor t\u00edpusa<\/td>\n<td class=\"col-xs-8\">Li-Ion<\/td>\n<\/tr>\n<tr>\n<td class=\"col-xs-4 text-muted\">Supply voltage<\/td>\n<td class=\"col-xs-8\">5 V<\/td>\n<\/tr>\n<tr>\n<td class=\"col-xs-4 text-muted\">Maxim\u00e1lis m\u0171k\u00f6d\u00e9si t\u00e1vols\u00e1g<\/td>\n<td class=\"col-xs-8\">15 m<\/td>\n<\/tr>\n<\/tbody>\n<\/table>\n<p class=\"pad-top-sm text-uppercase strong\">AUDIO JELLEMZ\u0150K<\/p>\n<table class=\"table table-striped specifications-table\">\n<tbody>\n<tr>\n<td class=\"col-xs-4 text-muted\">A felsz\u00f3lal\u00f3k sz\u00e1ma<\/td>\n<td class=\"col-xs-8\">1<\/td>\n<\/tr>\n<tr>\n<td class=\"col-xs-4 text-muted\">Teljes\u00edtm\u00e9ny<\/td>\n<td class=\"col-xs-8\">5 W<\/td>\n<\/tr>\n<\/tbody>\n<\/table>\n<p class=\"pad-top-sm text-uppercase strong\">ACCESSORIES<\/p>\n<table class=\"table table-striped specifications-table\">\n<tbody>\n<tr>\n<td class=\"col-xs-4 text-muted\">A csomag tartalma<\/td>\n<td class=\"col-xs-8\">1 haszn\u00e1lati \u00fatmutat\u00f3 1 t\u00f6lt\u0151k\u00e1bel 1 hordozhat\u00f3 hangsz\u00f3r\u00f3<\/td>\n<\/tr>\n<\/tbody>\n<\/table>\n<\/div>\n<div class=\"disclaimer-section mrg-sep-sm\">\n<\/div>\n<\/div>\n<\/div>\n<\/div>\n<\/div>\n","protected":false},"excerpt":{"rendered":"<p>Le\u00edr\u00e1s \u00c9bredj sz\u00ednesen 3 az 1-ben hangsz\u00f3r\u00f3nkkal! V\u00e1lts minden reggelt f\u00e9ny- \u00e9s hangfesztiv\u00e1ll\u00e1! Ez a multifunkcion\u00e1lis k\u00fcty\u00fc nem csup\u00e1n egy \u00e9breszt\u0151\u00f3ra, hanem egy szem\u00e9lyes sz\u00f3rakoztat\u00f3 k\u00f6zpont is, amely a praktikumot az \u00e9lvezettel \u00f6tv\u00f6zi, hogy fokozza mind a reggeli, mind az esti rutinodat. Kiemelked\u0151 tulajdons\u00e1gok: Kiv\u00e1l\u00f3 min\u0151s\u00e9g\u0171 Bluetooth hangsz\u00f3r\u00f3 a kiv\u00e9teles hang\u00e9lm\u00e9ny\u00e9rt. Napfelkelt\u00e9t szimul\u00e1l\u00f3 \u00e9breszt\u0151\u00f3ra, amely [&hellip;]<\/p>\n","protected":false},"featured_media":15948,"comment_status":"open","ping_status":"closed","template":"","meta":[],"pwb-brand":[],"product_brand":[],"product_cat":[499,503],"product_tag":[],"class_list":{"0":"post-15951","1":"product","2":"type-product","3":"status-publish","4":"has-post-thumbnail","6":"product_cat-hangszorok","7":"product_cat-hordozhato-hangszorok","9":"first","10":"instock","11":"shipping-taxable","12":"purchasable","13":"product-type-simple"},"jetpack_sharing_enabled":true,"brands":[],"_links":{"self":[{"href":"https:\/\/jrh.eu\/hu\/wp-json\/wp\/v2\/product\/15951","targetHints":{"allow":["GET"]}}],"collection":[{"href":"https:\/\/jrh.eu\/hu\/wp-json\/wp\/v2\/product"}],"about":[{"href":"https:\/\/jrh.eu\/hu\/wp-json\/wp\/v2\/types\/product"}],"replies":[{"embeddable":true,"href":"https:\/\/jrh.eu\/hu\/wp-json\/wp\/v2\/comments?post=15951"}],"wp:featuredmedia":[{"embeddable":true,"href":"https:\/\/jrh.eu\/hu\/wp-json\/wp\/v2\/media\/15948"}],"wp:attachment":[{"href":"https:\/\/jrh.eu\/hu\/wp-json\/wp\/v2\/media?parent=15951"}],"wp:term":[{"taxonomy":"pwb-brand","embeddable":true,"href":"https:\/\/jrh.eu\/hu\/wp-json\/wp\/v2\/pwb-brand?post=15951"},{"taxonomy":"product_brand","embeddable":true,"href":"https:\/\/jrh.eu\/hu\/wp-json\/wp\/v2\/product_brand?post=15951"},{"taxonomy":"product_cat","embeddable":true,"href":"https:\/\/jrh.eu\/hu\/wp-json\/wp\/v2\/product_cat?post=15951"},{"taxonomy":"product_tag","embeddable":true,"href":"https:\/\/jrh.eu\/hu\/wp-json\/wp\/v2\/product_tag?post=15951"}],"curies":[{"name":"wp","href":"https:\/\/api.w.org\/{rel}","templated":true}]}}