{"id":15918,"date":"2025-07-20T12:09:11","date_gmt":"2025-07-20T12:09:11","guid":{"rendered":"https:\/\/jrh.eu\/product\/10x3d-ontapados-tapeta-szett-feher-tegla-mintas-vizallo-70cm-x-77cm-2\/"},"modified":"2025-07-20T12:09:11","modified_gmt":"2025-07-20T12:09:11","slug":"10x3d-ontapados-tapeta-szett-feher-tegla-mintas-vizallo-70cm-x-77cm-2","status":"publish","type":"product","link":"https:\/\/jrh.eu\/hu\/termek\/10x3d-ontapados-tapeta-szett-feher-tegla-mintas-vizallo-70cm-x-77cm-2\/","title":{"rendered":"10x3D \u00f6ntapad\u00f3s tap\u00e9ta szett, feh\u00e9r, t\u00e9gla mint\u00e1s, v\u00edz\u00e1ll\u00f3, 70cm x 77cm."},"content":{"rendered":"<p><strong>3D feh\u00e9r \u00f6ntapad\u00f3s tap\u00e9ta, t\u00e9gla mint\u00e1zat\u00fa, v\u00edz\u00e1ll\u00f3, 70 cm x 77 cm, JRH\u00ae<\/strong><\/p>\n<p><strong>A 3D \u00f6ntapad\u00f3s tap\u00e9ta<\/strong> egy \u00faj \u00e9s rendk\u00edv\u00fcl divatos m\u00f3dja a falak d\u00edsz\u00edt\u00e9s\u00e9nek. Habanyagb\u00f3l k\u00e9sz\u00fclt alapanyagb\u00f3l. Term\u00e9szetes t\u00e9glahat\u00e1s\u00fa falra szerelhet\u0151. Egy lap m\u00e9rete 77 \u00d7 70 cm, s\u00falya k\u00f6r\u00fclbel\u00fcl 190 g.   <\/p>\n<p><img decoding=\"async\" class=\" lazy\" src=\"https:\/\/lh3.googleusercontent.com\/jc0_f4IDXnnGt7pE6uIKNnvVH1D0b6tBf7TzreTrGh2yuP2z0o3M0lJXFs3U8mpnTiLtqoVRgLmqj5nubHKBXZCiUA=s300\" alt=\"\" width=\"\" height=\"\" align=\"\" data-src=\"https:\/\/lh3.googleusercontent.com\/jc0_f4IDXnnGt7pE6uIKNnvVH1D0b6tBf7TzreTrGh2yuP2z0o3M0lJXFs3U8mpnTiLtqoVRgLmqj5nubHKBXZCiUA=s300\" data-loaded=\"true\"><\/p>\n<p><img decoding=\"async\" class=\" lazy\" src=\"https:\/\/azoro.ro\/images\/detailed\/5\/60F68264-3AA7-493E-9378-951B68F73891.jpeg\" alt=\"\" width=\"\" height=\"\" align=\"\" data-src=\"https:\/\/azoro.ro\/images\/detailed\/5\/60F68264-3AA7-493E-9378-951B68F73891.jpeg\" data-loaded=\"true\"><\/p>\n<p>A term\u00e9k jellemz\u0151i:<\/p>\n<p>* Az \u00f6ntapad\u00f3s tap\u00e9t\u00e1k puha 3D habb\u00f3l k\u00e9sz\u00fcltek, amely megakad\u00e1lyozza a gyermekek s\u00e9r\u00fcl\u00e9s\u00e9t, \u00e9s nedves szivaccsal tiszt\u00edthat\u00f3k.<\/p>\n<p>* Biztons\u00e1gos \u00e9s k\u00f6rnyezetbar\u00e1t, nem m\u00e9rgez\u0151 \u00e9s szagtalan, b\u00e1rmilyen helyis\u00e9gbe alkalmas.<\/p>\n<p>* Realisztikus 3D-s hat\u00e1s term\u00e9szetes t\u00e9gl\u00e1kb\u00f3l, modern \u00e9s kort\u00e1rs st\u00edlusban.<\/p>\n<p>* K\u00fcl\u00f6nb\u00f6z\u0151 elhelyez\u00e9si m\u00f3dok az elemek v\u00e9letlenszer\u0171 elrendez\u00e9s\u00e9vel \u00e9s a szoba d\u00edsz\u00edt\u00e9s\u00e9nek k\u00fcl\u00f6nf\u00e9le m\u00f3djaival.<\/p>\n<p>* A 3D-s tap\u00e9t\u00e1k k\u00f6nnyen felhelyezhet\u0151k. V\u00e1ghat\u00f3k tetsz\u00e9s szerint (oll\u00f3val vagy k\u00e9zm\u0171ves k\u00e9ssel). <\/p>\n<p><strong>a csomag tartalma:<\/strong><\/p>\n<p><strong>10x feh\u00e9r tap\u00e9ta<\/strong><\/p>\n","protected":false},"excerpt":{"rendered":"<p>10 darabos feh\u00e9r tap\u00e9tak\u00e9szlet<\/p>\n","protected":false},"featured_media":15888,"comment_status":"open","ping_status":"closed","template":"","meta":[],"pwb-brand":[],"product_brand":[],"product_cat":[619,524,528],"product_tag":[],"class_list":{"0":"post-15918","1":"product","2":"type-product","3":"status-publish","4":"has-post-thumbnail","6":"product_cat-elektronikus-promociok","7":"product_cat-lakberendezesi-targyak","8":"product_cat-ontapado-tapeta","10":"first","11":"instock","12":"shipping-taxable","13":"purchasable","14":"product-type-simple"},"jetpack_sharing_enabled":true,"brands":[],"_links":{"self":[{"href":"https:\/\/jrh.eu\/hu\/wp-json\/wp\/v2\/product\/15918","targetHints":{"allow":["GET"]}}],"collection":[{"href":"https:\/\/jrh.eu\/hu\/wp-json\/wp\/v2\/product"}],"about":[{"href":"https:\/\/jrh.eu\/hu\/wp-json\/wp\/v2\/types\/product"}],"replies":[{"embeddable":true,"href":"https:\/\/jrh.eu\/hu\/wp-json\/wp\/v2\/comments?post=15918"}],"wp:featuredmedia":[{"embeddable":true,"href":"https:\/\/jrh.eu\/hu\/wp-json\/wp\/v2\/media\/15888"}],"wp:attachment":[{"href":"https:\/\/jrh.eu\/hu\/wp-json\/wp\/v2\/media?parent=15918"}],"wp:term":[{"taxonomy":"pwb-brand","embeddable":true,"href":"https:\/\/jrh.eu\/hu\/wp-json\/wp\/v2\/pwb-brand?post=15918"},{"taxonomy":"product_brand","embeddable":true,"href":"https:\/\/jrh.eu\/hu\/wp-json\/wp\/v2\/product_brand?post=15918"},{"taxonomy":"product_cat","embeddable":true,"href":"https:\/\/jrh.eu\/hu\/wp-json\/wp\/v2\/product_cat?post=15918"},{"taxonomy":"product_tag","embeddable":true,"href":"https:\/\/jrh.eu\/hu\/wp-json\/wp\/v2\/product_tag?post=15918"}],"curies":[{"name":"wp","href":"https:\/\/api.w.org\/{rel}","templated":true}]}}