{"id":15886,"date":"2025-07-15T20:37:04","date_gmt":"2025-07-15T20:37:04","guid":{"rendered":"https:\/\/jrh.eu\/product\/2-db-kor-alaku-gyurus-lampa-120-db-smd-led-10-fenyeroszint-vezetekes-taviranyito-allvany-tartozek\/"},"modified":"2025-07-15T20:37:04","modified_gmt":"2025-07-15T20:37:04","slug":"2-db-kor-alaku-gyurus-lampa-120-db-smd-led-10-fenyeroszint-vezetekes-taviranyito-allvany-tartozek","status":"publish","type":"product","link":"https:\/\/jrh.eu\/hu\/termek\/2-db-kor-alaku-gyurus-lampa-120-db-smd-led-10-fenyeroszint-vezetekes-taviranyito-allvany-tartozek\/","title":{"rendered":"2 db k\u00f6r alak\u00fa gy\u0171r\u0171s l\u00e1mpa, 120 db SMD LED, 10 f\u00e9nyer\u0151szint, vezet\u00e9kes t\u00e1vir\u00e1ny\u00edt\u00f3, \u00e1llv\u00e1ny tartoz\u00e9k"},"content":{"rendered":"<h2 class=\"page-section-title\">\n  <strong>Gy\u0171r\u0171f\u00e9ny, 120 db SMD LED, 10 f\u00e9nyer\u0151szint, vezet\u00e9kes t\u00e1vir\u00e1ny\u00edt\u00f3, \u00e1llv\u00e1ny tartoz\u00e9k. Ide\u00e1lis sminkeseknek, sz\u00e9ps\u00e9gszalonoknak, szelfiknek, csoportk\u00e9peknek \u00e9s vide\u00f3knak gyenge f\u00e9nyviszonyok mellett \u2013 t\u00f6k\u00e9letes fot\u00f3soknak, bloggereknek \u00e9s vloggereknek. <\/strong><br \/>\n<\/h2>\n<div class=\"product-page-description description-banner-right\">\n<div class=\"product-page-description-text\">\n<div id=\"description-body\" class=\"collapse-offset in\">\n<p>\n A term\u00e9khez tartozik egy telefontart\u00f3, amely t\u00f6k\u00e9letes a sminkesek, bloggerek, vloggerek \u00e9s b\u00e1rki m\u00e1s sz\u00e1m\u00e1ra, hogy k\u00f6nnyed\u00e9n k\u00e9sz\u00edthessen vide\u00f3kat \u00e9s fot\u00f3kat. Sminkt\u00fckr\u00f6t, telefontart\u00f3t vagy fot\u00f3-\/videokamer\u00e1t is r\u00f6gz\u00edthetsz r\u00e1. Az \u00e1llv\u00e1ny (h\u00e1roml\u00e1b) lehet\u0151v\u00e9 teszi a t\u00f6k\u00e9letes pozicion\u00e1l\u00e1st.\n      <\/p>\n<p>\n Minden sminkesnek kell lennie egy Ring Light gy\u0171r\u0171s l\u00e1mp\u00e1nak a st\u00fadi\u00f3j\u00e1ban. A f\u00e9nye kiemeli a smink sz\u00e9ps\u00e9g\u00e9t, \u00edgy ide\u00e1lis fot\u00f3z\u00e1shoz. \u00c9s itt j\u00f6n a legjobb r\u00e9sz: a Facebookra \u00e9s Instagramra sz\u00e1nt fot\u00f3id t\u00f6k\u00e9letesen fognak kin\u00e9zni!\n      <\/p>\n<p>\n Nincs sz\u00fcks\u00e9g t\u00f6bb\u00e9 sz\u0171r\u0151kre vagy szerkeszt\u00e9sre.\n      <\/p>\n<h3><strong>F\u0151bb jellemz\u0151k:<\/strong><\/h3>\n<ul>\n<li><strong>F\u00e9nyforr\u00e1s:<\/strong> LED<\/li>\n<li><strong>Magass\u00e1g:<\/strong> 210 cm<\/li>\n<li><strong>T\u00edpus<\/strong>: k\u00f6r alak\u00fa l\u00e1mpa<\/li>\n<li><strong>Csatlakoztathat\u00f3s\u00e1g:<\/strong> USB<\/li>\n<li><strong>LED-ek sz\u00e1ma:<\/strong> 120<\/li>\n<li><strong>Telefontart\u00f3 tartoz\u00e9k<\/strong><\/li>\n<li>A <strong>rugalmas kar<\/strong> seg\u00edt be\u00e1ll\u00edtani a keretet a legjobb poz\u00edci\u00f3hoz<\/li>\n<li><strong>K\u00f6nny\u0171 \u00e9s hordozhat\u00f3<\/strong> a speci\u00e1lis SMD LED kialak\u00edt\u00e1snak k\u00f6sz\u00f6nhet\u0151en<\/li>\n<li>T\u00e1vir\u00e1ny\u00edt\u00f3val \u00e1ll\u00edthat\u00f3 f\u00e9nysz\u00edn: feh\u00e9r \/ meleg \/ semleges<\/li>\n<li><strong>Vezet\u00e9kes t\u00e1vir\u00e1ny\u00edt\u00f3<\/strong> a f\u00e9nyer\u0151 be\u00e1ll\u00edt\u00e1s\u00e1hoz (10% &#8211; 100%)<\/li>\n<li><strong>LED \u00e9lettartam:<\/strong> 50,000 \u00f3ra<\/li>\n<li>Sz\u00ednh\u0151m\u00e9rs\u00e9klet: 3200K \u2013 5500K<\/li>\n<li>Bemeneti fesz\u00fclts\u00e9g: 110 \u2013 240V<\/li>\n<li><strong>K\u00fcls\u0151 \u00e1tm\u00e9r\u0151:<\/strong> 25,5 cm<\/li>\n<li><strong>Bels\u0151 \u00e1tm\u00e9r\u0151:<\/strong> 20,5 cm<\/li>\n<li><strong>Sz\u00edn:<\/strong> Feh\u00e9r<\/li>\n<\/ul>\n<p><strong>Megjegyz\u00e9s:<\/strong> A l\u00e1mpa \u00e1llv\u00e1nyt \u00e9s telefontart\u00f3t is tartalmaz.<\/p>\n<\/p><\/div>\n<\/p><\/div>\n<\/div>\n","protected":false},"excerpt":{"rendered":"<p>Gy\u0171r\u0171f\u00e9ny, 120 db SMD LED, 10 f\u00e9nyer\u0151szint, vezet\u00e9kes t\u00e1vir\u00e1ny\u00edt\u00f3, \u00e1llv\u00e1ny tartoz\u00e9k. Ide\u00e1lis sminkeseknek, sz\u00e9ps\u00e9gszalonoknak, szelfiknek, csoportk\u00e9peknek \u00e9s vide\u00f3knak gyenge f\u00e9nyviszonyok mellett \u2013 t\u00f6k\u00e9letes fot\u00f3soknak, bloggereknek \u00e9s vloggereknek. A term\u00e9khez tartozik egy telefontart\u00f3, amely t\u00f6k\u00e9letes a sminkesek, bloggerek, vloggerek \u00e9s b\u00e1rki m\u00e1s sz\u00e1m\u00e1ra, hogy k\u00f6nnyed\u00e9n k\u00e9sz\u00edthessen vide\u00f3kat \u00e9s fot\u00f3kat. Sminkt\u00fckr\u00f6t, telefontart\u00f3t vagy fot\u00f3-\/videokamer\u00e1t is r\u00f6gz\u00edthetsz r\u00e1. [&hellip;]<\/p>\n","protected":false},"featured_media":15885,"comment_status":"open","ping_status":"closed","template":"","meta":[],"pwb-brand":[],"product_brand":[],"product_cat":[463],"product_tag":[],"class_list":{"0":"post-15886","1":"product","2":"type-product","3":"status-publish","4":"has-post-thumbnail","6":"product_cat-telefon-kiegeszitok","8":"first","9":"instock","10":"shipping-taxable","11":"purchasable","12":"product-type-simple"},"jetpack_sharing_enabled":true,"brands":[],"_links":{"self":[{"href":"https:\/\/jrh.eu\/hu\/wp-json\/wp\/v2\/product\/15886","targetHints":{"allow":["GET"]}}],"collection":[{"href":"https:\/\/jrh.eu\/hu\/wp-json\/wp\/v2\/product"}],"about":[{"href":"https:\/\/jrh.eu\/hu\/wp-json\/wp\/v2\/types\/product"}],"replies":[{"embeddable":true,"href":"https:\/\/jrh.eu\/hu\/wp-json\/wp\/v2\/comments?post=15886"}],"wp:featuredmedia":[{"embeddable":true,"href":"https:\/\/jrh.eu\/hu\/wp-json\/wp\/v2\/media\/15885"}],"wp:attachment":[{"href":"https:\/\/jrh.eu\/hu\/wp-json\/wp\/v2\/media?parent=15886"}],"wp:term":[{"taxonomy":"pwb-brand","embeddable":true,"href":"https:\/\/jrh.eu\/hu\/wp-json\/wp\/v2\/pwb-brand?post=15886"},{"taxonomy":"product_brand","embeddable":true,"href":"https:\/\/jrh.eu\/hu\/wp-json\/wp\/v2\/product_brand?post=15886"},{"taxonomy":"product_cat","embeddable":true,"href":"https:\/\/jrh.eu\/hu\/wp-json\/wp\/v2\/product_cat?post=15886"},{"taxonomy":"product_tag","embeddable":true,"href":"https:\/\/jrh.eu\/hu\/wp-json\/wp\/v2\/product_tag?post=15886"}],"curies":[{"name":"wp","href":"https:\/\/api.w.org\/{rel}","templated":true}]}}