{"id":15850,"date":"2025-07-15T20:25:15","date_gmt":"2025-07-15T20:25:15","guid":{"rendered":"https:\/\/jrh.eu\/product\/laptop-allvany-allithato-magassagu-osszecsukhato-aluminiumbol-leveheto-10-156-ezust-jrh\/"},"modified":"2025-07-15T20:25:15","modified_gmt":"2025-07-15T20:25:15","slug":"laptop-allvany-allithato-magassagu-osszecsukhato-aluminiumbol-leveheto-10-156-ezust-jrh","status":"publish","type":"product","link":"https:\/\/jrh.eu\/hu\/termek\/laptop-allvany-allithato-magassagu-osszecsukhato-aluminiumbol-leveheto-10-156-ezust-jrh\/","title":{"rendered":"Laptop \u00e1llv\u00e1ny, \u00e1ll\u00edthat\u00f3 magass\u00e1g\u00fa, \u00f6sszecsukhat\u00f3, alum\u00edniumb\u00f3l, levehet\u0151, 10-15,6&#8243;, ez\u00fcst &#8211; JRH\u00ae"},"content":{"rendered":"<div>\n<div class=\"more-info\">\n<div class=\"tab-content\">\n<section id=\"idTab1\" class=\"page-product-box\">\n<div class=\"description\">\n<p>A JRH laptop\u00e1llv\u00e1ny nagyobb k\u00e9nyelmet \u00e9s jobb h\u0171t\u00e9st biztos\u00edt. A kieg\u00e9sz\u00edt\u0151 k\u00f6nny\u0171 alum\u00ednium szerkezettel rendelkezik, \u00f6sszecsukhat\u00f3 \u00e9s \u00e1ll\u00edthat\u00f3. Lehet\u0151v\u00e9 teszi az eszk\u00f6z k\u00fcl\u00f6nb\u00f6z\u0151 sz\u00f6gekben t\u00f6rt\u00e9n\u0151 emel\u00e9s\u00e9t, ami jobb ergon\u00f3mi\u00e1t \u00e9s eg\u00e9szs\u00e9ges testtart\u00e1st eredm\u00e9nyez laptopon v\u00e9gzett munka k\u00f6zben.  <\/p>\n<p>TERM\u00c9KJELLEMZ\u0150K:<\/p>\n<p>100%-ban eredeti<\/p>\n<p>Eredeti csomagol\u00e1sban csomagolva<\/p>\n<p>Keyboard positioning at different angles<\/p>\n<p>Eleg\u00e1ns minimalista diz\u00e1jn<\/p>\n<p>Teljesen \u00e1ll\u00edthat\u00f3 \u00e9s \u00f6sszecsukhat\u00f3<\/p>\n<p>K\u00f6nny\u0171 alum\u00ednium konstrukci\u00f3<\/p>\n<p>Ak\u00e1r 16 h\u00fcvelykes eszk\u00f6z\u00f6kkel kompatibilis<\/p>\n<p>A SZETT TARTALMA:<br \/>\n1 db Tech-Protect \u00e1llv\u00e1ny.<\/p>\n<p>Fedezze fel most a JRH term\u00e9kek min\u0151s\u00e9g\u00e9t<\/p>\n<table class=\"table-data-sheet\">\n<tbody>\n<tr class=\"even\">\n<td>Anyag<\/td>\n<td>Alum\u00ednium<\/td>\n<\/tr>\n<tr class=\"odd\">\n<td>Color<\/td>\n<td>Silver<\/td>\n<\/tr>\n<tr class=\"even\">\n<td>Manufacturer<\/td>\n<td>Upzz<\/td>\n<\/tr>\n<tr class=\"odd\">\n<td>Kompatibilis m\u00e1rka<\/td>\n<td>Univerz\u00e1lis<\/td>\n<\/tr>\n<tr class=\"even\">\n<td>Term\u00e9kt\u00edpus<\/td>\n<td>\u00c1llv\u00e1ny<\/td>\n<\/tr>\n<tr class=\"odd\">\n<td>Maxim\u00e1lis laptop kompatibilit\u00e1s<\/td>\n<td>15,0 h\u00fcvelyk<\/td>\n<\/tr>\n<tr class=\"even\">\n<td>Minim\u00e1lis laptop kompatibilit\u00e1s<\/td>\n<td>10 h\u00fcvelykes<\/td>\n<\/tr>\n<\/tbody>\n<\/table><\/div>\n<\/section>\n<\/div><\/div>\n<\/p><\/div>\n","protected":false},"excerpt":{"rendered":"<p>A JRH laptop\u00e1llv\u00e1ny nagyobb k\u00e9nyelmet \u00e9s jobb h\u0171t\u00e9st biztos\u00edt. A kieg\u00e9sz\u00edt\u0151 k\u00f6nny\u0171 alum\u00ednium szerkezettel rendelkezik, \u00f6sszecsukhat\u00f3 \u00e9s \u00e1ll\u00edthat\u00f3. Lehet\u0151v\u00e9 teszi az eszk\u00f6z k\u00fcl\u00f6nb\u00f6z\u0151 sz\u00f6gekben t\u00f6rt\u00e9n\u0151 emel\u00e9s\u00e9t, ami jobb ergon\u00f3mi\u00e1t \u00e9s eg\u00e9szs\u00e9ges testtart\u00e1st eredm\u00e9nyez laptopon v\u00e9gzett munka k\u00f6zben. TERM\u00c9KJELLEMZ\u0150K: 100%-ban eredeti Eredeti csomagol\u00e1sban csomagolva Keyboard positioning at different angles Eleg\u00e1ns minimalista diz\u00e1jn Teljesen \u00e1ll\u00edthat\u00f3 \u00e9s \u00f6sszecsukhat\u00f3 [&hellip;]<\/p>\n","protected":false},"featured_media":8939,"comment_status":"open","ping_status":"closed","template":"","meta":[],"pwb-brand":[],"product_brand":[],"product_cat":[587,619,452,463,575],"product_tag":[],"class_list":{"0":"post-15850","1":"product","2":"type-product","3":"status-publish","4":"has-post-thumbnail","6":"product_cat-egyeb","7":"product_cat-elektronikus-promociok","8":"product_cat-lakberendezesi-kiegeszitok","9":"product_cat-telefon-kiegeszitok","10":"product_cat-tv-tamogatas","12":"first","13":"instock","14":"shipping-taxable","15":"purchasable","16":"product-type-simple"},"jetpack_sharing_enabled":true,"brands":[],"_links":{"self":[{"href":"https:\/\/jrh.eu\/hu\/wp-json\/wp\/v2\/product\/15850","targetHints":{"allow":["GET"]}}],"collection":[{"href":"https:\/\/jrh.eu\/hu\/wp-json\/wp\/v2\/product"}],"about":[{"href":"https:\/\/jrh.eu\/hu\/wp-json\/wp\/v2\/types\/product"}],"replies":[{"embeddable":true,"href":"https:\/\/jrh.eu\/hu\/wp-json\/wp\/v2\/comments?post=15850"}],"wp:featuredmedia":[{"embeddable":true,"href":"https:\/\/jrh.eu\/hu\/wp-json\/wp\/v2\/media\/8939"}],"wp:attachment":[{"href":"https:\/\/jrh.eu\/hu\/wp-json\/wp\/v2\/media?parent=15850"}],"wp:term":[{"taxonomy":"pwb-brand","embeddable":true,"href":"https:\/\/jrh.eu\/hu\/wp-json\/wp\/v2\/pwb-brand?post=15850"},{"taxonomy":"product_brand","embeddable":true,"href":"https:\/\/jrh.eu\/hu\/wp-json\/wp\/v2\/product_brand?post=15850"},{"taxonomy":"product_cat","embeddable":true,"href":"https:\/\/jrh.eu\/hu\/wp-json\/wp\/v2\/product_cat?post=15850"},{"taxonomy":"product_tag","embeddable":true,"href":"https:\/\/jrh.eu\/hu\/wp-json\/wp\/v2\/product_tag?post=15850"}],"curies":[{"name":"wp","href":"https:\/\/api.w.org\/{rel}","templated":true}]}}