{"id":15804,"date":"2025-07-15T20:30:13","date_gmt":"2025-07-15T20:30:13","guid":{"rendered":"https:\/\/jrh.eu\/product\/tobbfunkcios-vezetek-nelkuli-bluetooth-headset-sztereo-fejhallgato-fulhallgato-sport-kihangosito-univerzalis-headset-v8-zajszuro\/"},"modified":"2025-07-15T20:30:13","modified_gmt":"2025-07-15T20:30:13","slug":"tobbfunkcios-vezetek-nelkuli-bluetooth-headset-sztereo-fejhallgato-fulhallgato-sport-kihangosito-univerzalis-headset-v8-zajszuro","status":"publish","type":"product","link":"https:\/\/jrh.eu\/hu\/termek\/tobbfunkcios-vezetek-nelkuli-bluetooth-headset-sztereo-fejhallgato-fulhallgato-sport-kihangosito-univerzalis-headset-v8-zajszuro\/","title":{"rendered":"T\u00f6bbfunkci\u00f3s vezet\u00e9k n\u00e9lk\u00fcli Bluetooth headset sztere\u00f3 fejhallgat\u00f3 f\u00fclhallgat\u00f3 sport kihangos\u00edt\u00f3 univerz\u00e1lis headset v8 zajsz\u0171r\u0151"},"content":{"rendered":"<p data-start=\"98\" data-end=\"206\">V8 fejhallgat\u00f3<br data-start=\"108\" data-end=\"111\">Kihangos\u00edt\u00f3 fejhallgat\u00f3<br data-start=\"129\" data-end=\"132\">Vezet\u00e9k n\u00e9lk\u00fcli hangvez\u00e9rl\u00e9s<br data-start=\"154\" data-end=\"157\">Zene<br data-start=\"162\" data-end=\"165\">Sport fejhallgat\u00f3<br data-start=\"179\" data-end=\"182\">Zajsz\u0171r\u0151s fejhallgat\u00f3<\/p>\n<p data-start=\"208\" data-end=\"338\"><strong data-start=\"208\" data-end=\"221\">Jellemz\u0151k:<\/strong><br data-start=\"221\" data-end=\"224\">H\u00edv\u00f3azonos\u00edt\u00f3 kijelz\u00e9se: bej\u00f6v\u0151 h\u00edv\u00e1sok eset\u00e9n bemondja a h\u00edv\u00f3 telefonsz\u00e1m\u00e1t, \u00e9s sz\u00fcnetelteti a zen\u00e9t.<\/p>\n<p data-start=\"340\" data-end=\"501\">Hangfelismer\u00e9s: a h\u00edv\u00e1sokat k\u00e9zhaszn\u00e1lat n\u00e9lk\u00fcl, gombok megnyom\u00e1sa n\u00e9lk\u00fcl kezelheti a hangfelismer\u0151 technol\u00f3gia seg\u00edts\u00e9g\u00e9vel \u2013 egyszer\u0171en mondja ki az \u201eIgen\u201d-t a h\u00edv\u00e1s fogad\u00e1s\u00e1hoz, vagy a \u201eNem\u201d-et az elutas\u00edt\u00e1s\u00e1hoz.<\/p>\n<p data-start=\"503\" data-end=\"639\">Zajsz\u0171r\u0151 technol\u00f3gia: A tripla mikrofontechnol\u00f3gia kisz\u0171ri a h\u00e1tt\u00e9rzajt \u00e9s a sz\u00e9lzajt, amikor zs\u00fafolt k\u00f6rnyezetben tart\u00f3zkodik.<\/p>\n<p data-start=\"641\" data-end=\"743\">A 180\u00b0-ban \u00e1ll\u00edthat\u00f3 f\u00fclilleszked\u00e9si kialak\u00edt\u00e1s lehet\u0151v\u00e9 teszi a sz\u00f6g be\u00e1ll\u00edt\u00e1s\u00e1t, hogy a jobb vagy a bal f\u00fclh\u00f6z illeszkedjen.<\/p>\n<p data-start=\"745\" data-end=\"862\">A mikrofonkar fel-le mozgathat\u00f3, \u00edgy az emberek k\u00f6nnyen \u00e9szrevehetik, hogy telefon\u00e1lsz-e vagy sem.<\/p>\n<p data-start=\"864\" data-end=\"1031\">A megn\u00f6velt akkumul\u00e1tor-kapacit\u00e1s biztos\u00edtja a leghosszabb haszn\u00e1lati id\u0151t (teljes felt\u00f6lt\u00e9s eset\u00e9n), megjelen\u00edti az akkumul\u00e1tor t\u00f6lt\u00f6tts\u00e9gi szintj\u00e9t az okostelefonon, \u00e9s eml\u00e9keztet a k\u00f6vetkez\u0151 t\u00f6lt\u00e9sre:<\/p>\n<p data-start=\"1033\" data-end=\"1136\">K\u00e9szenl\u00e9ti id\u0151: 11 nap<br data-start=\"1054\" data-end=\"1057\">Besz\u00e9lget\u00e9si id\u0151: 8 \u00f3ra<br data-start=\"1075\" data-end=\"1078\">Zenelej\u00e1tsz\u00e1si id\u0151: 6-8 \u00f3ra<br data-start=\"1108\" data-end=\"1111\">T\u00f6lt\u00e9si id\u0151: &lt;2 \u00f3ra<\/p>\n<p data-start=\"1138\" data-end=\"1220\">A csomag tartalma:<br data-start=\"1159\" data-end=\"1162\">1 \u00d7 V8 headset<br data-start=\"1176\" data-end=\"1179\">1 \u00d7 USB t\u00f6lt\u0151k\u00e1bel<br data-start=\"1201\" data-end=\"1204\">1 \u00d7 Felhaszn\u00e1l\u00f3i \u00fatmutat\u00f3<\/p>\n","protected":false},"excerpt":{"rendered":"<p>Zajsz\u0171r\u0151 technol\u00f3gi\u00e1j\u00fa bluetooth fejhallgat\u00f3<\/p>\n","protected":false},"featured_media":9318,"comment_status":"open","ping_status":"closed","template":"","meta":[],"pwb-brand":[],"product_brand":[],"product_cat":[499,503,516,463],"product_tag":[],"class_list":{"0":"post-15804","1":"product","2":"type-product","3":"status-publish","4":"has-post-thumbnail","6":"product_cat-hangszorok","7":"product_cat-hordozhato-hangszorok","8":"product_cat-pc-alkatreszek","9":"product_cat-telefon-kiegeszitok","11":"first","12":"outofstock","13":"shipping-taxable","14":"purchasable","15":"product-type-simple"},"jetpack_sharing_enabled":true,"brands":[],"_links":{"self":[{"href":"https:\/\/jrh.eu\/hu\/wp-json\/wp\/v2\/product\/15804","targetHints":{"allow":["GET"]}}],"collection":[{"href":"https:\/\/jrh.eu\/hu\/wp-json\/wp\/v2\/product"}],"about":[{"href":"https:\/\/jrh.eu\/hu\/wp-json\/wp\/v2\/types\/product"}],"replies":[{"embeddable":true,"href":"https:\/\/jrh.eu\/hu\/wp-json\/wp\/v2\/comments?post=15804"}],"wp:featuredmedia":[{"embeddable":true,"href":"https:\/\/jrh.eu\/hu\/wp-json\/wp\/v2\/media\/9318"}],"wp:attachment":[{"href":"https:\/\/jrh.eu\/hu\/wp-json\/wp\/v2\/media?parent=15804"}],"wp:term":[{"taxonomy":"pwb-brand","embeddable":true,"href":"https:\/\/jrh.eu\/hu\/wp-json\/wp\/v2\/pwb-brand?post=15804"},{"taxonomy":"product_brand","embeddable":true,"href":"https:\/\/jrh.eu\/hu\/wp-json\/wp\/v2\/product_brand?post=15804"},{"taxonomy":"product_cat","embeddable":true,"href":"https:\/\/jrh.eu\/hu\/wp-json\/wp\/v2\/product_cat?post=15804"},{"taxonomy":"product_tag","embeddable":true,"href":"https:\/\/jrh.eu\/hu\/wp-json\/wp\/v2\/product_tag?post=15804"}],"curies":[{"name":"wp","href":"https:\/\/api.w.org\/{rel}","templated":true}]}}