{"id":15690,"date":"2025-07-15T20:17:59","date_gmt":"2025-07-15T20:17:59","guid":{"rendered":"https:\/\/jrh.eu\/product\/egyiranyu-dinamikus-mikrofon-vezetekes-ezust-fekete\/"},"modified":"2025-07-15T20:17:59","modified_gmt":"2025-07-15T20:17:59","slug":"egyiranyu-dinamikus-mikrofon-vezetekes-ezust-fekete","status":"publish","type":"product","link":"https:\/\/jrh.eu\/hu\/termek\/egyiranyu-dinamikus-mikrofon-vezetekes-ezust-fekete\/","title":{"rendered":"Egyir\u00e1ny\u00fa dinamikus mikrofon, vezet\u00e9kes, ez\u00fcst\/fekete"},"content":{"rendered":"<p><strong>Le\u00edr\u00e1s<br \/>\nDM-401 Egyir\u00e1ny\u00fa dinamikus mikrofon<\/strong><\/p>\n<p>A DM-401 mikrofont k\u00edn\u00e1ljuk, amely lehet\u0151s\u00e9get ad zenei k\u00e9pess\u00e9geid fejleszt\u00e9s\u00e9re vagy kiemelked\u0151 bulik szervez\u00e9s\u00e9re.<\/p>\n<p>A f\u00e9lprofesszion\u00e1lis WVNGR DM-401 mikrofon b\u00e1rmilyen audio\u00e1llom\u00e1shoz csatlakoztathat\u00f3 XLR-k\u00e1bellel, vagy sz\u00e1m\u00edt\u00f3g\u00e9phez egy k\u00fcl\u00f6n megv\u00e1s\u00e1rolhat\u00f3 jack adapter seg\u00edts\u00e9g\u00e9vel.<\/p>\n<p>Ezzel a mikrofonnal j\u00f3l \u00e9rezheted magad a bar\u00e1taiddal bulikban, vagy haszn\u00e1lhatod konferenci\u00e1kon vagy prezent\u00e1ci\u00f3kban.<\/p>\n<p>A gerjed\u00e9s elker\u00fcl\u00e9se \u00e9rdek\u00e9ben aj\u00e1nlott a DM-401 mikrofont <strong>5\u201310 cm<\/strong> t\u00e1vols\u00e1gra tartani a sz\u00e1jt\u00f3l.<\/p>\n<p><strong>Jellemz\u0151k \u2013 DM-401 egyir\u00e1ny\u00fa dinamikus mikrofon:<\/strong><\/p>\n<ul>\n<li>Dinamikus mikrofon DM-401<\/li>\n<li>Frekvencia: 100 Hz ~ 15 kHz<\/li>\n<li>Impedancia: 600 ohm \u00b1 30%<\/li>\n<li>\u00c9rz\u00e9kenys\u00e9g: -74 dB \u00b1 3 dB<\/li>\n<\/ul>\n","protected":false},"excerpt":{"rendered":"<p>Egyir\u00e1ny\u00fa dinamikus mikrofon, vezet\u00e9kes, ez\u00fcst\/fekete<\/p>\n","protected":false},"featured_media":8396,"comment_status":"open","ping_status":"closed","template":"","meta":[],"pwb-brand":[],"product_brand":[],"product_cat":[499,503],"product_tag":[],"class_list":{"0":"post-15690","1":"product","2":"type-product","3":"status-publish","4":"has-post-thumbnail","6":"product_cat-hangszorok","7":"product_cat-hordozhato-hangszorok","9":"first","10":"instock","11":"shipping-taxable","12":"purchasable","13":"product-type-simple"},"jetpack_sharing_enabled":true,"brands":[],"_links":{"self":[{"href":"https:\/\/jrh.eu\/hu\/wp-json\/wp\/v2\/product\/15690","targetHints":{"allow":["GET"]}}],"collection":[{"href":"https:\/\/jrh.eu\/hu\/wp-json\/wp\/v2\/product"}],"about":[{"href":"https:\/\/jrh.eu\/hu\/wp-json\/wp\/v2\/types\/product"}],"replies":[{"embeddable":true,"href":"https:\/\/jrh.eu\/hu\/wp-json\/wp\/v2\/comments?post=15690"}],"wp:featuredmedia":[{"embeddable":true,"href":"https:\/\/jrh.eu\/hu\/wp-json\/wp\/v2\/media\/8396"}],"wp:attachment":[{"href":"https:\/\/jrh.eu\/hu\/wp-json\/wp\/v2\/media?parent=15690"}],"wp:term":[{"taxonomy":"pwb-brand","embeddable":true,"href":"https:\/\/jrh.eu\/hu\/wp-json\/wp\/v2\/pwb-brand?post=15690"},{"taxonomy":"product_brand","embeddable":true,"href":"https:\/\/jrh.eu\/hu\/wp-json\/wp\/v2\/product_brand?post=15690"},{"taxonomy":"product_cat","embeddable":true,"href":"https:\/\/jrh.eu\/hu\/wp-json\/wp\/v2\/product_cat?post=15690"},{"taxonomy":"product_tag","embeddable":true,"href":"https:\/\/jrh.eu\/hu\/wp-json\/wp\/v2\/product_tag?post=15690"}],"curies":[{"name":"wp","href":"https:\/\/api.w.org\/{rel}","templated":true}]}}