{"id":15316,"date":"2025-07-15T20:34:38","date_gmt":"2025-07-15T20:34:38","guid":{"rendered":"https:\/\/jrh.eu\/product\/hajvago-vezetek-nelkuli-precizios-konturborotva-rozsdamentes-acel-pengek-usb-toltes\/"},"modified":"2025-07-15T20:34:38","modified_gmt":"2025-07-15T20:34:38","slug":"hajvago-vezetek-nelkuli-precizios-konturborotva-rozsdamentes-acel-pengek-usb-toltes","status":"publish","type":"product","link":"https:\/\/jrh.eu\/hu\/termek\/hajvago-vezetek-nelkuli-precizios-konturborotva-rozsdamentes-acel-pengek-usb-toltes\/","title":{"rendered":"Hajv\u00e1g\u00f3, Vezet\u00e9k n\u00e9lk\u00fcli prec\u00edzi\u00f3s kont\u00farborotva, Rozsdamentes ac\u00e9l peng\u00e9k, USB t\u00f6lt\u00e9s"},"content":{"rendered":"<p style=\"text-align: right\"><strong>Vezet\u00e9k n\u00e9lk\u00fcli prec\u00edzi\u00f3s haj- \u00e9s szak\u00e1llv\u00e1g\u00f3, rozsdamentes ac\u00e9l peng\u00e9k, USB t\u00f6lt\u00e9s<\/strong><\/p>\n<p><strong>A SHINON kont\u00farv\u00e1g\u00f3 seg\u00edt meg\u0151rizni a frizur\u00e1t \u00e9s a form\u00e1t hosszabb ideig. Az ultra\u00e9les penge nem k\u00e1ros\u00edtja a b\u0151rt, \u00e9s biztons\u00e1gosabb v\u00e1g\u00e1st biztos\u00edt. <\/strong><\/p>\n<ul>\n<li>A SHINON trimmer a k\u00f6vetkez\u0151 specifik\u00e1ci\u00f3kkal rendelkezik:<\/li>\n<li>N\u00e9vleges fesz\u00fclts\u00e9g: AC220-240V 50-60Hz<\/li>\n<li>Bemenet: 5V 1000mA<\/li>\n<li>Teljes\u00edtm\u00e9ny: 10W<\/li>\n<li>Penge anyaga: Prec\u00edzi\u00f3s rozsdamentes ac\u00e9l<\/li>\n<li>Mell\u00e9kelt tartoz\u00e9kok: 3 vezet\u0151f\u00e9s\u0171, tiszt\u00edt\u00f3kefe, olaj, USB t\u00e1pk\u00e1bel<\/li>\n<li>T\u00f6lt\u00e9si id\u0151: 1,5 \u00f3ra<\/li>\n<li>Battery Life: 120 minutes<\/li>\n<\/ul>\n<p><img decoding=\"async\" src=\"https:\/\/ae01.alicdn.com\/kf\/H8045e8a9bf274462a3da7d264716badfj.jpg\" data-spm-anchor-id=\"a2g0o.detail.1000023.i0.74bb13b3lfOviw\"><br \/>\n<img decoding=\"async\" src=\"https:\/\/ae01.alicdn.com\/kf\/Habb8eecdb4094a528c83d9bc0fe05c11E.jpg\"><br \/>\n<img decoding=\"async\" src=\"https:\/\/ae01.alicdn.com\/kf\/Haaa097a5b3cd404aa3afe8a4254f31669.jpg\"><br \/>\n<img decoding=\"async\" src=\"https:\/\/ae01.alicdn.com\/kf\/H0bcd4de4604a42dfae4156fc585e9d9dn.jpg\"><br \/>\n<img decoding=\"async\" src=\"https:\/\/ae01.alicdn.com\/kf\/H701062591e7e40aeb170574c95d558ed2.jpg\"><br \/>\n<img decoding=\"async\" src=\"https:\/\/ae01.alicdn.com\/kf\/H7eb41ba2d7f24ac0882d419afa3cf254m.jpg\"><br \/>\n<img decoding=\"async\" src=\"https:\/\/ae01.alicdn.com\/kf\/Hc4a9241a8cec46bfa864703248937c27K.jpg\"><br \/>\n<img decoding=\"async\" src=\"https:\/\/ae01.alicdn.com\/kf\/Habfe340440464b8a9c47a5d2516204d6v.jpg\"><br \/>\n<img decoding=\"async\" src=\"https:\/\/ae01.alicdn.com\/kf\/H42991603038b44b5b7f256b3c952cc7fO.jpg\"><br \/>\n<img decoding=\"async\" src=\"https:\/\/ae01.alicdn.com\/kf\/Hb44d2dc1188f4cfa8bd29b44dd3b85bdH.jpg\"><br \/>\n<img decoding=\"async\" src=\"https:\/\/ae01.alicdn.com\/kf\/Hfdd9a86119324106ac82f0994fd93672E.jpg\"><br \/>\n<img decoding=\"async\" src=\"https:\/\/ae01.alicdn.com\/kf\/H98570457b72c4b9ba2da1a02c574a4a4i.jpg\"><br \/>\n<img decoding=\"async\" src=\"https:\/\/ae01.alicdn.com\/kf\/Hb46d08f7967347028e62038f5abedf83O.jpg\"><br \/>\n<img decoding=\"async\" src=\"https:\/\/ae01.alicdn.com\/kf\/Hf4ee7e93d8634f27bee76a596c6eabd32.jpg\"><br \/>\n<img decoding=\"async\" src=\"https:\/\/ae01.alicdn.com\/kf\/H9a2b438c608c4ae0a3786b7b8d621498L.jpg\"><br \/>\n<img decoding=\"async\" src=\"https:\/\/ae01.alicdn.com\/kf\/H014335cdbf72425691417bbe7ac74950M.jpg\"><\/p>\n","protected":false},"excerpt":{"rendered":"<p>Vezet\u00e9k n\u00e9lk\u00fcli prec\u00edzi\u00f3s haj- \u00e9s szak\u00e1llv\u00e1g\u00f3, rozsdamentes ac\u00e9l peng\u00e9k, USB t\u00f6lt\u00e9s A SHINON kont\u00farv\u00e1g\u00f3 seg\u00edt meg\u0151rizni a frizur\u00e1t \u00e9s a form\u00e1t hosszabb ideig. Az ultra\u00e9les penge nem k\u00e1ros\u00edtja a b\u0151rt, \u00e9s biztons\u00e1gosabb v\u00e1g\u00e1st biztos\u00edt. A SHINON trimmer a k\u00f6vetkez\u0151 specifik\u00e1ci\u00f3kkal rendelkezik: N\u00e9vleges fesz\u00fclts\u00e9g: AC220-240V 50-60Hz Bemenet: 5V 1000mA Teljes\u00edtm\u00e9ny: 10W Penge anyaga: Prec\u00edzi\u00f3s rozsdamentes ac\u00e9l [&hellip;]<\/p>\n","protected":false},"featured_media":15315,"comment_status":"open","ping_status":"closed","template":"","meta":[],"pwb-brand":[],"product_brand":[],"product_cat":[587,452,582],"product_tag":[],"class_list":{"0":"post-15316","1":"product","2":"type-product","3":"status-publish","4":"has-post-thumbnail","6":"product_cat-egyeb","7":"product_cat-lakberendezesi-kiegeszitok","8":"product_cat-szemelyes-apolas","10":"first","11":"instock","12":"shipping-taxable","13":"purchasable","14":"product-type-simple"},"jetpack_sharing_enabled":true,"brands":[],"_links":{"self":[{"href":"https:\/\/jrh.eu\/hu\/wp-json\/wp\/v2\/product\/15316","targetHints":{"allow":["GET"]}}],"collection":[{"href":"https:\/\/jrh.eu\/hu\/wp-json\/wp\/v2\/product"}],"about":[{"href":"https:\/\/jrh.eu\/hu\/wp-json\/wp\/v2\/types\/product"}],"replies":[{"embeddable":true,"href":"https:\/\/jrh.eu\/hu\/wp-json\/wp\/v2\/comments?post=15316"}],"wp:featuredmedia":[{"embeddable":true,"href":"https:\/\/jrh.eu\/hu\/wp-json\/wp\/v2\/media\/15315"}],"wp:attachment":[{"href":"https:\/\/jrh.eu\/hu\/wp-json\/wp\/v2\/media?parent=15316"}],"wp:term":[{"taxonomy":"pwb-brand","embeddable":true,"href":"https:\/\/jrh.eu\/hu\/wp-json\/wp\/v2\/pwb-brand?post=15316"},{"taxonomy":"product_brand","embeddable":true,"href":"https:\/\/jrh.eu\/hu\/wp-json\/wp\/v2\/product_brand?post=15316"},{"taxonomy":"product_cat","embeddable":true,"href":"https:\/\/jrh.eu\/hu\/wp-json\/wp\/v2\/product_cat?post=15316"},{"taxonomy":"product_tag","embeddable":true,"href":"https:\/\/jrh.eu\/hu\/wp-json\/wp\/v2\/product_tag?post=15316"}],"curies":[{"name":"wp","href":"https:\/\/api.w.org\/{rel}","templated":true}]}}