{"id":15256,"date":"2025-07-20T12:10:08","date_gmt":"2025-07-20T12:10:08","guid":{"rendered":"https:\/\/jrh.eu\/product\/mozgo-fejsugar-60w-jrh-2\/"},"modified":"2025-07-20T12:10:08","modified_gmt":"2025-07-20T12:10:08","slug":"mozgo-fejsugar-60w-jrh-2","status":"publish","type":"product","link":"https:\/\/jrh.eu\/hu\/termek\/mozgo-fejsugar-60w-jrh-2\/","title":{"rendered":"Mozg\u00f3 fejsug\u00e1r 60w JRH"},"content":{"rendered":"<p>A szuperf\u00e9nyes 60W\/90W-os mozg\u00f3 fejl\u00e1mpa 8 mint\u00e1t k\u00e9pes l\u00e9trehozni piros, s\u00e1rga, k\u00e9k, z\u00f6ld, narancss\u00e1rga, r\u00f3zsasz\u00edn, vil\u00e1gosk\u00e9k \u00e9s feh\u00e9r sz\u00ednben.<\/p>\n<p>4 standard m\u00f3d: Automatikus m\u0171k\u00f6d\u00e9s, Hangaktiv\u00e1l\u00e1s, DMX512, Master-slave. Professzion\u00e1lis DMX csatorn\u00e1k: 9\/11 csatorna <\/p>\n<p>Kompakt, biztons\u00e1gos \u00e9s megb\u00edzhat\u00f3 kialak\u00edt\u00e1s. A kiv\u00e1l\u00f3 min\u0151s\u00e9g\u0171 l\u00e9ptet\u0151motorok gyors, sima \u00e9s prec\u00edz mozg\u00e1st tesznek lehet\u0151v\u00e9. Hangaktiv\u00e1l\u00e1s: Rendk\u00edv\u00fcl \u00e9rz\u00e9keny a zene ritmus\u00e1ra.  <\/p>\n<p>540\u00b0-os p\u00e1szt\u00e1z\u00e1s \u00e9s 190\u00b0-os d\u0151l\u00e9s. Automatikus hibajav\u00edt\u00e1s. Sima elektronikus f\u00e9nyer\u0151szab\u00e1lyoz\u00e1s 0 \u00e9s 100% k\u00f6z\u00f6tt (DMX haszn\u00e1lat\u00e1val).  <\/p>\n<p>Helyezze a padl\u00f3ra vagy szerelje fel a falra (a szerel\u00e9si tartoz\u00e9kok mell\u00e9kelve), rugalmasan haszn\u00e1lhat\u00f3 belt\u00e9ri haszn\u00e1latra.<\/p>\n<p>Term\u00e9kle\u00edr\u00e1sok:<\/p>\n<p>Fesz\u00fclts\u00e9g: AC 100V-240V<\/p>\n<p>Frekvencia: 50-60 Hz<\/p>\n<p>Energiafogyaszt\u00e1s: 60W<\/p>\n<p>Vez\u00e9rl\u00e9si m\u00f3d: Automatikus m\u0171k\u00f6d\u00e9s, hangvez\u00e9rl\u00e9s, DMX512, master-slave (X tengely 540 fok, Y tengely 190 fok)<\/p>\n<p>Gobo: 8 mintat\u00edpus<\/p>\n<p>Vil\u00e1gos sz\u00edn: piros, s\u00e1rga, k\u00e9k, z\u00f6ld, narancss\u00e1rga, r\u00f3zsasz\u00edn, vil\u00e1gosk\u00e9k, feh\u00e9r<\/p>\n<p>Csatorna: 9 \/ 11CH<\/p>\n<p>Dug\u00f3: EU (opcion\u00e1lis)<\/p>\n<p>Material: plastic<\/p>\n","protected":false},"excerpt":{"rendered":"<p>A szuperf\u00e9nyes 60W\/90W-os mozg\u00f3 fejl\u00e1mpa 8 mint\u00e1t k\u00e9pes l\u00e9trehozni piros, s\u00e1rga, k\u00e9k, z\u00f6ld, narancss\u00e1rga, r\u00f3zsasz\u00edn, vil\u00e1gosk\u00e9k \u00e9s feh\u00e9r sz\u00ednben. 4 standard m\u00f3d: Automatikus m\u0171k\u00f6d\u00e9s, Hangaktiv\u00e1l\u00e1s, DMX512, Master-slave. Professzion\u00e1lis DMX csatorn\u00e1k: 9\/11 csatorna Kompakt, biztons\u00e1gos \u00e9s megb\u00edzhat\u00f3 kialak\u00edt\u00e1s. A kiv\u00e1l\u00f3 min\u0151s\u00e9g\u0171 l\u00e9ptet\u0151motorok gyors, sima \u00e9s prec\u00edz mozg\u00e1st tesznek lehet\u0151v\u00e9. Hangaktiv\u00e1l\u00e1s: Rendk\u00edv\u00fcl \u00e9rz\u00e9keny a zene ritmus\u00e1ra. 540\u00b0-os [&hellip;]<\/p>\n","protected":false},"featured_media":15250,"comment_status":"open","ping_status":"closed","template":"","meta":[],"pwb-brand":[],"product_brand":[],"product_cat":[459,536],"product_tag":[],"class_list":{"0":"post-15256","1":"product","2":"type-product","3":"status-publish","4":"has-post-thumbnail","6":"product_cat-diszko-party-kiegeszitok","7":"product_cat-mozgo-fej-es-projektor-lampak","9":"first","10":"instock","11":"shipping-taxable","12":"purchasable","13":"product-type-simple"},"jetpack_sharing_enabled":true,"brands":[],"_links":{"self":[{"href":"https:\/\/jrh.eu\/hu\/wp-json\/wp\/v2\/product\/15256","targetHints":{"allow":["GET"]}}],"collection":[{"href":"https:\/\/jrh.eu\/hu\/wp-json\/wp\/v2\/product"}],"about":[{"href":"https:\/\/jrh.eu\/hu\/wp-json\/wp\/v2\/types\/product"}],"replies":[{"embeddable":true,"href":"https:\/\/jrh.eu\/hu\/wp-json\/wp\/v2\/comments?post=15256"}],"wp:featuredmedia":[{"embeddable":true,"href":"https:\/\/jrh.eu\/hu\/wp-json\/wp\/v2\/media\/15250"}],"wp:attachment":[{"href":"https:\/\/jrh.eu\/hu\/wp-json\/wp\/v2\/media?parent=15256"}],"wp:term":[{"taxonomy":"pwb-brand","embeddable":true,"href":"https:\/\/jrh.eu\/hu\/wp-json\/wp\/v2\/pwb-brand?post=15256"},{"taxonomy":"product_brand","embeddable":true,"href":"https:\/\/jrh.eu\/hu\/wp-json\/wp\/v2\/product_brand?post=15256"},{"taxonomy":"product_cat","embeddable":true,"href":"https:\/\/jrh.eu\/hu\/wp-json\/wp\/v2\/product_cat?post=15256"},{"taxonomy":"product_tag","embeddable":true,"href":"https:\/\/jrh.eu\/hu\/wp-json\/wp\/v2\/product_tag?post=15256"}],"curies":[{"name":"wp","href":"https:\/\/api.w.org\/{rel}","templated":true}]}}