{"id":15169,"date":"2025-12-01T21:28:41","date_gmt":"2025-12-01T21:28:41","guid":{"rendered":"https:\/\/jrh.eu\/product\/kavesbogre-termosz-rozsdamentes-acel-belsovel-510-ml-es-urtartalommal-fekete\/"},"modified":"2025-12-01T21:28:41","modified_gmt":"2025-12-01T21:28:41","slug":"kavesbogre-termosz-rozsdamentes-acel-belsovel-510-ml-es-urtartalommal-fekete","status":"publish","type":"product","link":"https:\/\/jrh.eu\/hu\/termek\/kavesbogre-termosz-rozsdamentes-acel-belsovel-510-ml-es-urtartalommal-fekete\/","title":{"rendered":"K\u00e1v\u00e9sb\u00f6gre, termosz, rozsdamentes ac\u00e9l bels\u0151vel, 510 ml-es \u0171rtartalommal, fekete"},"content":{"rendered":"<p data-start=\"126\" data-end=\"191\"><strong data-start=\"126\" data-end=\"189\">K\u00e1v\u00e9sb\u00f6gre \/ JRH Termosz, 510ml, Fekete, Rozsdamentes ac\u00e9l bels\u0151<\/strong><\/p>\n<p data-start=\"193\" data-end=\"548\">\u00c9lvezze kedvenc ital\u00e1t az ide\u00e1lis h\u0151m\u00e9rs\u00e9kleten, b\u00e1rhol is legyen!<br data-start=\"265\" data-end=\"268\">Az 510 ml-es JRH termosz kiv\u00e1l\u00f3 min\u0151s\u00e9g\u0171 rozsdamentes ac\u00e9lb\u00f3l k\u00e9sz\u00fclt, dupla szigetel\u00e9s\u0171 falakkal, amelyek <strong data-start=\"391\" data-end=\"414\">ak\u00e1r 12 \u00f3r\u00e1n \u00e1t hidegen<\/strong>, illetve <strong data-start=\"418\" data-end=\"441\">6 \u00f3r\u00e1n \u00e1t melegen<\/strong> tartj\u00e1k az italokat. Eleg\u00e1ns kialak\u00edt\u00e1s\u00e1nak \u00e9s matt fekete kivitel\u00e9nek k\u00f6sz\u00f6nhet\u0151en irod\u00e1ba \u00e9s utaz\u00e1shoz egyar\u00e1nt alkalmas. <\/p>\n<p data-start=\"550\" data-end=\"571\"><strong data-start=\"550\" data-end=\"569\">Jellemz\u0151k:<\/strong><\/p>\n<ul data-start=\"572\" data-end=\"958\">\n<li data-start=\"572\" data-end=\"664\">\n<p data-start=\"574\" data-end=\"664\"><strong data-start=\"574\" data-end=\"600\">Kett\u0151s h\u0151szigetel\u00e9s:<\/strong> sok \u00f3r\u00e1n \u00e1t optim\u00e1lis h\u0151m\u00e9rs\u00e9kleten tartja az ital\u00e1t.<\/p>\n<\/li>\n<li data-start=\"665\" data-end=\"746\">\n<p data-start=\"667\" data-end=\"746\"><strong data-start=\"667\" data-end=\"699\">Rozsdamentes ac\u00e9l bels\u0151 \u00e9s k\u00fcls\u0151<\/strong> &#8211; korr\u00f3zi\u00f3\u00e1ll\u00f3 \u00e9s k\u00f6nnyen tiszt\u00edthat\u00f3.<\/p>\n<\/li>\n<li data-start=\"747\" data-end=\"807\">\n<p data-start=\"749\" data-end=\"807\"><strong data-start=\"749\" data-end=\"764\">Sziv\u00e1rg\u00e1smentes fed\u00e9l<\/strong> &#8211; megakad\u00e1lyozza a ki\u00f6ml\u00e9st \u00e9s meg\u0151rzi az arom\u00e1t.<\/p>\n<\/li>\n<li data-start=\"808\" data-end=\"875\">\n<p data-start=\"810\" data-end=\"875\">Cs\u00fasz\u00e1smentes talp \u2013 stabilit\u00e1st biztos\u00edt b\u00e1rmilyen fel\u00fcleten.<\/p>\n<\/li>\n<li data-start=\"876\" data-end=\"903\">\n<p data-start=\"878\" data-end=\"903\">\u0170rtartalom: 510 ml.<\/p>\n<\/li>\n<li data-start=\"904\" data-end=\"930\">\n<p data-start=\"906\" data-end=\"930\">Magass\u00e1g: 17,5 cm.<\/p>\n<\/li>\n<li data-start=\"931\" data-end=\"958\">\n<p data-start=\"933\" data-end=\"958\">Sz\u00edn: Matt fekete.<\/p>\n<\/li>\n<\/ul>\n<p data-start=\"960\" data-end=\"1062\">Ide\u00e1lis k\u00e1v\u00e9hoz, te\u00e1hoz, v\u00edzhez vagy hideg italokhoz, a JRH termosz a t\u00f6k\u00e9letes t\u00e1rs a nap folyam\u00e1n.<\/p>\n","protected":false},"excerpt":{"rendered":"<p>510 ml-es termosz dupla fal\u00fa rozsdamentes ac\u00e9lb\u00f3l, amely ak\u00e1r 6 \u00f3r\u00e1n \u00e1t melegen, ak\u00e1r 12 \u00f3r\u00e1n \u00e1t hidegen tartja az italokat. Eleg\u00e1ns kialak\u00edt\u00e1s, sziv\u00e1rg\u00e1smentes fed\u00e9l \u00e9s cs\u00fasz\u00e1smentes alj.Thermos, 510ml, made of double-walled stainless steel, keeps drinks hot for up to 6 hours and cold for up to 12 hours. Elegant design, leak-proof lid and non-slip base.&#8221; <\/p>\n","protected":false},"featured_media":15147,"comment_status":"open","ping_status":"closed","template":"","meta":[],"pwb-brand":[],"product_brand":[],"product_cat":[455,452],"product_tag":[],"class_list":{"0":"post-15169","1":"product","2":"type-product","3":"status-publish","4":"has-post-thumbnail","6":"product_cat-konyhai-kiegeszitok","7":"product_cat-lakberendezesi-kiegeszitok","9":"first","10":"instock","11":"sale","12":"shipping-taxable","13":"purchasable","14":"product-type-simple"},"jetpack_sharing_enabled":true,"brands":[],"_links":{"self":[{"href":"https:\/\/jrh.eu\/hu\/wp-json\/wp\/v2\/product\/15169","targetHints":{"allow":["GET"]}}],"collection":[{"href":"https:\/\/jrh.eu\/hu\/wp-json\/wp\/v2\/product"}],"about":[{"href":"https:\/\/jrh.eu\/hu\/wp-json\/wp\/v2\/types\/product"}],"replies":[{"embeddable":true,"href":"https:\/\/jrh.eu\/hu\/wp-json\/wp\/v2\/comments?post=15169"}],"wp:featuredmedia":[{"embeddable":true,"href":"https:\/\/jrh.eu\/hu\/wp-json\/wp\/v2\/media\/15147"}],"wp:attachment":[{"href":"https:\/\/jrh.eu\/hu\/wp-json\/wp\/v2\/media?parent=15169"}],"wp:term":[{"taxonomy":"pwb-brand","embeddable":true,"href":"https:\/\/jrh.eu\/hu\/wp-json\/wp\/v2\/pwb-brand?post=15169"},{"taxonomy":"product_brand","embeddable":true,"href":"https:\/\/jrh.eu\/hu\/wp-json\/wp\/v2\/product_brand?post=15169"},{"taxonomy":"product_cat","embeddable":true,"href":"https:\/\/jrh.eu\/hu\/wp-json\/wp\/v2\/product_cat?post=15169"},{"taxonomy":"product_tag","embeddable":true,"href":"https:\/\/jrh.eu\/hu\/wp-json\/wp\/v2\/product_tag?post=15169"}],"curies":[{"name":"wp","href":"https:\/\/api.w.org\/{rel}","templated":true}]}}