{"id":14833,"date":"2025-11-11T19:24:59","date_gmt":"2025-11-11T19:24:59","guid":{"rendered":"https:\/\/jrh.eu\/product\/jrh-coral-50cc-robogo-forgalmi-engedely-efi-motor-24-km-h-kek\/"},"modified":"2025-11-11T19:24:59","modified_gmt":"2025-11-11T19:24:59","slug":"jrh-coral-50cc-robogo-forgalmi-engedely-efi-motor-24-km-h-kek","status":"publish","type":"product","link":"https:\/\/jrh.eu\/hu\/termek\/jrh-coral-50cc-robogo-forgalmi-engedely-efi-motor-24-km-h-kek\/","title":{"rendered":"JRH CORAL 50CC robog\u00f3 \u2013 forgalmi enged\u00e9ly, EFI motor, 24 km\/h k\u00e9k"},"content":{"rendered":"<p>**JRH Carol 50CC Scooter** \u2013 compact, economical, and modern. 50 k\u00f6bcentis EFI motorj\u00e1val, alacsony, 2 liter\/100 km alatti \u00fczemanyag-fogyaszt\u00e1s\u00e1val \u00e9s 24 km\/h v\u00e9gsebess\u00e9g\u00e9vel ez a modell a biztons\u00e1got (els\u0151\/h\u00e1ts\u00f3 t\u00e1rcsaf\u00e9kek) a k\u00e9nyelmmel \u00e9s a sportos diz\u00e1jnnal \u00f6tv\u00f6zi. Ide\u00e1lis azok sz\u00e1m\u00e1ra, akik gyors mobilit\u00e1st \u00e9s alacsony fenntart\u00e1si k\u00f6lts\u00e9geket keresnek.<\/p>\n<table>\n<thead>\n<tr>\n<th>Jellemz\u0151<\/th>\n<th>M\u0171szaki adatok<\/th>\n<\/tr>\n<\/thead>\n<tbody>\n<tr>\n<td><strong>Motor<\/strong><\/td>\n<td>50CC, egyhengeres, 4 \u00fctem\u0171, l\u00e9gh\u0171t\u00e9ses<\/td>\n<\/tr>\n<tr>\n<td><strong>Maxim\u00e1lis teljes\u00edtm\u00e9ny<\/strong><\/td>\n<td>2,4 kW \/ 8000 fordulat\/perc<\/td>\n<\/tr>\n<tr>\n<td><strong>\u00c1tvitel<\/strong><\/td>\n<td>Automata<\/td>\n<\/tr>\n<tr>\n<td><strong>Gy\u00fajt\u00e1s<\/strong><\/td>\n<td>EFI (elektronikus \u00fczemanyag-befecskendez\u00e9s)<\/td>\n<\/tr>\n<tr>\n<td><strong>Ind\u00edtsa el a  oldalt.<\/strong><\/td>\n<td>Elektromos \u00e9s kick-start<\/td>\n<\/tr>\n<tr>\n<td><strong>F\u00e9krendszer (el\u00f6l\/h\u00e1tul)<\/strong><\/td>\n<td>T\u00e1rcsa \/ t\u00e1rcsa<\/td>\n<\/tr>\n<tr>\n<td><strong>V\u00e9gsebess\u00e9g<\/strong><\/td>\n<td>24 km\/h<\/td>\n<\/tr>\n<tr>\n<td><strong>T\u00e1vm\u00e9r\u0151<\/strong><\/td>\n<td>Digit\u00e1lis LCD kijelz\u0151<\/td>\n<\/tr>\n<tr>\n<td><strong>Gumiabroncsok (el\u00f6l\/h\u00e1tul)<\/strong><\/td>\n<td>120\/70-12 \/ 120\/70-12<\/td>\n<\/tr>\n<tr>\n<td><strong>\u00dczemanyagtart\u00e1ly kapacit\u00e1sa<\/strong><\/td>\n<td>8.5 L<\/td>\n<\/tr>\n<tr>\n<td><strong>\u00c1tlagos fogyaszt\u00e1s<\/strong><\/td>\n<td>\u2264 2,0 L\/100 km<\/td>\n<\/tr>\n<tr>\n<td><strong>M\u00e9retek (L \u00d7 W \u00d7 H)<\/strong><\/td>\n<td>1826 \u00d7 786 \u00d7 1087 mm<\/td>\n<\/tr>\n<tr>\n<td><strong>Tengelyt\u00e1v<\/strong><\/td>\n<td>1290 mm<\/td>\n<\/tr>\n<tr>\n<td><strong>F\u00f6ldt\u00e1vols\u00e1g<\/strong><\/td>\n<td>115 mm<\/td>\n<\/tr>\n<tr>\n<td><strong>Nett\u00f3 s\u00faly<\/strong><\/td>\n<td>110 kg<\/td>\n<\/tr>\n<tr>\n<td><strong>Maxim\u00e1lis terhel\u00e9s<\/strong><\/td>\n<td>150 kg<\/td>\n<\/tr>\n<tr>\n<td><strong>V\u00e9gsebess\u00e9g<\/strong><\/td>\n<td>24 km<\/td>\n<\/tr>\n<tr>\n<td><strong>Tan\u00fas\u00edt\u00e1s<\/strong><\/td>\n<td>CIV COC<\/td>\n<\/tr>\n<\/tbody>\n<\/table>\n","protected":false},"excerpt":{"rendered":"<p><strong data-start=\"625\" data-end=\"650\">JRH CORAL 50CC robog\u00f3<\/strong> &#8211; homologiz\u00e1lt modell, forgalmi enged\u00e9llyel, EFI motorral \u00e9s \u22642L\/100km fogyaszt\u00e1ssal. V\u00e9gsebess\u00e9ge 24 km\/h, ide\u00e1lis v\u00e1rosi k\u00f6zleked\u00e9sre.<\/p>\n","protected":false},"featured_media":14758,"comment_status":"open","ping_status":"closed","template":"","meta":[],"pwb-brand":[],"product_brand":[],"product_cat":[1506],"product_tag":[],"class_list":{"0":"post-14833","1":"product","2":"type-product","3":"status-publish","4":"has-post-thumbnail","6":"product_cat-benzinmotoros-robogok","8":"first","9":"instock","10":"sale","11":"shipping-taxable","12":"purchasable","13":"product-type-simple"},"jetpack_sharing_enabled":true,"brands":[],"_links":{"self":[{"href":"https:\/\/jrh.eu\/hu\/wp-json\/wp\/v2\/product\/14833","targetHints":{"allow":["GET"]}}],"collection":[{"href":"https:\/\/jrh.eu\/hu\/wp-json\/wp\/v2\/product"}],"about":[{"href":"https:\/\/jrh.eu\/hu\/wp-json\/wp\/v2\/types\/product"}],"replies":[{"embeddable":true,"href":"https:\/\/jrh.eu\/hu\/wp-json\/wp\/v2\/comments?post=14833"}],"wp:featuredmedia":[{"embeddable":true,"href":"https:\/\/jrh.eu\/hu\/wp-json\/wp\/v2\/media\/14758"}],"wp:attachment":[{"href":"https:\/\/jrh.eu\/hu\/wp-json\/wp\/v2\/media?parent=14833"}],"wp:term":[{"taxonomy":"pwb-brand","embeddable":true,"href":"https:\/\/jrh.eu\/hu\/wp-json\/wp\/v2\/pwb-brand?post=14833"},{"taxonomy":"product_brand","embeddable":true,"href":"https:\/\/jrh.eu\/hu\/wp-json\/wp\/v2\/product_brand?post=14833"},{"taxonomy":"product_cat","embeddable":true,"href":"https:\/\/jrh.eu\/hu\/wp-json\/wp\/v2\/product_cat?post=14833"},{"taxonomy":"product_tag","embeddable":true,"href":"https:\/\/jrh.eu\/hu\/wp-json\/wp\/v2\/product_tag?post=14833"}],"curies":[{"name":"wp","href":"https:\/\/api.w.org\/{rel}","templated":true}]}}