{"id":14467,"date":"2025-07-20T12:11:27","date_gmt":"2025-07-20T12:11:27","guid":{"rendered":"https:\/\/jrh.eu\/product\/napelemes-lampatarto-es-napelemes-utcai-lampa-fali-tartoval\/"},"modified":"2025-07-20T12:11:27","modified_gmt":"2025-07-20T12:11:27","slug":"napelemes-lampatarto-es-napelemes-utcai-lampa-fali-tartoval","status":"publish","type":"product","link":"https:\/\/jrh.eu\/hu\/termek\/napelemes-lampatarto-es-napelemes-utcai-lampa-fali-tartoval\/","title":{"rendered":"Napelemes l\u00e1mpatart\u00f3 \u00e9s napelemes utcai l\u00e1mpa fali tart\u00f3val"},"content":{"rendered":"<p>A konzol k\u00f6r alak\u00fa illeszt\u00e9s\u0171, 5 cm bels\u0151 \u00e1tm\u00e9r\u0151j\u0171, falra szerelhet\u0151 utcai l\u00e1mpatestekhez k\u00e9sz\u00fclt.<br \/>Anyag: F\u00e9m<br \/>\nSz\u00edn: Feh\u00e9r<br \/>\nCs\u0151\u00e1tm\u00e9r\u0151: 5 cm<br \/>\nHossz: 49 cm<br \/>\nSzerel\u00e9si hossz: 16 cm<br \/>\nD\u0151l\u00e9ssz\u00f6g: 25\u00b0<\/p>\n","protected":false},"excerpt":{"rendered":"<p>A konzol k\u00f6r alak\u00fa illeszt\u00e9s\u0171, 5 cm bels\u0151 \u00e1tm\u00e9r\u0151j\u0171, falra szerelhet\u0151 utcai l\u00e1mpatestekhez k\u00e9sz\u00fclt.Anyag: F\u00e9m Sz\u00edn: Feh\u00e9r Cs\u0151\u00e1tm\u00e9r\u0151: 5 cm Hossz: 49 cm Szerel\u00e9si hossz: 16 cm D\u0151l\u00e9ssz\u00f6g: 25\u00b0<\/p>\n","protected":false},"featured_media":11059,"comment_status":"open","ping_status":"closed","template":"","meta":[],"pwb-brand":[],"product_brand":[],"product_cat":[587,452],"product_tag":[],"class_list":{"0":"post-14467","1":"product","2":"type-product","3":"status-publish","4":"has-post-thumbnail","6":"product_cat-egyeb","7":"product_cat-lakberendezesi-kiegeszitok","9":"first","10":"instock","11":"shipping-taxable","12":"purchasable","13":"product-type-simple"},"jetpack_sharing_enabled":true,"brands":[],"_links":{"self":[{"href":"https:\/\/jrh.eu\/hu\/wp-json\/wp\/v2\/product\/14467","targetHints":{"allow":["GET"]}}],"collection":[{"href":"https:\/\/jrh.eu\/hu\/wp-json\/wp\/v2\/product"}],"about":[{"href":"https:\/\/jrh.eu\/hu\/wp-json\/wp\/v2\/types\/product"}],"replies":[{"embeddable":true,"href":"https:\/\/jrh.eu\/hu\/wp-json\/wp\/v2\/comments?post=14467"}],"wp:featuredmedia":[{"embeddable":true,"href":"https:\/\/jrh.eu\/hu\/wp-json\/wp\/v2\/media\/11059"}],"wp:attachment":[{"href":"https:\/\/jrh.eu\/hu\/wp-json\/wp\/v2\/media?parent=14467"}],"wp:term":[{"taxonomy":"pwb-brand","embeddable":true,"href":"https:\/\/jrh.eu\/hu\/wp-json\/wp\/v2\/pwb-brand?post=14467"},{"taxonomy":"product_brand","embeddable":true,"href":"https:\/\/jrh.eu\/hu\/wp-json\/wp\/v2\/product_brand?post=14467"},{"taxonomy":"product_cat","embeddable":true,"href":"https:\/\/jrh.eu\/hu\/wp-json\/wp\/v2\/product_cat?post=14467"},{"taxonomy":"product_tag","embeddable":true,"href":"https:\/\/jrh.eu\/hu\/wp-json\/wp\/v2\/product_tag?post=14467"}],"curies":[{"name":"wp","href":"https:\/\/api.w.org\/{rel}","templated":true}]}}