{"id":11812,"date":"2025-07-20T12:21:37","date_gmt":"2025-07-20T12:21:37","guid":{"rendered":"https:\/\/jrh.eu\/?post_type=product&#038;p=11812"},"modified":"2025-10-05T17:26:12","modified_gmt":"2025-10-05T17:26:12","slug":"set-14-panouri-decorativ-riflaj-wpc-lemn-alb-compozit-durabil-159x2900x23-cod-culor-wt153","status":"publish","type":"product","link":"https:\/\/jrh.eu\/hu\/termek\/set-14-panouri-decorativ-riflaj-wpc-lemn-alb-compozit-durabil-159x2900x23-cod-culor-wt153\/","title":{"rendered":"Set 14 Panouri Decorativ Riflaj WPC Lemn alb Compozit Durabil , 159\u00d72900\u00d723 cod culor wt153"},"content":{"rendered":"<p>dimensiuni 1 panou : 159\u00d72900\u00d723 MM<\/p>\n<p>Ce inseamna ca acest pachet are 6,44 M patrati<\/p>\n<p>culor cod : WT153<\/p>\n<p>Riflajul exterior realizat din materialul\u00a0<b>WPC<\/b>\u00a0(lemn compozit din plastic \u0219i lemn) reprezint\u0103 o op\u021biune<b>\u00a0modern\u0103 \u0219i ecologic\u0103<\/b>\u00a0pentru a \u00eembun\u0103t\u0103\u021bi aspectul \u0219i func\u021bionalitatea exterioar\u0103 a cl\u0103dirilor \u0219i a spa\u021biilor exterioare. WPC-ul este un material inovator, ob\u021binut dintr-o combina\u021bie de fibre de lemn \u0219i polimeri din plastic reciclat, ceea ce \u00eel face mai durabil \u0219i mai prietenos cu mediul \u00eenconjur\u0103tor dec\u00e2t lemnul natural sau alte materiale sintetice.<\/p>\n<p>Aspectul natural al lemnului combinat cu propriet\u0103\u021bile superioare ale polimerilor face din riflajul WPC o alegere excelent\u0103 pentru diverse aplica\u021bii exterioare, cum ar fi terase, balcoane, garduri, fa\u021bade \u0219i mobilier de gr\u0103din\u0103. Prin utilizarea acestui material, beneficiem de un produs<b>\u00a0rezistent la intemperii, decolorare, umiditate,<\/b>\u00a0<b>atacuri de insecte \u0219i putrezire<\/b>. Astfel, riflajul WPC men\u021bine o estetic\u0103 frumoas\u0103 \u0219i durabil\u0103 de-a lungul timpului, f\u0103r\u0103 a necesita \u00eentre\u021binere intensiv\u0103.<\/p>\n<p>O alt\u0103 caracteristic\u0103 important\u0103 a riflajului WPC este\u00a0<b>versatilitatea sa \u00een design \u0219i finisaj<\/b>. Acest material poate fi u\u0219or modelat \u00een diverse forme \u0219i dimensiuni, ceea ce ofer\u0103 arhitec\u021bilor \u0219i proprietarilor de case o gam\u0103 larg\u0103 de op\u021biuni pentru a-\u0219i exprima creativitatea \u0219i pentru a se potrivi perfect cu stilul arhitectural al cl\u0103dirii. De la aspectul tradi\u021bional al lemnului, p\u00e2n\u0103 la modele \u0219i culori mai moderne, riflajul WPC poate satisface gusturile \u0219i preferin\u021bele oricui.<\/p>\n<p>\u00cen concluzie, riflajul exterior din materialul WPC (lemn compozit) este o solu\u021bie estetic\u0103, durabil\u0103 \u0219i prietenoas\u0103 cu mediul, potrivit\u0103 pentru a \u00eembun\u0103t\u0103\u021bi aspectul \u0219i func\u021bionalitatea cl\u0103dirilor \u0219i a spa\u021biilor exterioare. Cu un design versatil, rezisten\u021b\u0103 la intemperii \u0219i \u00eentre\u021binere redus\u0103, WPC-ul este o alegere excelent\u0103 pentru cei care doresc s\u0103 aduc\u0103 un plus de valoare \u0219i frumuse\u021be propriet\u0103\u021bilor lor.<\/p>\n<p>Comenzile de <strong>dimensiuni mai mari<\/strong> se trimit cu camionul prin intermediul unei firme specializate de transport.<\/p>\n<p>pozele afisate sunt reale.<\/p>\n","protected":false},"excerpt":{"rendered":"<p>dimensiuni 1 panou : 159\u00d72900\u00d723 MM Ce inseamna ca acest pachet are 6,44 M patrati culor cod : WT153 Riflajul exterior realizat din materialul\u00a0WPC\u00a0(lemn compozit din plastic \u0219i lemn) reprezint\u0103 o op\u021biune\u00a0modern\u0103 \u0219i ecologic\u0103\u00a0pentru a \u00eembun\u0103t\u0103\u021bi aspectul \u0219i func\u021bionalitatea exterioar\u0103 a cl\u0103dirilor \u0219i a spa\u021biilor exterioare. WPC-ul este un material inovator, ob\u021binut dintr-o combina\u021bie de [&hellip;]<\/p>\n","protected":false},"featured_media":11941,"comment_status":"open","ping_status":"closed","template":"","meta":[],"pwb-brand":[],"product_brand":[],"product_cat":[298],"product_tag":[],"class_list":{"0":"post-11812","1":"product","2":"type-product","3":"status-publish","4":"has-post-thumbnail","6":"product_cat-pvc-and-mdf-decorative-ribbing","8":"first","9":"outofstock","10":"shipping-taxable","11":"purchasable","12":"product-type-simple"},"jetpack_sharing_enabled":true,"brands":[],"_links":{"self":[{"href":"https:\/\/jrh.eu\/hu\/wp-json\/wp\/v2\/product\/11812","targetHints":{"allow":["GET"]}}],"collection":[{"href":"https:\/\/jrh.eu\/hu\/wp-json\/wp\/v2\/product"}],"about":[{"href":"https:\/\/jrh.eu\/hu\/wp-json\/wp\/v2\/types\/product"}],"replies":[{"embeddable":true,"href":"https:\/\/jrh.eu\/hu\/wp-json\/wp\/v2\/comments?post=11812"}],"wp:featuredmedia":[{"embeddable":true,"href":"https:\/\/jrh.eu\/hu\/wp-json\/wp\/v2\/media\/11941"}],"wp:attachment":[{"href":"https:\/\/jrh.eu\/hu\/wp-json\/wp\/v2\/media?parent=11812"}],"wp:term":[{"taxonomy":"pwb-brand","embeddable":true,"href":"https:\/\/jrh.eu\/hu\/wp-json\/wp\/v2\/pwb-brand?post=11812"},{"taxonomy":"product_brand","embeddable":true,"href":"https:\/\/jrh.eu\/hu\/wp-json\/wp\/v2\/product_brand?post=11812"},{"taxonomy":"product_cat","embeddable":true,"href":"https:\/\/jrh.eu\/hu\/wp-json\/wp\/v2\/product_cat?post=11812"},{"taxonomy":"product_tag","embeddable":true,"href":"https:\/\/jrh.eu\/hu\/wp-json\/wp\/v2\/product_tag?post=11812"}],"curies":[{"name":"wp","href":"https:\/\/api.w.org\/{rel}","templated":true}]}}