{"id":10914,"date":"2025-07-20T12:10:57","date_gmt":"2025-07-20T12:10:57","guid":{"rendered":"https:\/\/jrh.eu\/?post_type=product&#038;p=10914"},"modified":"2025-10-05T17:26:01","modified_gmt":"2025-10-05T17:26:01","slug":"1-rafturi-de-colt-pentru-baie-suport-de-depozitare-triunghiular-suport-de-depozitare-de-colt-de-sine-statator-carucior-de-depozitare-multifunctional-tava-de-blat-organizator-de-machiaj-pentru-baie","status":"publish","type":"product","link":"https:\/\/jrh.eu\/hu\/termek\/1-rafturi-de-colt-pentru-baie-suport-de-depozitare-triunghiular-suport-de-depozitare-de-colt-de-sine-statator-carucior-de-depozitare-multifunctional-tava-de-blat-organizator-de-machiaj-pentru-baie\/","title":{"rendered":"1 rafturi de col\u021b pentru baie, suport de depozitare triunghiular, suport de depozitare de col\u021b de sine st\u0103t\u0103tor, c\u0103rucior de depozitare multifunc\u021bional, tav\u0103 de blat organizator de machiaj pentru baie, accesorii pentru baie"},"content":{"rendered":"<div>Etajera cu 4 rafturi pentru col\u021b este solu\u021bia perfect\u0103 pentru a maximiza spa\u021biul \u00een buc\u0103t\u0103rie, baie, living sau oricare alt\u0103 \u00eenc\u0103pere \u00een care dori\u021bi s\u0103 organiza\u021bi \u0219i s\u0103 depozita\u021bi obiecte \u00eentr-un mod eficient. Cu un design practic \u0219i versatil, aceast\u0103 etajer\u0103 poate fi utilizat\u0103 \u00een col\u021buri, optimiz\u00e2nd utilizarea spa\u021biului \u00een mod inteligent. Iat\u0103 o descriere detaliat\u0103 a acestui produs util:<\/div>\n<div><\/div>\n<div>Maximizarea Spa\u021biului: Cuierul cu 4 rafturi pentru col\u021b v\u0103 ajut\u0103 s\u0103 profita\u021bi la maximum de spa\u021biul disponibil \u00een casa dvs. Designul s\u0103u inteligent \u00eel face potrivit pentru utilizarea \u00een col\u021buri, unde spa\u021biul este adesea subutilizat.<\/div>\n<div><\/div>\n<div>Montaj Simplu: Asamblarea acestei etajere este rapid\u0103 \u0219i u\u0219oar\u0103, f\u0103r\u0103 a necesita suruburi sau alte instrumente complicate. Este conceput\u0103 pentru a fi montat\u0103 \u00een c\u00e2teva minute, astfel \u00eenc\u00e2t s\u0103 pute\u021bi beneficia rapid de spa\u021biul suplimentar de depozitare.<\/div>\n<div><\/div>\n<div>Reglabil pe \u00cen\u0103l\u021bime: Picioarele etajerei sunt reglabile pe \u00een\u0103l\u021bime, ceea ce v\u0103 permite s\u0103 ajusta\u021bi nivelul etajerei pentru a asigura stabilitatea \u0219i echilibrul perfect, indiferent de suprafa\u021ba pe care o amplasa\u021bi.<\/div>\n<div><\/div>\n<div>Domeniu de Aplicare Larg: Datorit\u0103 designului s\u0103u triunghiular unic, care se potrive\u0219te bine \u00een col\u021buri, aceast\u0103 etajer\u0103 este potrivit\u0103 pentru a fi plasat\u0103 \u00een col\u021burile buc\u0103t\u0103riei, dormitorului, sufrageriei, biroului \u0219i multe altele. Poate fi utilizat\u0103 pentru a stoca o varietate de obiecte, cum ar fi necesit\u0103\u021bile zilnice, articolele neutilizate sau proviziile de buc\u0103t\u0103rie.<\/div>\n<div><\/div>\n<div>Comutare Flexibil\u0103: A\u021bi putea alege s\u0103 instala\u021bi ro\u021bile pentru o mobilitate u\u0219oar\u0103, astfel \u00eenc\u00e2t s\u0103 pute\u021bi muta u\u0219or etajera \u0219i s\u0103 o cur\u0103\u021ba\u021bi. Sau pute\u021bi utiliza etajera ca o etajer\u0103 de podea f\u0103r\u0103 ro\u021bi pentru a a\u0219eza obiecte rar utilizate.<\/div>\n<div><\/div>\n<div>Sortare U\u0219oar\u0103: Cu 4 rafturi, pute\u021bi sorta u\u0219or articolele \u0219i le pute\u021bi plasa pe diferite niveluri \u00een func\u021bie de frecven\u021ba utiliz\u0103rii lor. Fiecare nivel al co\u0219ului de depozitare are o \u00een\u0103l\u021bime de 6 cm, astfel \u00eenc\u00e2t articolele sunt protejate \u0219i nu trebuie s\u0103 v\u0103 face\u021bi griji c\u0103 vor c\u0103dea.<\/div>\n<div><\/div>\n<div>Structur\u0103 Ventilat\u0103: Cadrele fiec\u0103rui nivel al etajerei sunt ventilate, facilit\u00e2nd cur\u0103\u021barea \u0219i asigur\u00e2nd o mai bun\u0103 ventilare a obiectelor depozitate. Acest aspect este util, de exemplu, atunci c\u00e2nd p\u0103stra\u021bi legume \u0219i fructe pentru a preveni alterarea alimentelor sau c\u00e2nd depozita\u021bi ustensile de baie pentru a evita acumularea apei \u0219i dezvoltarea bacteriilor.<\/div>\n<div><\/div>\n<div>Sigur \u0219i Estetic: Col\u021burile fiec\u0103rui nivel al etajerei sunt moi \u0219i f\u0103r\u0103 muchii ascutite, ceea ce poate preveni \u00eentr-o anumit\u0103 m\u0103sur\u0103 impacturile accidentale. Materialele sunt non-toxice \u0219i f\u0103r\u0103 miros, iar designul alb ofer\u0103 un aspect simplu \u0219i atmosferic, aduc\u00e2nd un plus de confort natural \u00een \u00eenc\u0103pere.<\/div>\n<div><\/div>\n<div>Cu dimensiunile sale de aproximativ 35 cm lungime, 35 cm ad\u00e2ncime \u0219i 70 cm \u00een\u0103l\u021bime, aceast\u0103 etajer\u0103 v\u0103 ofer\u0103 suficient spa\u021biu pentru a organiza \u0219i depozita obiectele \u00eentr-un mod eficient \u0219i compact. Este o solu\u021bie practic\u0103 pentru a face cea mai bun\u0103 utilizare a spa\u021biului disponibil \u00een locuin\u021ba dvs., indiferent de \u00eenc\u0103perea \u00een care o amplasa\u021bi.<\/div>\n<div>Inaltime maxima : 156 cm<\/div>\n<div>latime : 51 cm<\/div>\n<div>lungime : 35 cm<\/div>\n","protected":false},"excerpt":{"rendered":"<p>Etajera cu 4 rafturi pentru col\u021b este solu\u021bia perfect\u0103 pentru a maximiza spa\u021biul \u00een buc\u0103t\u0103rie, baie, living sau oricare alt\u0103 \u00eenc\u0103pere \u00een care dori\u021bi s\u0103 organiza\u021bi \u0219i s\u0103 depozita\u021bi obiecte \u00eentr-un mod eficient. Cu un design practic \u0219i versatil, aceast\u0103 etajer\u0103 poate fi utilizat\u0103 \u00een col\u021buri, optimiz\u00e2nd utilizarea spa\u021biului \u00een mod inteligent. Iat\u0103 o descriere [&hellip;]<\/p>\n","protected":false},"featured_media":11024,"comment_status":"open","ping_status":"closed","template":"","meta":[],"pwb-brand":[],"product_brand":[],"product_cat":[201,229],"product_tag":[],"class_list":{"0":"post-10914","1":"product","2":"type-product","3":"status-publish","4":"has-post-thumbnail","6":"product_cat-home-accessories-top-products","7":"product_cat-miscellaneous-best-offers","9":"first","10":"outofstock","11":"shipping-taxable","12":"purchasable","13":"product-type-simple"},"jetpack_sharing_enabled":true,"brands":[],"_links":{"self":[{"href":"https:\/\/jrh.eu\/hu\/wp-json\/wp\/v2\/product\/10914","targetHints":{"allow":["GET"]}}],"collection":[{"href":"https:\/\/jrh.eu\/hu\/wp-json\/wp\/v2\/product"}],"about":[{"href":"https:\/\/jrh.eu\/hu\/wp-json\/wp\/v2\/types\/product"}],"replies":[{"embeddable":true,"href":"https:\/\/jrh.eu\/hu\/wp-json\/wp\/v2\/comments?post=10914"}],"wp:featuredmedia":[{"embeddable":true,"href":"https:\/\/jrh.eu\/hu\/wp-json\/wp\/v2\/media\/11024"}],"wp:attachment":[{"href":"https:\/\/jrh.eu\/hu\/wp-json\/wp\/v2\/media?parent=10914"}],"wp:term":[{"taxonomy":"pwb-brand","embeddable":true,"href":"https:\/\/jrh.eu\/hu\/wp-json\/wp\/v2\/pwb-brand?post=10914"},{"taxonomy":"product_brand","embeddable":true,"href":"https:\/\/jrh.eu\/hu\/wp-json\/wp\/v2\/product_brand?post=10914"},{"taxonomy":"product_cat","embeddable":true,"href":"https:\/\/jrh.eu\/hu\/wp-json\/wp\/v2\/product_cat?post=10914"},{"taxonomy":"product_tag","embeddable":true,"href":"https:\/\/jrh.eu\/hu\/wp-json\/wp\/v2\/product_tag?post=10914"}],"curies":[{"name":"wp","href":"https:\/\/api.w.org\/{rel}","templated":true}]}}