{"id":10908,"date":"2025-07-20T12:10:56","date_gmt":"2025-07-20T12:10:56","guid":{"rendered":"https:\/\/jrh.eu\/?post_type=product&#038;p=10908"},"modified":"2025-10-05T17:26:01","modified_gmt":"2025-10-05T17:26:01","slug":"set-4-perne-hypo-alergice-31-gratis-50x70cm","status":"publish","type":"product","link":"https:\/\/jrh.eu\/hu\/termek\/set-4-perne-hypo-alergice-31-gratis-50x70cm\/","title":{"rendered":"Set 4 Perne Hypo-Alergice 3+1 GRATIS 50x70cm"},"content":{"rendered":"<h3><strong>Setul con\u021bine 4 perne Hypo-Alergice 50\u00d770cm, antibacteriene, antiacarieni, tratate pentru un somn odihnitor. Pernele sunt umplute cu fibre siliconice non alergenice, iar fa\u021ba este f\u0103cuta din microfibr\u0103 embosat\u0103 catifelat\u0103.<\/strong><\/h3>\n<p><img decoding=\"async\" src=\"https:\/\/o.harnicuta.ro\/images\/perna-1.jpg\" alt=\"\" width=\"100%\" \/><\/p>\n<p><img decoding=\"async\" src=\"https:\/\/o.harnicuta.ro\/images\/perna-23.jpg\" alt=\"\" width=\"100%\" \/><\/p>\n<p>Pernele noastre sunt umplute cu <strong><mark>puf siliconizat, un material de calitate superioar\u0103<\/mark><\/strong> care, datorit\u0103 flexibilit\u0103\u021bii sporite, asigur\u0103 organismului un somn mai lini\u0219tit. Puful nu sc\u00e2r\u021b\u00e2ie \u0219i nu se mi\u0219c\u0103 \u00een timpul somnului, astfel c\u0103 vei avea parte de un somn mai pl\u0103cut pe parcursul \u00eentregii nop\u021bi.<\/p>\n<p>&nbsp;<\/p>\n<p>Husele pernelor sunt f\u0103cute din <strong><mark>microfibr\u0103 embosat\u0103 catifelat\u0103, un material fin \u0219i foarte pl\u0103cut la atingere<\/mark><\/strong>, care las\u0103 pielea s\u0103 respire mai u\u0219or pe parcursul nop\u021bii, \u00eempiedic\u00e2nd transpira\u021bia.<\/p>\n<div class=\"material-info\">\n<p class=\"p1\"><strong>Material exterior:<\/strong> 100% microfibr\u0103 soft touch, placut\u0103 la atingere.<\/p>\n<p class=\"p1\"><strong>Material interior<\/strong>: 100% fibre siliconice, antialergice, tratate antiacarieni.<\/p>\n<p class=\"p1\"><strong>Dimensiuni<\/strong>: 50 x 70 cm.<\/p>\n<p class=\"p1\"><strong>Greutate<\/strong>: \u00een jur de 650 gr. per bucat\u0103<\/p>\n<p class=\"p1\"><strong>Sp\u0103lare<\/strong>: Se pot sp\u0103la p\u00e2n\u0103 la temperatura de 30\u00b0 celsius, la ma\u0219ina de sp\u0103lat.<\/p>\n<p>&nbsp;<\/p>\n<\/div>\n","protected":false},"excerpt":{"rendered":"<p>Setul con\u021bine 4 perne Hypo-Alergice 50\u00d770cm, antibacteriene, antiacarieni, tratate pentru un somn odihnitor. Pernele sunt umplute cu fibre siliconice non alergenice, iar fa\u021ba este f\u0103cuta din microfibr\u0103 embosat\u0103 catifelat\u0103. Pernele noastre sunt umplute cu puf siliconizat, un material de calitate superioar\u0103 care, datorit\u0103 flexibilit\u0103\u021bii sporite, asigur\u0103 organismului un somn mai lini\u0219tit. Puful nu sc\u00e2r\u021b\u00e2ie \u0219i [&hellip;]<\/p>\n","protected":false},"featured_media":11004,"comment_status":"open","ping_status":"closed","template":"","meta":[],"pwb-brand":[],"product_brand":[],"product_cat":[201,229],"product_tag":[],"class_list":{"0":"post-10908","1":"product","2":"type-product","3":"status-publish","4":"has-post-thumbnail","6":"product_cat-home-accessories-top-products","7":"product_cat-miscellaneous-best-offers","9":"first","10":"outofstock","11":"shipping-taxable","12":"purchasable","13":"product-type-simple"},"jetpack_sharing_enabled":true,"brands":[],"_links":{"self":[{"href":"https:\/\/jrh.eu\/hu\/wp-json\/wp\/v2\/product\/10908","targetHints":{"allow":["GET"]}}],"collection":[{"href":"https:\/\/jrh.eu\/hu\/wp-json\/wp\/v2\/product"}],"about":[{"href":"https:\/\/jrh.eu\/hu\/wp-json\/wp\/v2\/types\/product"}],"replies":[{"embeddable":true,"href":"https:\/\/jrh.eu\/hu\/wp-json\/wp\/v2\/comments?post=10908"}],"wp:featuredmedia":[{"embeddable":true,"href":"https:\/\/jrh.eu\/hu\/wp-json\/wp\/v2\/media\/11004"}],"wp:attachment":[{"href":"https:\/\/jrh.eu\/hu\/wp-json\/wp\/v2\/media?parent=10908"}],"wp:term":[{"taxonomy":"pwb-brand","embeddable":true,"href":"https:\/\/jrh.eu\/hu\/wp-json\/wp\/v2\/pwb-brand?post=10908"},{"taxonomy":"product_brand","embeddable":true,"href":"https:\/\/jrh.eu\/hu\/wp-json\/wp\/v2\/product_brand?post=10908"},{"taxonomy":"product_cat","embeddable":true,"href":"https:\/\/jrh.eu\/hu\/wp-json\/wp\/v2\/product_cat?post=10908"},{"taxonomy":"product_tag","embeddable":true,"href":"https:\/\/jrh.eu\/hu\/wp-json\/wp\/v2\/product_tag?post=10908"}],"curies":[{"name":"wp","href":"https:\/\/api.w.org\/{rel}","templated":true}]}}