{"id":10907,"date":"2025-07-20T12:10:56","date_gmt":"2025-07-20T12:10:56","guid":{"rendered":"https:\/\/jrh.eu\/?post_type=product&#038;p=10907"},"modified":"2025-10-05T17:26:01","modified_gmt":"2025-10-05T17:26:01","slug":"moto-bicicleta-electrica-jrh-1000w-60v20a-baterie","status":"publish","type":"product","link":"https:\/\/jrh.eu\/hu\/termek\/moto-bicicleta-electrica-jrh-1000w-60v20a-baterie\/","title":{"rendered":"Moto Bicicleta Electrica jrh 1000w 60v20A baterie"},"content":{"rendered":"<p>Experimenta\u021bi confortul \u0219i caracterul practic al scuterului electric citycoco 1000w \u0219i bucura\u021bi-v\u0103 de o plimbare ecologic\u0103, care nu este doar eficient\u0103, ci \u0219i distractiv\u0103. Contacta\u021bi-ne ast\u0103zi pentru a afla mai multe despre cel mai recent produs al nostru \u0219i despre celelalte solu\u021bii inovatoare ale noastre.<\/p>\n<p>Specifica\u021bie:<\/p>\n<p>Model: scuter electric shansu JY-01 citycoco 1000w<br \/>\nJant\u0103: aliaj de aluminiu de 10 inch<br \/>\nDimensiunea anvelopei: 10 inch<br \/>\nmodul de fr\u00e2n\u0103: fr\u00e2n\u0103 cu disc<br \/>\nUrcare maxima: 18 grade<br \/>\nKilometraj maxim: 40-60 km<br \/>\nViteza maxima: +40 km\/h<br \/>\nSarcina maxima: 200 kg<br \/>\nBaterie deta\u0219abil\u0103: baterie cu litiu 60V20AH<br \/>\n\u00cenc\u0103rc\u0103tor: 2A<br \/>\nTimp de \u00eenc\u0103rcare: 8-10 ore<br \/>\nPutere motor: 1000W Autonomia : variabila<br \/>\nSuspensie cu \u0219oc fa\u021b\u0103: da<br \/>\nSuspensie amortizor spate: da<br \/>\nCorn: da<br \/>\nlumini de \u00eentoarcere: da<br \/>\nSemafor: da<br \/>\nEcran LCD: da<\/p>\n<div class=\"elementor elementor-7850\" data-elementor-type=\"section\" data-elementor-id=\"7850\">\n<section class=\"elementor-section elementor-top-section elementor-element elementor-element-e99a804 elementor-section-boxed elementor-section-height-default elementor-section-height-default\" data-particle_enable=\"false\" data-particle-mobile-disabled=\"false\" data-id=\"e99a804\" data-element_type=\"section\">\n<div class=\"elementor-container elementor-column-gap-default\">\n<div class=\"elementor-column elementor-col-100 elementor-top-column elementor-element elementor-element-5a592ff\" data-id=\"5a592ff\" data-element_type=\"column\">\n<div class=\"elementor-widget-wrap elementor-element-populated\">\n<div class=\"elementor-element elementor-element-44014cd elementor-widget elementor-widget-heading\" data-id=\"44014cd\" data-element_type=\"widget\" data-widget_type=\"heading.default\">\n<div class=\"elementor-widget-container\">\n<h2 class=\"elementor-heading-title elementor-size-default\">Not\u0103 important\u0103<\/h2>\n<\/div>\n<\/div>\n<section class=\"elementor-section elementor-inner-section elementor-element elementor-element-f3f3eca elementor-section-boxed elementor-section-height-default elementor-section-height-default\" data-particle_enable=\"false\" data-particle-mobile-disabled=\"false\" data-id=\"f3f3eca\" data-element_type=\"section\">\n<div class=\"elementor-container elementor-column-gap-default\">\n<div class=\"elementor-column elementor-col-50 elementor-inner-column elementor-element elementor-element-ceecb59\" data-id=\"ceecb59\" data-element_type=\"column\">\n<div class=\"elementor-widget-wrap elementor-element-populated\">\n<div class=\"elementor-element elementor-element-e487ff2 elementor-widget elementor-widget-text-editor\" data-id=\"e487ff2\" data-element_type=\"widget\" data-widget_type=\"text-editor.default\">\n<div class=\"elementor-widget-container\">\n<p>Autonomia exprimata in descrierea<br \/>\nprodusului este aproximativa si poate varia<br \/>\nin functie de diferiti factori, precum:<\/p>\n<\/div>\n<\/div>\n<\/div>\n<\/div>\n<div class=\"elementor-column elementor-col-50 elementor-inner-column elementor-element elementor-element-ccd4e1e\" data-id=\"ccd4e1e\" data-element_type=\"column\">\n<div class=\"elementor-widget-wrap elementor-element-populated\">\n<div class=\"elementor-element elementor-element-ec486e9 elementor-widget elementor-widget-text-editor\" data-id=\"ec486e9\" data-element_type=\"widget\" data-widget_type=\"text-editor.default\">\n<div class=\"elementor-widget-container\">\n<ul>\n<li>viteza de deplasare<\/li>\n<li>greutatea conducatorului si a pasagerului<\/li>\n<li>gradul de inclinare al drumului<\/li>\n<li>Temperaturi scazute<\/li>\n<\/ul>\n<\/div>\n<\/div>\n<\/div>\n<\/div>\n<\/div>\n<\/section>\n<\/div>\n<\/div>\n<\/div>\n<\/section>\n<\/div>\n<p>&nbsp;<\/p>\n<div class=\"elementor elementor-8227\" data-elementor-type=\"section\" data-elementor-id=\"8227\">\n<section class=\"elementor-section elementor-top-section elementor-element elementor-element-33e7cf4 elementor-section-boxed elementor-section-height-default elementor-section-height-default\" data-particle_enable=\"false\" data-particle-mobile-disabled=\"false\" data-id=\"33e7cf4\" data-element_type=\"section\">\n<div class=\"elementor-container elementor-column-gap-default\">\n<div class=\"elementor-column elementor-col-100 elementor-top-column elementor-element elementor-element-b87c002\" data-id=\"b87c002\" data-element_type=\"column\">\n<div class=\"elementor-widget-wrap elementor-element-populated\">\n<div class=\"elementor-element elementor-element-9c08ea5 elementor-widget elementor-widget-image\" data-id=\"9c08ea5\" data-element_type=\"widget\" data-widget_type=\"image.default\">\n<div class=\"elementor-widget-container\"><img fetchpriority=\"high\" decoding=\"async\" class=\"attachment-large size-large wp-image-15085\" src=\"https:\/\/trotty.ro\/wp-content\/uploads\/2022\/06\/certificat-coc1-1.jpg\" alt=\"\" width=\"897\" height=\"252\" \/><\/div>\n<\/div>\n<\/div>\n<\/div>\n<\/div>\n<\/section>\n<\/div>\n<p>&nbsp;<\/p>\n","protected":false},"excerpt":{"rendered":"<p>Experimenta\u021bi confortul \u0219i caracterul practic al scuterului electric citycoco 1000w \u0219i bucura\u021bi-v\u0103 de o plimbare ecologic\u0103, care nu este doar eficient\u0103, ci \u0219i distractiv\u0103. Contacta\u021bi-ne ast\u0103zi pentru a afla mai multe despre cel mai recent produs al nostru \u0219i despre celelalte solu\u021bii inovatoare ale noastre. Specifica\u021bie: Model: scuter electric shansu JY-01 citycoco 1000w Jant\u0103: aliaj [&hellip;]<\/p>\n","protected":false},"featured_media":10991,"comment_status":"open","ping_status":"closed","template":"","meta":[],"pwb-brand":[],"product_brand":[],"product_cat":[252],"product_tag":[],"class_list":{"0":"post-10907","1":"product","2":"type-product","3":"status-publish","4":"has-post-thumbnail","6":"product_cat-electric-scooter","8":"first","9":"outofstock","10":"shipping-taxable","11":"purchasable","12":"product-type-simple"},"jetpack_sharing_enabled":true,"brands":[],"_links":{"self":[{"href":"https:\/\/jrh.eu\/hu\/wp-json\/wp\/v2\/product\/10907","targetHints":{"allow":["GET"]}}],"collection":[{"href":"https:\/\/jrh.eu\/hu\/wp-json\/wp\/v2\/product"}],"about":[{"href":"https:\/\/jrh.eu\/hu\/wp-json\/wp\/v2\/types\/product"}],"replies":[{"embeddable":true,"href":"https:\/\/jrh.eu\/hu\/wp-json\/wp\/v2\/comments?post=10907"}],"wp:featuredmedia":[{"embeddable":true,"href":"https:\/\/jrh.eu\/hu\/wp-json\/wp\/v2\/media\/10991"}],"wp:attachment":[{"href":"https:\/\/jrh.eu\/hu\/wp-json\/wp\/v2\/media?parent=10907"}],"wp:term":[{"taxonomy":"pwb-brand","embeddable":true,"href":"https:\/\/jrh.eu\/hu\/wp-json\/wp\/v2\/pwb-brand?post=10907"},{"taxonomy":"product_brand","embeddable":true,"href":"https:\/\/jrh.eu\/hu\/wp-json\/wp\/v2\/product_brand?post=10907"},{"taxonomy":"product_cat","embeddable":true,"href":"https:\/\/jrh.eu\/hu\/wp-json\/wp\/v2\/product_cat?post=10907"},{"taxonomy":"product_tag","embeddable":true,"href":"https:\/\/jrh.eu\/hu\/wp-json\/wp\/v2\/product_tag?post=10907"}],"curies":[{"name":"wp","href":"https:\/\/api.w.org\/{rel}","templated":true}]}}