{"id":10515,"date":"2025-07-15T20:40:47","date_gmt":"2025-07-15T20:40:47","guid":{"rendered":"https:\/\/jrh.eu\/?post_type=product&#038;p=10515"},"modified":"2025-10-05T17:25:53","modified_gmt":"2025-10-05T17:25:53","slug":"chitara-clasica-crem-natur-4-4-38-95-x-35-cm-pentru-incepatori-si-adulti-recomandata-peste-8-10-ani-6-corzi-metalice-20-de-taste","status":"publish","type":"product","link":"https:\/\/jrh.eu\/hu\/termek\/chitara-clasica-crem-natur-4-4-38-95-x-35-cm-pentru-incepatori-si-adulti-recomandata-peste-8-10-ani-6-corzi-metalice-20-de-taste\/","title":{"rendered":"Chitara Clasica Crem\/Natur 4\/4 38&#8243; ( 95 X 35 CM ), pentru Incepatori si Adulti, Recomandata peste 8-10 ani, 6 Corzi Metalice, 20 De Taste"},"content":{"rendered":"<p>Perfect pentru \u00eencep\u0103tori, studen\u021bi \u0219i iubitori de muzic\u0103.<br \/>\nDatorit\u0103 tonului s\u0103u elegant, u\u0219or de \u00eenv\u0103\u021bat, cu un ton \u0219i o expresie foarte bogat\u0103\u00a0de exprimare, nu numai pentru a exprima un murmur eufemistic \u0219i emo\u021bionant, ci \u0219i pentru a exprima spiritul maiestuos \u0219i eroic \u0219i a l\u0103sa un num\u0103r de oameni s\u0103 viseze.<br \/>\nO chitar\u0103, cele \u0219ase coarde de Aur, po\u021bi fi plin de respira\u021bie tinereasc\u0103. Melodia u\u0219oar\u0103, care joac\u0103 spa\u021biul muzical relaxant, poate exprima bucuria \u0219i \u00eentristarea \u0219i poate cultiva farmecul solemn \u0219i gra\u021bios al temperamentului. Tonul frumos \u0219i jocul natural \u0219i f\u0103r\u0103 restric\u021bii \u00eei pot ad\u0103uga farmecul personal dragostei tinerilor.<\/p>\n<h1 dir=\"ltr\" data-placeholder=\"Traducere\">SPECIFICA\u021aII\/CARACTERISTICI:<\/h1>\n<p>&nbsp;<\/p>\n<ul dir=\"ltr\">\n<li data-placeholder=\"Traducere\">CULOARE: CREM\/NATUR;<\/li>\n<li data-placeholder=\"Traducere\">MATERIAL: LEMN DE TEI;<\/li>\n<li data-placeholder=\"Traducere\">TIP CHITAR\u0102: CLASIC\u0102, 4\/4;<\/li>\n<li data-placeholder=\"Traducere\">GREUTATE: 2KG;<\/li>\n<li data-placeholder=\"Traducere\">DIMENSIUNI: 95 X 35 CM;<\/li>\n<li data-placeholder=\"Traducere\">V\u00c2RSTA RECOMANDAT\u0102: DE LA 8-10 ANI \u00ceN SUS;<\/li>\n<\/ul>\n","protected":false},"excerpt":{"rendered":"<p>Perfect pentru \u00eencep\u0103tori, studen\u021bi \u0219i iubitori de muzic\u0103. Datorit\u0103 tonului s\u0103u elegant, u\u0219or de \u00eenv\u0103\u021bat, cu un ton \u0219i o expresie foarte bogat\u0103\u00a0de exprimare, nu numai pentru a exprima un murmur eufemistic \u0219i emo\u021bionant, ci \u0219i pentru a exprima spiritul maiestuos \u0219i eroic \u0219i a l\u0103sa un num\u0103r de oameni s\u0103 viseze. O chitar\u0103, cele [&hellip;]<\/p>\n","protected":false},"featured_media":10601,"comment_status":"open","ping_status":"closed","template":"","meta":[],"pwb-brand":[],"product_brand":[],"product_cat":[213,225],"product_tag":[],"class_list":{"0":"post-10515","1":"product","2":"type-product","3":"status-publish","4":"has-post-thumbnail","6":"product_cat-disco-party-accessories","7":"product_cat-guitars","9":"first","10":"outofstock","11":"shipping-taxable","12":"purchasable","13":"product-type-simple"},"jetpack_sharing_enabled":true,"brands":[],"_links":{"self":[{"href":"https:\/\/jrh.eu\/hu\/wp-json\/wp\/v2\/product\/10515","targetHints":{"allow":["GET"]}}],"collection":[{"href":"https:\/\/jrh.eu\/hu\/wp-json\/wp\/v2\/product"}],"about":[{"href":"https:\/\/jrh.eu\/hu\/wp-json\/wp\/v2\/types\/product"}],"replies":[{"embeddable":true,"href":"https:\/\/jrh.eu\/hu\/wp-json\/wp\/v2\/comments?post=10515"}],"wp:featuredmedia":[{"embeddable":true,"href":"https:\/\/jrh.eu\/hu\/wp-json\/wp\/v2\/media\/10601"}],"wp:attachment":[{"href":"https:\/\/jrh.eu\/hu\/wp-json\/wp\/v2\/media?parent=10515"}],"wp:term":[{"taxonomy":"pwb-brand","embeddable":true,"href":"https:\/\/jrh.eu\/hu\/wp-json\/wp\/v2\/pwb-brand?post=10515"},{"taxonomy":"product_brand","embeddable":true,"href":"https:\/\/jrh.eu\/hu\/wp-json\/wp\/v2\/product_brand?post=10515"},{"taxonomy":"product_cat","embeddable":true,"href":"https:\/\/jrh.eu\/hu\/wp-json\/wp\/v2\/product_cat?post=10515"},{"taxonomy":"product_tag","embeddable":true,"href":"https:\/\/jrh.eu\/hu\/wp-json\/wp\/v2\/product_tag?post=10515"}],"curies":[{"name":"wp","href":"https:\/\/api.w.org\/{rel}","templated":true}]}}