{"id":10373,"date":"2025-07-15T20:39:15","date_gmt":"2025-07-15T20:39:15","guid":{"rendered":"https:\/\/jrh.eu\/?post_type=product&#038;p=10373"},"modified":"2025-10-05T17:25:51","modified_gmt":"2025-10-05T17:25:51","slug":"ultra-smartwatch-gd9-auriu-bluetooth","status":"publish","type":"product","link":"https:\/\/jrh.eu\/hu\/termek\/ultra-smartwatch-gd9-auriu-bluetooth\/","title":{"rendered":"Ultra Smartwatch GD9, Auriu bluetooth"},"content":{"rendered":"<h1><strong>Ultra Smartwatch GD9, Auriu,\u00a0<\/strong><\/h1>\n<h5 id=\"tw-target-text\" class=\"tw-data-text tw-text-large tw-ta\" dir=\"ltr\" data-placeholder=\"Traducere\"><strong><span class=\"Y2IQFc\" lang=\"ro\">\u00centr-o cutie decorativ\u0103 aurie<br \/>\n&#8211; m\u0103surarea pulsului, m\u0103surarea tensiunii arteriale, m\u0103surarea oxigenului din s\u00e2nge<br \/>\nCeasul inteligent GD9 Ultra este o alegere excelent\u0103 pentru toat\u0103 lumea.<br \/>\nCeasul inteligent are func\u021bii speciale \u0219i un aspect elegant.<br \/>\nFunc\u021bionarea sa este simpl\u0103 \u0219i intuitiv\u0103.<br \/>\nDoar atinge\u021bi butonul \u201edefilare\u201d pentru a comuta \u00eentre diferite func\u021bii \u0219i aplica\u021bii.<br \/>\nBratara ceasului este realizata din otel inoxidabil, ceea ce asigura durabilitate si confort la purtare.<br \/>\nCeasul inteligent este u\u0219or \u0219i u\u0219or de transportat, c\u00e2nt\u0103rind doar 32,9 g.<br \/>\nCu un pedometru cu monitorizare a pulsului<br \/>\nCu m\u0103surarea tensiunii arteriale<br \/>\nbluetooth<br \/>\nplayer muzical<br \/>\nafi\u0219are a caloriilor \u0219i a distan\u021bei parcurse<br \/>\nindica\u021bie de vreme<br \/>\nindica\u021bie de temperatur\u0103<br \/>\nm\u0103surare a nivelului de oxigen din s\u00e2nge<br \/>\ncalendar<br \/>\nfunc\u021bie de ceas cu alarm\u0103 \u00eencorporat\u0103<br \/>\ncontrol foto de pe telefonul mobil<br \/>\ncalculator<br \/>\ncronometru<br \/>\nprimirea notific\u0103rilor facebook<br \/>\nprimirea mesajelor \u0219i multe alte func\u021bii inteligente<\/span><\/strong><\/h5>\n","protected":false},"excerpt":{"rendered":"<p>Ultra Smartwatch GD9, Auriu,\u00a0 \u00centr-o cutie decorativ\u0103 aurie &#8211; m\u0103surarea pulsului, m\u0103surarea tensiunii arteriale, m\u0103surarea oxigenului din s\u00e2nge Ceasul inteligent GD9 Ultra este o alegere excelent\u0103 pentru toat\u0103 lumea. Ceasul inteligent are func\u021bii speciale \u0219i un aspect elegant. Func\u021bionarea sa este simpl\u0103 \u0219i intuitiv\u0103. Doar atinge\u021bi butonul \u201edefilare\u201d pentru a comuta \u00eentre diferite func\u021bii \u0219i [&hellip;]<\/p>\n","protected":false},"featured_media":10469,"comment_status":"open","ping_status":"closed","template":"","meta":[],"pwb-brand":[],"product_brand":[],"product_cat":[212],"product_tag":[],"class_list":{"0":"post-10373","1":"product","2":"type-product","3":"status-publish","4":"has-post-thumbnail","6":"product_cat-phone-accessories-special-offers","8":"first","9":"outofstock","10":"shipping-taxable","11":"purchasable","12":"product-type-simple"},"jetpack_sharing_enabled":true,"brands":[],"_links":{"self":[{"href":"https:\/\/jrh.eu\/hu\/wp-json\/wp\/v2\/product\/10373","targetHints":{"allow":["GET"]}}],"collection":[{"href":"https:\/\/jrh.eu\/hu\/wp-json\/wp\/v2\/product"}],"about":[{"href":"https:\/\/jrh.eu\/hu\/wp-json\/wp\/v2\/types\/product"}],"replies":[{"embeddable":true,"href":"https:\/\/jrh.eu\/hu\/wp-json\/wp\/v2\/comments?post=10373"}],"wp:featuredmedia":[{"embeddable":true,"href":"https:\/\/jrh.eu\/hu\/wp-json\/wp\/v2\/media\/10469"}],"wp:attachment":[{"href":"https:\/\/jrh.eu\/hu\/wp-json\/wp\/v2\/media?parent=10373"}],"wp:term":[{"taxonomy":"pwb-brand","embeddable":true,"href":"https:\/\/jrh.eu\/hu\/wp-json\/wp\/v2\/pwb-brand?post=10373"},{"taxonomy":"product_brand","embeddable":true,"href":"https:\/\/jrh.eu\/hu\/wp-json\/wp\/v2\/product_brand?post=10373"},{"taxonomy":"product_cat","embeddable":true,"href":"https:\/\/jrh.eu\/hu\/wp-json\/wp\/v2\/product_cat?post=10373"},{"taxonomy":"product_tag","embeddable":true,"href":"https:\/\/jrh.eu\/hu\/wp-json\/wp\/v2\/product_tag?post=10373"}],"curies":[{"name":"wp","href":"https:\/\/api.w.org\/{rel}","templated":true}]}}