{"id":10334,"date":"2025-07-15T20:38:54","date_gmt":"2025-07-15T20:38:54","guid":{"rendered":"https:\/\/jrh.eu\/?post_type=product&#038;p=10334"},"modified":"2025-10-05T17:25:50","modified_gmt":"2025-10-05T17:25:50","slug":"panou-fotovoltaic-545w-longi-lr5-72hih-545m-monocristalin-half-cut-cell","status":"publish","type":"product","link":"https:\/\/jrh.eu\/hu\/termek\/panou-fotovoltaic-545w-longi-lr5-72hih-545m-monocristalin-half-cut-cell\/","title":{"rendered":"Panou fotovoltaic 545W Longi LR5-72HIH-545M, monocristalin, Half-Cut Cell"},"content":{"rendered":"<h2>Panou fotovoltaic 545W Longi LR5-72HIH-545M, monocristalin, Half-Cut Cell<\/h2>\n<p><strong>Panoul LR5-72HIH-545M\u00a0<\/strong>este un modul monocristalin de 545 W \u0219i 144 de celule (6 x 24), creat de\u00a0<strong>LONGi<\/strong>, care este unul dintre cei mai importan\u021bi produc\u0103tori din industria fotovoltaic\u0103 mondial\u0103.<span id=\"more-17386\"><\/span><\/p>\n<p><strong>Panoul fotovoltaic LR5-72HIH-545M, LONGi<\/strong>\u00a0cu 44 celule monocristaline este un modul cu folie de sticl\u0103, cu cadru anodizat, folie alb\u0103 \u0219i conector PV-LR5. Are plachete M10 cu ram\u0103 dubl\u0103 de sticl\u0103 pentru a asigura \u00eenc\u0103rcarea modulelor, lu\u00e2nd \u00een considerare \u00een totalitate distan\u021ba dintre bra\u021be pentru manipularea manual\u0103. Tehnologia de dopaj cu galiu dep\u0103\u0219e\u0219te atenuarea luminii din modul \u0219i asigur\u0103 stabilitatea pe termen lung a gener\u0103rii de energie din modul.\u00a0<strong>LONGi<\/strong>\u00a0are solu\u021bii moderne \u0219i avansate de ambalare pentru un transport extrem de sigur \u0219i eficient din punct de vedere al costurilor.<\/p>\n<p>Iat\u0103 c\u00e2teva sfaturi importante pe care trebuie s\u0103 le urma\u021bi pentru a asigura func\u021bionarea corect\u0103 a dispozitivului dumneavoastr\u0103 \u0219i siguran\u021ba mediului \u00eenconjur\u0103tor. Z\u0103pada, apa sau alt mediu reflectorizant din mediul \u00eenconjur\u0103tor care intensific\u0103 re-flectarea luminii vor cre\u0219te curentul \u0219i puterea de ie\u0219ire. Iar tensiunea \u0219i puterea modulului vor cre\u0219te \u00een condi\u021bii de temperatur\u0103 sc\u0103zut\u0103. Nu focaliza\u021bi manual lumina soarelui cu oglinzi sau lupe pe module. Modulele\u00a0<strong>LONGi<\/strong>\u00a0se instaleaz\u0103 pe cl\u0103diri corespunz\u0103toare sau \u00een alte locuri adecvate (cum ar fi solul, garajul, peretele exterior al cl\u0103dirii, acoperi\u0219ul, sistemul de urm\u0103rire a energiei fotovoltaice), dar nu se instaleaz\u0103 pe niciun vehicul. Nu instala\u021bi modulele \u00een locuri care sunt susceptibile de a fi inundate.\u00a0<strong>LONGi<\/strong>\u00a0sugereaz\u0103 ca modulele s\u0103 fie instalate \u00een mediul de lucru cu o temperatur\u0103 cuprins\u0103 \u00eentre -40 \u00b0C \u0219i 40 \u00b0C, care reprezint\u0103 temperatura medie lunar\u0103 cea mai ridicat\u0103 \u0219i cea mai sc\u0103zut\u0103 a locurilor de instalare. Temperatura extrem\u0103 a mediului de lucru pentru module este cuprins\u0103 \u00eentre -40 \u0219i 85 \u00b0C. Asigura\u021bi-v\u0103 c\u0103 modulele instalate nu sunt supuse unei presiuni din cauza v\u00e2ntului sau a z\u0103pezii care s\u0103 dep\u0103\u0219easc\u0103 limita maxim\u0103 de \u00eenc\u0103rcare admis\u0103. Modulele trebuie instalate \u00een locuri ferite de umbr\u0103 pe tot parcursul anului. Asigura\u021bi-v\u0103 c\u0103 nu exist\u0103 obstacole care s\u0103 blocheze lumina \u00een locurile de instalare. Efectua\u021bi protec\u021bia \u00eempotriva tr\u0103snetului pentru modulele instalate \u00een locuri cu fulgere \u0219i tunete frecvente. Modulele nu pot fi utilizate \u00een medii cu prea mult\u0103 grindin\u0103, z\u0103pad\u0103, gaze de ardere, poluare atmosferic\u0103 \u0219i funingine sau \u00een locuri cu substan\u021be puternic corozive, cum ar fi sare, cea\u021b\u0103 salin\u0103, substan\u021be saline, abur chimic activ, ploaie acid\u0103 sau alte substan\u021be care corodeaz\u0103 modulele, afect\u00e2nd siguran\u021ba sau performan\u021ba modulelor.<\/p>\n<h3>Performan\u021b\u0103 electric\u0103<\/h3>\n<p>M\u0103sur\u0103torile de performan\u021b\u0103 raportate sunt supuse unei incertitudini de +\/-3% la o iradiere STC (1000 W\/m2 , o temperatur\u0103 a celulei de 25 \u00b0C \u0219i un spectru AM1.5) pentru tensiune, curent \u0219i putere. Atunci c\u00e2nd modulele sunt conectate \u00een serie, tensiunea \u0219irului este suma fiec\u0103rui modul individual dintr-un \u0219ir. Atunci c\u00e2nd modulele sunt conectate \u00een paralel, curentul este suma modulelor individuale, a\u0219a cum se arat\u0103 \u00een\u00a0<em>figura 10<\/em>\u00a0de mai jos. Modulele cu modele diferite de performan\u021b\u0103 electric\u0103 nu pot fi conectate \u00eentr-un singur \u0219ir.<\/p>\n<p><img decoding=\"async\" class=\"alignnone size-medium wp-image-17222\" title=\"Panou fotovoltaic 545W Longi LR5-72HIH-545M, monocristalin, Half-Cut Cell 2\" src=\"https:\/\/www.solarone.ro\/wp-content\/uploads\/2023\/03\/schema-de-circuit-a-conexiunii-in-serie-si-paralel-300x150.jpg\" alt=\"schema de circuit a conexiunii in serie si paralel\" width=\"300\" height=\"150\" \/><\/p>\n<h3>Selectarea unghiurilor de \u00eenclinare<\/h3>\n<p>Unghiul inclus \u00eentre suprafa\u021ba modulului \u0219i suprafa\u021ba orizontal\u0103; modulul va ob\u021bine puterea maxim\u0103 de ie\u0219ire a energiei \u00een condi\u021bii de expunere direct\u0103 la lumina soarelui.<img fetchpriority=\"high\" decoding=\"async\" class=\"alignnone size-medium wp-image-17223\" title=\"Panou fotovoltaic 545W Longi LR5-72HIH-545M, monocristalin, Half-Cut Cell 3\" src=\"https:\/\/www.solarone.ro\/wp-content\/uploads\/2023\/03\/unghiul-de-inclinare-a-modulelor-longi-300x168.jpg\" alt=\"unghiul de inclinare a modulelor longi\" width=\"300\" height=\"168\" \/><\/p>\n<p>Se prefer\u0103 ca modulele s\u0103 fie orientate spre sud \u00een emisfera nordic\u0103 \u0219i spre nord \u00een emisfera sudic\u0103.<\/p>\n<p><strong>LONGi<\/strong>\u00a0sugereaz\u0103 ca unghiul de \u00eenclinare al instal\u0103rii modulelor s\u0103 nu fie mai mic de 10\u00b0, astfel \u00eenc\u00e2t praful de pe suprafa\u021ba modulelor s\u0103 poat\u0103 fi sp\u0103lat u\u0219or de ploaie \u0219i frecven\u021ba cur\u0103\u021b\u0103rii s\u0103 fie redus\u0103. \u0218i este u\u0219or ca apa s\u0103 se scurg\u0103 \u0219i s\u0103 se evite urmele de ap\u0103 pe sticl\u0103 din cauza unei perioade lungi de timp de acumulare a apei care poate afecta \u0219i mai mult aspectul \u0219i performan\u021ba modulului.<\/p>\n<h3>Performan\u021b\u0103 ridicat\u0103<\/h3>\n<p><strong>LONGi<\/strong>\u00a0atinge recorduri de eficien\u021b\u0103 \u0219i performan\u021be excelente chiar \u0219i \u00een condi\u021bii de radia\u021bie solar\u0103 sc\u0103zut\u0103 sau \u00een condi\u021bii dificile, de exemplu \u00een regiunile de coast\u0103 sau \u00een ferme.<\/p>\n<p><strong>Panoul solar fotovoltaic, monocristalin, silver, Half-Cut Cell, 545 W, LR5-72HIH-545M, LONGi<\/strong>\u00a0are urm\u0103toarele avantaje excep\u021bionale:<\/p>\n<ul>\n<li>Garan\u021bie de 12 ani pentru materiale \u0219i procesare.<\/li>\n<li>Garan\u021bie de 25 de ani pentru puterea de ie\u0219ire extra-liniar\u0103.<\/li>\n<\/ul>\n<p>Noua celula\u00a0<strong>Hi-MO5<\/strong>\u00a0al\u00a0<strong>panoului fotovoltaic, 545 W,LR5-72HIH-545M, LONGi<\/strong>\u00a0are performan\u021be sporite. \u00cembun\u0103t\u0103\u021bit cu efect anti-PID rezist\u0103 la degradare mult timp. Este rezistent la sarcini de z\u0103pad\u0103 5400Pa \u0219i v\u00e2nt 2400Pa. Rezisten\u021ba la grindin\u0103 de 25 mm la o vitez\u0103 de 23 m\/s.<\/p>\n<h3>Parametrii mecanici:<\/h3>\n<ul>\n<li>Structura: 144 de celule.<\/li>\n<li>Cutia de jonc\u021biune: IP68, tip divizat, 3 diode.<\/li>\n<li>Greutate: 27.2 kg.<\/li>\n<li>Dimensiunea: lungime 2256 \u00d7 l\u0103\u021bime 1133 \u00d7 \u00een\u0103l\u021bime 35 mm.<\/li>\n<\/ul>\n<p>Parametrii de performan\u021b\u0103 electric\u0103 (test STC)\u00a0<strong>panou fotovoltaic 545W LR5-72HIH-545M LONGi<\/strong><\/p>\n<ul>\n<li>Puterea maxim\u0103 (Pmax\/W): 545.<\/li>\n<li>Tensiunea \u00een circuit deschis (Voc\/V): 49.65.<\/li>\n<li>Curentul de scurtcircuit (Isc\/A): 13.92.<\/li>\n<li>Tensiunea de putere de v\u00e2rf (Vmp\/V): 41.80.<\/li>\n<li>Curentul de putere de v\u00e2rf (Imp\/A): 13.04.<\/li>\n<\/ul>\n<p>Parametrii de performan\u021b\u0103 electric\u0103 (testul NOCT)\u00a0<strong>panou fotovoltaic 545W LR5-72HIH-545M LONGi<\/strong><\/p>\n<ul>\n<li>Puterea maxim\u0103 (Pmax\/W): 407.4<\/li>\n<li>Tensiunea \u00een circuit deschis (Voc\/V): 46.68.<\/li>\n<li>Curentul de scurtcircuit (Isc\/A): 11.25.<\/li>\n<li>Tensiunea de putere de v\u00e2rf (Vmp\/V): 38.83.<\/li>\n<li>Curentul de putere de v\u00e2rf (Imp\/A): 10.49.<\/li>\n<\/ul>\n<p>Coeficientul de temperatur\u0103 (testul STC)\u00a0<strong>panou fotovoltaic 545W LR5-72HIH-545M LONGi<\/strong><\/p>\n<ul>\n<li>Coeficientul de temperatur\u0103 al curentului de scurtcircuit (Isc): +0.050%\/\u00b0C.<\/li>\n<li>Coeficientul de temperatur\u0103 al tensiunii \u00een circuit deschis (Voc): -0.265%\/\u00b0C.<\/li>\n<li>Coeficientul de temperatur\u0103 al puterii de v\u00e2rf (Pmax): -0.340%\/\u2103.<\/li>\n<\/ul>\n<p><strong>Panoul solar fotovoltaic 545W, monocristalin, Half-Cut Cell, LR5-72HIH-545M, LONGi<\/strong>\u00a0este ideal at\u00e2t pentru instala\u021biile izolate de energie solar\u0103 fotovoltaic\u0103 c\u00e2t \u0219i pentru cele conectate la re\u021beaua electric\u0103. Aceste panouri se remarc\u0103 prin raportul calitate\/pre\u021b forate avantajos. Panourile fotovoltaice de tip\u00a0<strong>Half-Cut Cell<\/strong>\u00a0au celule solare t\u0103iate la jum\u0103tate, ceea ce \u00eembun\u0103t\u0103\u021be\u0219te performan\u021ba \u0219i durabilitatea modulului. C\u00e2nd celulele fotovoltaice sunt \u00eenjum\u0103t\u0103\u021bite, curentul lor este de asemenea redus la jum\u0103tate, astfel \u00eenc\u00e2t pierderile rezistive din busbar sunt de asemenea reduse. Aceste module au puteri de ie\u0219ire mai mari \u0219i sunt mai fiabile dec\u00e2t panourile tradi\u021bionale. Panourile fotovoltaice monocristaline au un randament mai mare, produc mai mult\u0103 energie pe timp \u00eennourat, dar le scade randamentul odat\u0103 cu cre\u0219terea temperaturii cu circa 0,37-0,39%\/grad Celsius \u2013 vara de exemplu temperatura la nivelul celulei fotovoltaice poate atinge 70-800 \u00b0C. Cu toate acestea, atunci c\u00e2nd evalu\u0103m op\u021biunile \u00een materie de panouri solare potrivite din punct de vedere tehnologic, vom\u00a0 \u00eent\u00e2lni dou\u0103 categorii majore de panouri: panouri solare monocristaline \u0219i panouri solare policristaline. Ambele sunt op\u021biuni conven\u021bionale care au fost utilizate de zeci de ani. Ambele tipuri de panouri valorific\u0103 energia solar\u0103, dar trebuie s\u0103 lua\u021bi \u00een considerare diferen\u021bele dintre panourile solare monocristaline \u0219i policristaline \u00een mod obiectiv \u00eenainte de a le cump\u0103ra. Majoritatea panourilor solare de pe pia\u021ba actual\u0103 vin cu o garan\u021bie de 25 de ani (garan\u021bie de performan\u021b\u0103). Aceasta \u00eenseamn\u0103, \u00een general, o produc\u021bie electric\u0103 garantat\u0103 timp de 10 ani la 90% din puterea nominal\u0103 \u0219i 25 de ani la 80%. Celulele solare din cadrul panourilor monocristaline sunt produse cu plachete de siliciu \u2013 siliciul este mai \u00eent\u00e2i format \u00een bare \u0219i apoi este t\u0103iat \u00een plachete sub\u021biri. Panoul \u00ee\u0219i deriv\u0103 numele \u201emono\u201d deoarece folose\u0219te siliciu monocristal. Deoarece celula este constituit\u0103 dintr-un singur cristal, ofer\u0103 electronilor mai mult spa\u021biu pentru a se deplasa astfel produc\u00e2nd un flux mai bun de electricitate. Acesta este motivul din spatele eficien\u021bei mai mari a panourilor solare monocristaline fa\u021b\u0103 de policristaline.<\/p>\n<p><strong>Descarca documentatia produsului<\/strong><\/p>\n<table>\n<tbody>\n<tr>\n<td><a href=\"https:\/\/www.solarone.ro\/wp-content\/uploads\/2022\/08\/LONGi-Data-Sheet-LR5-72HIH-535-555M-black-frame-V16-LowRes-EN-1.pdf\">Fisa tehnica Longi LR5-72HIH-545M<br \/>\n<img decoding=\"async\" class=\"aligncenter\" title=\"Panou fotovoltaic 545W Longi LR5-72HIH-545M, monocristalin, Half-Cut Cell 4\" src=\"https:\/\/www.solarone.ro\/wp-content\/uploads\/2022\/08\/pdf-download-e1671185506390.png\" alt=\"fisa\" \/><br \/>\n<\/a><\/td>\n<td><a href=\"https:\/\/www.solarone.ro\/wp-content\/uploads\/2022\/08\/CSA_Single_Glass_UL_61730_Certificate_5c294eb0e0.pdf\">Certificat de conformitate Longi LR5-72HIH-545M<br \/>\n<img decoding=\"async\" class=\"aligncenter\" title=\"Panou fotovoltaic 545W Longi LR5-72HIH-545M, monocristalin, Half-Cut Cell 4\" src=\"https:\/\/www.solarone.ro\/wp-content\/uploads\/2022\/08\/pdf-download-e1671185506390.png\" alt=\"fisa\" \/><br \/>\n<\/a><\/td>\n<td><a href=\"https:\/\/www.solarone.ro\/wp-content\/uploads\/2022\/08\/Limited_Warranty_for_LON_Gi_PV_Modules_HE_Single_Glass_Series_f69544dc1f.pdf\">Garan\u021bia interna\u021bionala<br \/>\n<img decoding=\"async\" class=\"aligncenter\" title=\"Panou fotovoltaic 545W Longi LR5-72HIH-545M, monocristalin, Half-Cut Cell 4\" src=\"https:\/\/www.solarone.ro\/wp-content\/uploads\/2022\/08\/pdf-download-e1671185506390.png\" alt=\"fisa\" \/><\/a><\/td>\n<\/tr>\n<\/tbody>\n<\/table>\n","protected":false},"excerpt":{"rendered":"<p>Panou fotovoltaic 545W Longi LR5-72HIH-545M, monocristalin, Half-Cut Cell Panoul LR5-72HIH-545M\u00a0este un modul monocristalin de 545 W \u0219i 144 de celule (6 x 24), creat de\u00a0LONGi, care este unul dintre cei mai importan\u021bi produc\u0103tori din industria fotovoltaic\u0103 mondial\u0103. Panoul fotovoltaic LR5-72HIH-545M, LONGi\u00a0cu 44 celule monocristaline este un modul cu folie de sticl\u0103, cu cadru anodizat, folie [&hellip;]<\/p>\n","protected":false},"featured_media":10406,"comment_status":"open","ping_status":"closed","template":"","meta":[],"pwb-brand":[],"product_brand":[],"product_cat":[209],"product_tag":[],"class_list":{"0":"post-10334","1":"product","2":"type-product","3":"status-publish","4":"has-post-thumbnail","6":"product_cat-photovoltaic-solar-panels","8":"first","9":"outofstock","10":"shipping-taxable","11":"purchasable","12":"product-type-simple"},"jetpack_sharing_enabled":true,"brands":[],"_links":{"self":[{"href":"https:\/\/jrh.eu\/hu\/wp-json\/wp\/v2\/product\/10334","targetHints":{"allow":["GET"]}}],"collection":[{"href":"https:\/\/jrh.eu\/hu\/wp-json\/wp\/v2\/product"}],"about":[{"href":"https:\/\/jrh.eu\/hu\/wp-json\/wp\/v2\/types\/product"}],"replies":[{"embeddable":true,"href":"https:\/\/jrh.eu\/hu\/wp-json\/wp\/v2\/comments?post=10334"}],"wp:featuredmedia":[{"embeddable":true,"href":"https:\/\/jrh.eu\/hu\/wp-json\/wp\/v2\/media\/10406"}],"wp:attachment":[{"href":"https:\/\/jrh.eu\/hu\/wp-json\/wp\/v2\/media?parent=10334"}],"wp:term":[{"taxonomy":"pwb-brand","embeddable":true,"href":"https:\/\/jrh.eu\/hu\/wp-json\/wp\/v2\/pwb-brand?post=10334"},{"taxonomy":"product_brand","embeddable":true,"href":"https:\/\/jrh.eu\/hu\/wp-json\/wp\/v2\/product_brand?post=10334"},{"taxonomy":"product_cat","embeddable":true,"href":"https:\/\/jrh.eu\/hu\/wp-json\/wp\/v2\/product_cat?post=10334"},{"taxonomy":"product_tag","embeddable":true,"href":"https:\/\/jrh.eu\/hu\/wp-json\/wp\/v2\/product_tag?post=10334"}],"curies":[{"name":"wp","href":"https:\/\/api.w.org\/{rel}","templated":true}]}}