{"id":9827,"date":"2025-07-15T20:34:39","date_gmt":"2025-07-15T20:34:39","guid":{"rendered":"https:\/\/jrh.eu\/?post_type=product&#038;p=9827"},"modified":"2025-10-05T17:25:42","modified_gmt":"2025-10-05T17:25:42","slug":"smart-watch-ultra-series-8-nfc-barbati-femei-apeluri-bluetooth-incarcare-fara-fir-bratara-fitness-ecran-hd-de-2-inchi","status":"publish","type":"product","link":"https:\/\/jrh.eu\/bg\/produkt\/smart-watch-ultra-series-8-nfc-barbati-femei-apeluri-bluetooth-incarcare-fara-fir-bratara-fitness-ecran-hd-de-2-inchi\/","title":{"rendered":"smart watch Ultra Series 8 , NFC B\u0103rba\u021bi Femei Apeluri Bluetooth \u00cenc\u0103rcare f\u0103r\u0103 fir Br\u0103\u021bar\u0103 fitness Ecran HD de 2 inchi"},"content":{"rendered":"<div class=\"detailmodule_text\"><\/div>\n<p>Sistem compatibil<\/p>\n<p>Sistem iOS\/Android<\/p>\n<p>Func\u021bii<\/p>\n<p>Antrenamentul respira\u021biei, ap\u0103sare cu cadran, cronometru, reglare luminozitate, mod multi-sport, somn, ritm cardiac, informa\u021bii, muzic\u0103 la distan\u021b\u0103, fotografie la distan\u021b\u0103, vreme, c\u0103utare de telefoane mobile (conectate la telefoane mobile), apeluri Bluetooth, redare muzic\u0103 prin Bluetooth, parol\u0103 protec\u021bie, calculator, afi\u0219are cu ecran divizat, widget-uri rapide, vreme, aparat de masaj, urm\u0103rire prin GPS, NFC, ECG, oxigen din s\u00e2nge, tensiune arterial\u0103, asistent vocal AI<\/p>\n<p>Limbi acceptate de dispozitiv<\/p>\n<p>Englez\u0103, Chinez\u0103 simplificat\u0103, Chinez\u0103 tradi\u021bional\u0103, danez\u0103, greac\u0103, latin\u0103, rom\u00e2n\u0103, turc\u0103, ebraic\u0103, ceh\u0103, polonez\u0103, spaniol\u0103, german\u0103, rus\u0103, portughez\u0103, francez\u0103, japonez\u0103, italian\u0103, vietnamez\u0103, coreean\u0103, arab\u0103, persan\u0103<\/p>\n<p>Limbi acceptate de APP<\/p>\n<p>Chinez\u0103, chinez\u0103 tradi\u021bional\u0103, englez\u0103, coreean\u0103, german\u0103, spaniol\u0103, japonez\u0103, francez\u0103, italian\u0103, rus\u0103, portughez\u0103, arab\u0103, ucrainean\u0103, thailandez\u0103<\/p>\n<p>Specifica\u021bie<\/p>\n<p>Dimensiune: 49 mm<br \/>\nAplica\u021bie: WearPro<br \/>\nCip: RTL8762DK<br \/>\nDimensiunea ecranului: ecran p\u0103trat TFT de \u00eenalt\u0103 defini\u021bie de 2,0 inchi<br \/>\nRezolu\u021bia ecranului: 420*485<br \/>\nTip ecran: ecran color IPS cu vizualizare complet\u0103<br \/>\nMaterial ecran: sticl\u0103 rezistent\u0103 la explozie (G+F)<br \/>\nCureaua Material: Bretele deta\u0219abile rapid<br \/>\nTip baterie: baterie cu litiu<br \/>\nCapacitate baterie: 280 mAh<br \/>\nDurata de via\u021b\u0103 a bateriei: Utilizare normal\u0103 5-6 zile, standby 25-35 zile. (Depinde de utilizare \u00een realitate)<br \/>\nMetoda de \u00eenc\u0103rcare: \u00eenc\u0103rcare f\u0103r\u0103 fir<br \/>\nSenzor de ritm cardiac: Zhangheng BD1773<br \/>\nSenzor de temperatur\u0103: m\u0103surarea temperaturii<br \/>\nBluetooth: Bluetooth dublu<br \/>\nM\u0103iestrie: aliaj de zinc + IML<\/p>\n<p>Urm\u0103re\u0219te Ultra &#8211; Explorator de aventuri<\/p>\n<div style=\"width: 1140px;\" class=\"wp-video\"><video class=\"wp-video-shortcode\" id=\"video-9827-1\" width=\"1140\" height=\"641\" preload=\"metadata\" controls=\"controls\"><source type=\"video\/mp4\" src=\"https:\/\/souqeshop.ro\/wp-content\/uploads\/2022\/11\/5S48CW1vm1shaOKlVpJ_1100104457689_mp4_264_hd.mp4?_=1\" \/><a href=\"https:\/\/souqeshop.ro\/wp-content\/uploads\/2022\/11\/5S48CW1vm1shaOKlVpJ_1100104457689_mp4_264_hd.mp4\">https:\/\/souqeshop.ro\/wp-content\/uploads\/2022\/11\/5S48CW1vm1shaOKlVpJ_1100104457689_mp4_264_hd.mp4<\/a><\/video><\/div>\n","protected":false},"excerpt":{"rendered":"<p>Sistem compatibil Sistem iOS\/Android Func\u021bii Antrenamentul respira\u021biei, ap\u0103sare cu cadran, cronometru, reglare luminozitate, mod multi-sport, somn, ritm cardiac, informa\u021bii, muzic\u0103 la distan\u021b\u0103, fotografie la distan\u021b\u0103, vreme, c\u0103utare de telefoane mobile (conectate la telefoane mobile), apeluri Bluetooth, redare muzic\u0103 prin Bluetooth, parol\u0103 protec\u021bie, calculator, afi\u0219are cu ecran divizat, widget-uri rapide, vreme, aparat de masaj, urm\u0103rire prin [&hellip;]<\/p>\n","protected":false},"featured_media":9915,"comment_status":"open","ping_status":"closed","template":"","meta":[],"pwb-brand":[],"product_brand":[],"product_cat":[212],"product_tag":[],"class_list":{"0":"post-9827","1":"product","2":"type-product","3":"status-publish","4":"has-post-thumbnail","6":"product_cat-phone-accessories-special-offers","8":"first","9":"outofstock","10":"shipping-taxable","11":"purchasable","12":"product-type-simple"},"jetpack_sharing_enabled":true,"brands":[],"_links":{"self":[{"href":"https:\/\/jrh.eu\/bg\/wp-json\/wp\/v2\/product\/9827","targetHints":{"allow":["GET"]}}],"collection":[{"href":"https:\/\/jrh.eu\/bg\/wp-json\/wp\/v2\/product"}],"about":[{"href":"https:\/\/jrh.eu\/bg\/wp-json\/wp\/v2\/types\/product"}],"replies":[{"embeddable":true,"href":"https:\/\/jrh.eu\/bg\/wp-json\/wp\/v2\/comments?post=9827"}],"wp:featuredmedia":[{"embeddable":true,"href":"https:\/\/jrh.eu\/bg\/wp-json\/wp\/v2\/media\/9915"}],"wp:attachment":[{"href":"https:\/\/jrh.eu\/bg\/wp-json\/wp\/v2\/media?parent=9827"}],"wp:term":[{"taxonomy":"pwb-brand","embeddable":true,"href":"https:\/\/jrh.eu\/bg\/wp-json\/wp\/v2\/pwb-brand?post=9827"},{"taxonomy":"product_brand","embeddable":true,"href":"https:\/\/jrh.eu\/bg\/wp-json\/wp\/v2\/product_brand?post=9827"},{"taxonomy":"product_cat","embeddable":true,"href":"https:\/\/jrh.eu\/bg\/wp-json\/wp\/v2\/product_cat?post=9827"},{"taxonomy":"product_tag","embeddable":true,"href":"https:\/\/jrh.eu\/bg\/wp-json\/wp\/v2\/product_tag?post=9827"}],"curies":[{"name":"wp","href":"https:\/\/api.w.org\/{rel}","templated":true}]}}