{"id":9119,"date":"2025-07-15T20:28:14","date_gmt":"2025-07-15T20:28:14","guid":{"rendered":"https:\/\/jrh.eu\/?post_type=product&#038;p=9119"},"modified":"2025-10-05T17:25:31","modified_gmt":"2025-10-05T17:25:31","slug":"trotineta-electrica-t13-viteza-50km-h-autonomie-30-40-km-leduri-rgb-negru","status":"publish","type":"product","link":"https:\/\/jrh.eu\/bg\/produkt\/trotineta-electrica-t13-viteza-50km-h-autonomie-30-40-km-leduri-rgb-negru\/","title":{"rendered":"Trotineta electrica T13, viteza 50km\/h autonomie 30-40 km , leduri RGB, Negru"},"content":{"rendered":"<p>Configura\u021bie puternic\u0103: baterie cu litiu de 10Ah \/ 48V, absorb\u021bie dubl\u0103 a \u0219ocurilor \u00een spate \u0219i fa\u021b\u0103 \u0219i anvelopele pneumatice de 10 inchi asigur\u0103 o absorb\u021bie dubl\u0103 a \u0219ocurilor \u0219i o func\u021bie anti-alunecare.<br \/>\nTimpul de \u00eenc\u0103rcare este de aproximativ 3-4 ore, iar cursa maxim\u0103 poate ajunge la 30-40 km distan\u021b\u0103 de parcurs. Sistemul de amortizare eficient adapteaz\u0103 acest scuter electric adapt\u00e2ndu-se la drumurile de pe diferite terenuri.<br \/>\nSisteme de fr\u00e2nare stabile: sistem de fr\u00e2nare cu disc fa\u021b\u0103 \u0219i spate oprire constant\u0103 \u00een timpul fr\u00e2n\u0103rii de urgen\u021b\u0103. Furca fa\u021b\u0103 este fabricat\u0103 din o\u021bel carbon de \u00eenalt\u0103 rezisten\u021b\u0103, cu absorb\u021bie de confort premium.<br \/>\nExterior: farurile luminoase v\u0103 asigur\u0103 c\u0103 c\u0103l\u0103tori\u021bi \u00een siguran\u021b\u0103 pe \u00eentuneric, scaunele deta\u0219abile v\u0103 ofer\u0103 o experien\u021b\u0103 diferit\u0103 de condus, mecanismul de pliere rapid\u0103 permite plierea\/desfacerea \u00een c\u00e2teva secunde, f\u0103c\u00e2ndu-l un scuter electric pliabil portabil perfect.<br \/>\nScuter T13 model 500w Dual Light<\/p>\n<p><img fetchpriority=\"high\" decoding=\"async\" class=\"\" src=\"https:\/\/sc02.alicdn.com\/kf\/He9a90126f83344439b29f43792a1adf2R\/243807921\/He9a90126f83344439b29f43792a1adf2R.png\" alt=\"19227231006_1156210502.png\" width=\"231\" height=\"261\" \/><\/p>\n<p>Numarul modelului.<br \/>\nScuter E10<br \/>\nMotor<br \/>\nMotor butuc f\u0103r\u0103 perii de 500 W<br \/>\nBaterie lithium<br \/>\n10ah \/ 48V<br \/>\nRotile<br \/>\nAnvelop\u0103 umflat\u0103 de 10 inci<br \/>\nTimp de incarcare<br \/>\n3-4 ore<br \/>\nViteza maxima<br \/>\n50-60 km\/h<br \/>\nrang<br \/>\n30-40 km<br \/>\nUnghi maxim de urcare<br \/>\nAproximativ 25 de grade<br \/>\nGreutate net\u0103<br \/>\n17 kg<br \/>\ncolor : Negru<br \/>\nLimit\u0103 de greutate<br \/>\n150 kg<br \/>\nV\u00e2rsta aplicabil\u0103<br \/>\nV\u00e2rste peste 12 ani<br \/>\nDimensiunea<br \/>\n100x56x120 cm<\/p>\n<p>DISPLAY LED<\/p>\n<p><img decoding=\"async\" class=\"\" src=\"https:\/\/sc02.alicdn.com\/kf\/He9a90126f83344439b29f43792a1adf2R\/243807921\/He9a90126f83344439b29f43792a1adf2R.png\" alt=\"19227231006_1156210502.png\" width=\"238\" height=\"269\" \/><\/p>\n<p>Vizualiza\u021bi cu u\u0219urin\u021b\u0103 viteza actual\u0103 \u0219i durata de via\u021b\u0103 a bateriei pe afi\u0219ajul LED Portul de \u00eenc\u0103rcare USB<\/p>\n<p>Lumina frontala:<br \/>\nFarul ofer\u0103 mai mult\u0103 vizibilitate. Lampa spate poate aminti altor vehicule \u00een \u00eentuneric. V\u0103 permite s\u0103 c\u0103l\u0103ri\u021bi \u00een siguran\u021b\u0103 noaptea<\/p>\n<p>* C\u00e2nd produsul este primit pentru prima dat\u0103, acesta este pliat. Roti\u021bi cadranul pliabil de 7 ~ 10 ori \u0219i \u00eempinge\u021bi cadranul pliabil pentru a-l debloca. Apoi, ridica\u021bi st\u00e2lpul m\u00e2nerului p\u00e2n\u0103 se blocheaz\u0103, apoi str\u00e2nge\u021bi cadranul pliabil.<\/p>\n<p>* Bloca\u021bi ferm discul de pliere, astfel \u00eenc\u00e2t plierea s\u0103 nu se sl\u0103beasc\u0103 \u00een timpul conducerii.<\/p>\n<p>M\u00e2ner confortabil din cauciuc, platforma larg\u0103 a trotinetei electrice, ofer\u0103 un confort mai mare pentru corpul t\u0103u \u0219i \u00eembun\u0103t\u0103\u021be\u0219te stabilitatea \u0219i relaxarea.<\/p>\n<p>Produs: 120 * 113 * 75mm (desfacere) Dimensiuni pachet: 123 x 31 x 38mm<\/p>\n<p><img decoding=\"async\" class=\"\" src=\"https:\/\/sc02.alicdn.com\/kf\/Hb4fd7d19c7614e03bc40a09c186da8f1Z\/235725277\/Hb4fd7d19c7614e03bc40a09c186da8f1Z.jpg\" width=\"289\" height=\"289\" \/><\/p>\n<p>&nbsp;<\/p>\n<p>Scaunul deta\u0219abil al trotinetei, u\u0219or de pliat, vine cu lumini cu LED-uri \u00een fa\u021b\u0103 \u0219i lumini cu LED-uri colorate pe ambele p\u0103r\u021bi, ceea ce face ca trotineta s\u0103 arate minunat \u0219i s\u0103 fie \u00een siguran\u021b\u0103 pe timpul c\u0103l\u0103toriei pe timp de noapte.<\/p>\n<p>Coletul contint:<\/p>\n<ul>\n<li>Trotineta<\/li>\n<li>incarcator<\/li>\n<li>instructuni<\/li>\n<li>scaun cu suport<\/li>\n<li>suruburi si accesorii<\/li>\n<li>2x telecomenz<\/li>\n<li>\n<div class=\"elementor-element elementor-element-44014cd elementor-widget elementor-widget-heading\" data-id=\"44014cd\" data-element_type=\"widget\" data-widget_type=\"heading.default\">\n<div class=\"elementor-widget-container\">\n<h2 class=\"elementor-heading-title elementor-size-default\">Not\u0103 important\u0103<\/h2>\n<\/div>\n<\/div>\n<section class=\"elementor-section elementor-inner-section elementor-element elementor-element-f3f3eca elementor-section-boxed elementor-section-height-default elementor-section-height-default\" data-particle_enable=\"false\" data-particle-mobile-disabled=\"false\" data-id=\"f3f3eca\" data-element_type=\"section\">\n<div class=\"elementor-container elementor-column-gap-default\">\n<div class=\"elementor-column elementor-col-50 elementor-inner-column elementor-element elementor-element-ceecb59\" data-id=\"ceecb59\" data-element_type=\"column\">\n<div class=\"elementor-widget-wrap elementor-element-populated\">\n<div class=\"elementor-element elementor-element-e487ff2 elementor-widget elementor-widget-text-editor\" data-id=\"e487ff2\" data-element_type=\"widget\" data-widget_type=\"text-editor.default\">\n<div class=\"elementor-widget-container\">\n<p>Autonomia exprimata in descrierea<br \/>\nprodusului este aproximativa si poate varia<br \/>\nin functie de diferiti factori, precum:<\/p>\n<\/div>\n<\/div>\n<\/div>\n<\/div>\n<div class=\"elementor-column elementor-col-50 elementor-inner-column elementor-element elementor-element-ccd4e1e\" data-id=\"ccd4e1e\" data-element_type=\"column\">\n<div class=\"elementor-widget-wrap elementor-element-populated\">\n<div class=\"elementor-element elementor-element-ec486e9 elementor-widget elementor-widget-text-editor\" data-id=\"ec486e9\" data-element_type=\"widget\" data-widget_type=\"text-editor.default\">\n<div class=\"elementor-widget-container\">\n<ul>\n<li>viteza de deplasare<\/li>\n<li>greutatea conducatorului si a pasagerului<\/li>\n<li>gradul de inclinare al drumului<\/li>\n<li>Temperaturi scazute<\/li>\n<\/ul>\n<\/div>\n<div class=\"I_ZkbNhI D_FY W_6D6F\" data-test-id=\"message-view-body\">\n<div class=\"msg-body P_wpofO mq_AS\" data-test-id=\"message-view-body-content\">\n<div class=\"jb_0 X_6MGW N_6Fd5\">\n<div dir=\"ltr\"><\/div>\n<div dir=\"ltr\"><\/div>\n<div dir=\"ltr\">CONDITIE DE GARANTIA :<\/div>\n<div dir=\"ltr\">Garantia se va aplica in conditiile legii nr. 449\/2003.<\/div>\n<div dir=\"ltr\">Pentru persoanele care de\u021bin calitatea de consumator conform legii, se ofer\u0103 garan\u021bie pe o perioad\u0103 de 12 LUNI PENTRU SISTEMUL ELECTRIC \u0218I 6 LUNI LA ACUMULATOR de la data livr\u0103rii produsului.<\/div>\n<div dir=\"ltr\">Garan\u021bia oferit\u0103 pentru sistemul electric \u0219i acumulator este redus\u0103 la 12 luni \u0219i respectiv 6 luni datorit\u0103 faptului c\u0103 durata medie de utilizare a acestor componente este de 12 luni \u0219i respectiv 6 luni.<\/div>\n<div dir=\"ltr\">\n<p>Am actualizat regulile de \u00eenc\u0103rcare cu informa\u021biile suplimentare:<\/p>\n<p>1. **\u00cenc\u0103rcare \u00een spa\u021bii deschise**: \u00cenc\u0103rca\u021bi bateria doar \u00een locuri bine ventilate pentru a evita acumularea de c\u0103ldur\u0103 sau gaze periculoase.<br \/>\n2. **Prize \u00een stare bun\u0103**: Folosi\u021bi doar prize func\u021bionale \u0219i de calitate pentru a preveni riscul de incendiu sau defec\u021biuni.<br \/>\n3. **Prelungitoare de calitate**: Asigura\u021bi-v\u0103 c\u0103 folosi\u021bi prelungitoare de bun\u0103 calitate, certificate pentru a suporta puterea necesar\u0103.<br \/>\n4. **Nu l\u0103sa\u021bi bateria nesupravegheat\u0103 peste noapte**: Nu \u00eenc\u0103rca\u021bi bateria pe timpul nop\u021bii f\u0103r\u0103 supraveghere, deoarece poate cre\u0219te riscul de supra\u00eenc\u0103lzire sau incendiu.<br \/>\n5. **Nu l\u0103sa\u021bi bateria \u00een c\u0103ldur\u0103 excesiv\u0103**: Evita\u021bi expunerea bateriei la temperaturi ridicate, ceea ce ar putea reduce durata de via\u021b\u0103 a acesteia sau chiar provoca explozii.<br \/>\n6. **Nu \u00eenc\u0103rca\u021bi bateria sau \u00eenc\u0103rc\u0103torul \u00een locuri umede sau pe ploaie**: Proteja\u021bi bateria \u0219i \u00eenc\u0103rc\u0103torul de umezeal\u0103, deoarece aceasta poate provoca scurtcircuit sau deterior\u0103ri.<br \/>\n7. **Timpul de \u00eenc\u0103rcare maxim**: Nu \u00eenc\u0103rca\u021bi bateria mai mult de 6-8 ore pentru a evita supra\u00eenc\u0103rcarea, ceea ce ar putea duce la deteriorarea bateriei.<br \/>\n8. **Conectare corect\u0103 a \u00eenc\u0103rc\u0103torului**: Conecta\u021bi \u00eentotdeauna corect mufa \u00eenc\u0103rc\u0103torului la baterie pentru a preveni scurtcircuit sau alte probleme electrice.<br \/>\n9. **Nu folosi\u021bi \u00eenc\u0103rc\u0103torul dac\u0103 a fost deteriorat**: Dac\u0103 \u00eenc\u0103rc\u0103torul a c\u0103zut, ventilatorul acestuia s-a stricat sau a suferit alte daune, nu mai este sigur de utilizat. Exist\u0103 risc crescut de supra\u00eenc\u0103lzire \u0219i incendiu.<\/p>\n<p>Aceast\u0103 regul\u0103 suplimentar\u0103 ajut\u0103 la prevenirea unor posibile pericole legate de \u00eenc\u0103rc\u0103toare defecte.<\/p>\n<\/div>\n<\/div>\n<\/div>\n<div class=\"jb_0 X_6MGW N_6Fd5\"><\/div>\n<\/div>\n<div class=\"H_7jIs D_F ab_C Q_69H5 E_36RhU\" data-test-id=\"toolbar-hover-area\">\n<div class=\"D_F W_6D6F r_BN gl_C\" data-test-id=\"card-toolbar\">\n<div class=\"D_F ab_C en_0 b_Z14vXdP e_3mS2U I_ZkbNhI P_Z1otBpf\"><\/div>\n<\/div>\n<\/div>\n<\/div>\n<\/div>\n<\/div>\n<\/div>\n<\/section>\n<\/li>\n<\/ul>\n","protected":false},"excerpt":{"rendered":"<p>Configura\u021bie puternic\u0103: baterie cu litiu de 10Ah \/ 48V, absorb\u021bie dubl\u0103 a \u0219ocurilor \u00een spate \u0219i fa\u021b\u0103 \u0219i anvelopele pneumatice de 10 inchi asigur\u0103 o absorb\u021bie dubl\u0103 a \u0219ocurilor \u0219i o func\u021bie anti-alunecare. Timpul de \u00eenc\u0103rcare este de aproximativ 3-4 ore, iar cursa maxim\u0103 poate ajunge la 30-40 km distan\u021b\u0103 de parcurs. Sistemul de amortizare [&hellip;]<\/p>\n","protected":false},"featured_media":9210,"comment_status":"open","ping_status":"closed","template":"","meta":[],"pwb-brand":[],"product_brand":[],"product_cat":[211],"product_tag":[],"class_list":{"0":"post-9119","1":"product","2":"type-product","3":"status-publish","4":"has-post-thumbnail","6":"product_cat-electric-scooters","8":"first","9":"outofstock","10":"shipping-taxable","11":"purchasable","12":"product-type-simple"},"jetpack_sharing_enabled":true,"brands":[],"_links":{"self":[{"href":"https:\/\/jrh.eu\/bg\/wp-json\/wp\/v2\/product\/9119","targetHints":{"allow":["GET"]}}],"collection":[{"href":"https:\/\/jrh.eu\/bg\/wp-json\/wp\/v2\/product"}],"about":[{"href":"https:\/\/jrh.eu\/bg\/wp-json\/wp\/v2\/types\/product"}],"replies":[{"embeddable":true,"href":"https:\/\/jrh.eu\/bg\/wp-json\/wp\/v2\/comments?post=9119"}],"wp:featuredmedia":[{"embeddable":true,"href":"https:\/\/jrh.eu\/bg\/wp-json\/wp\/v2\/media\/9210"}],"wp:attachment":[{"href":"https:\/\/jrh.eu\/bg\/wp-json\/wp\/v2\/media?parent=9119"}],"wp:term":[{"taxonomy":"pwb-brand","embeddable":true,"href":"https:\/\/jrh.eu\/bg\/wp-json\/wp\/v2\/pwb-brand?post=9119"},{"taxonomy":"product_brand","embeddable":true,"href":"https:\/\/jrh.eu\/bg\/wp-json\/wp\/v2\/product_brand?post=9119"},{"taxonomy":"product_cat","embeddable":true,"href":"https:\/\/jrh.eu\/bg\/wp-json\/wp\/v2\/product_cat?post=9119"},{"taxonomy":"product_tag","embeddable":true,"href":"https:\/\/jrh.eu\/bg\/wp-json\/wp\/v2\/product_tag?post=9119"}],"curies":[{"name":"wp","href":"https:\/\/api.w.org\/{rel}","templated":true}]}}