{"id":8639,"date":"2025-07-15T20:23:47","date_gmt":"2025-07-15T20:23:47","guid":{"rendered":"https:\/\/jrh.eu\/?post_type=product&#038;p=8639"},"modified":"2025-10-05T17:25:24","modified_gmt":"2025-10-05T17:25:24","slug":"tocator-electric-chopper-rapid-90w-bol-2l-lame-inox","status":"publish","type":"product","link":"https:\/\/jrh.eu\/bg\/produkt\/tocator-electric-chopper-rapid-90w-bol-2l-lame-inox\/","title":{"rendered":"Tocator Electric Chopper Rapid 90W Bol 2L Lame inox"},"content":{"rendered":"<p>Ma\u0219in\u0103 electric\u0103 de tocat carne Masini grele Ma\u0219in\u0103 multifunc\u021bional\u0103 Ma\u0219in\u0103 de tocat usturoi Ma\u0219in\u0103 de tocat procesor de alimente Legume Fructe Blender T\u0103ietor Mini Blender T\u0103ietor alimentar F\u0103r\u0103 evalu\u0103ri<\/p>\n<p>Ma\u0219in\u0103 de tocat carne electric\u0103 Ma\u0219in\u0103 de grele Ma\u0219in\u0103 multifunc\u021bional\u0103 Ma\u0219in\u0103 de tocat usturoi Toc\u0103toare de alimente Legume Fructe Blender Chopper Mini Blender Chopper<br \/>\nMic \u0219i convenabil, u\u0219or de utilizat \u0219i de utilizat.<br \/>\nPoate stoca o cantitate imens\u0103 de alimente \u00een castron.<br \/>\nCu un comutator micro-touch, trebuie doar s\u0103 ap\u0103sa\u021bi butonul \u0219i s\u0103 v\u0103 bucura\u021bi de g\u0103tit distractiv.<br \/>\nAre o for\u021b\u0103 motric\u0103 puternic\u0103, la acela\u0219i dant, subliniaz\u0103 \u00eentrerup\u0103toarele de siguran\u021b\u0103 \u0219i o varietate de configura\u021bii de securitate ale designului industrial.<br \/>\nLam\u0103 dubl\u0103 din o\u021bel inoxidabil, material antiderapant din PVC din mediu.<br \/>\nBucura\u021bi-v\u0103 de o tocare fericit\u0103 \u0219i lini\u0219tit\u0103.<br \/>\nDurabil \u0219i sigur de utilizat.<br \/>\nSticl\u0103 securizat\u0103 pentru sp\u0103lare u\u0219oar\u0103 \u0219i vedere transparent\u0103.<br \/>\nBol de capacitate mare.<br \/>\nMa\u0219in\u0103 de tocat carne de mare putere.<br \/>\nMic \u0219i portabil.<br \/>\nFrecven\u021ba nominal\u0103: 50 Hz<br \/>\nTensiune nominal\u0103: 220V<br \/>\nPutere nominal\u0103: 300W<br \/>\nCapacitate: 2L<br \/>\nGreutatea produsului: 1,2 kg<\/p>\n","protected":false},"excerpt":{"rendered":"<p>Ma\u0219in\u0103 de tocat carne electric\u0103<\/p>\n","protected":false},"featured_media":8720,"comment_status":"open","ping_status":"closed","template":"","meta":[],"pwb-brand":[],"product_brand":[],"product_cat":[202,201,219],"product_tag":[],"class_list":{"0":"post-8639","1":"product","2":"type-product","3":"status-publish","4":"has-post-thumbnail","6":"product_cat-electronic-promotions-sale-products","7":"product_cat-home-accessories-top-products","8":"product_cat-kitchen-accessories-best-price-products","10":"first","11":"outofstock","12":"shipping-taxable","13":"purchasable","14":"product-type-simple"},"jetpack_sharing_enabled":true,"brands":[],"_links":{"self":[{"href":"https:\/\/jrh.eu\/bg\/wp-json\/wp\/v2\/product\/8639","targetHints":{"allow":["GET"]}}],"collection":[{"href":"https:\/\/jrh.eu\/bg\/wp-json\/wp\/v2\/product"}],"about":[{"href":"https:\/\/jrh.eu\/bg\/wp-json\/wp\/v2\/types\/product"}],"replies":[{"embeddable":true,"href":"https:\/\/jrh.eu\/bg\/wp-json\/wp\/v2\/comments?post=8639"}],"wp:featuredmedia":[{"embeddable":true,"href":"https:\/\/jrh.eu\/bg\/wp-json\/wp\/v2\/media\/8720"}],"wp:attachment":[{"href":"https:\/\/jrh.eu\/bg\/wp-json\/wp\/v2\/media?parent=8639"}],"wp:term":[{"taxonomy":"pwb-brand","embeddable":true,"href":"https:\/\/jrh.eu\/bg\/wp-json\/wp\/v2\/pwb-brand?post=8639"},{"taxonomy":"product_brand","embeddable":true,"href":"https:\/\/jrh.eu\/bg\/wp-json\/wp\/v2\/product_brand?post=8639"},{"taxonomy":"product_cat","embeddable":true,"href":"https:\/\/jrh.eu\/bg\/wp-json\/wp\/v2\/product_cat?post=8639"},{"taxonomy":"product_tag","embeddable":true,"href":"https:\/\/jrh.eu\/bg\/wp-json\/wp\/v2\/product_tag?post=8639"}],"curies":[{"name":"wp","href":"https:\/\/api.w.org\/{rel}","templated":true}]}}