{"id":8534,"date":"2025-07-15T20:22:38","date_gmt":"2025-07-15T20:22:38","guid":{"rendered":"https:\/\/jrh.eu\/?post_type=product&#038;p=8534"},"modified":"2025-10-05T17:25:22","modified_gmt":"2025-10-05T17:25:22","slug":"boxa-charge-4-bluetooth","status":"publish","type":"product","link":"https:\/\/jrh.eu\/bg\/produkt\/boxa-charge-4-bluetooth\/","title":{"rendered":"boxa CHARGE 4 bluetooth"},"content":{"rendered":"<p>\u00ceN SOUQESHOP AVEM CELE CELE MAI BUNE PRE\u021aURI, DE ASEMENEA CU CE MAI BUN\u0102 CALITATE LUCR\u0102M TOATE PRODUSELE NOASTRE CU CONFIDEN\u021a\u0102, \u0218I TO\u021aI CLIENTII NOI SUNT SATISFICA\u021aI. DORIN\u021aI S\u0102 V\u0102 F\u0102\u021aI \u0218I SATISFIAT<br \/>\nDESCRIERE<br \/>\nVersiunea Bluetooth: V4.1<br \/>\nSuport: A2DP v1.3, AVRCP V1.5, HFP V1.6, HSP V1.2<br \/>\nDIFIZUR: 2x50mm<br \/>\nPutere : 2x10W<br \/>\nRaspunsul de frecventa: 65Hz-20KHz<br \/>\nRaportul semnal-zgomot:&gt; = 80dB<br \/>\nTip baterie: Polimer litiu-ion (3.7V, 4000mAh)<br \/>\nAlimentare: 5V \/ 2.3A<br \/>\nIncarcare USB: 5V \/ 2A (Max)<br \/>\nTimp de redare a muzicii: pana la 20 de ore (variaza in functie de nivelul volumului si de continut)<br \/>\nDurata de incarcare a bateriei: 4,5 ore<br \/>\nDimensiuni : 213x87x88.5 mm<br \/>\nGreutate: 750G .<\/p>\n","protected":false},"excerpt":{"rendered":"<p>Boxa portabila Charge 4 activa cu Bluetooth, AUX-in, Radio FM, Cititor USB, Card TF, charge port capacitate baterie 4000 mAh<\/p>\n","protected":false},"featured_media":8615,"comment_status":"open","ping_status":"closed","template":"","meta":[],"pwb-brand":[],"product_brand":[],"product_cat":[204,202,205],"product_tag":[],"class_list":{"0":"post-8534","1":"product","2":"type-product","3":"status-publish","4":"has-post-thumbnail","6":"product_cat-audio-speakers-best-prices","7":"product_cat-electronic-promotions-sale-products","8":"product_cat-portable-speakers-price","10":"first","11":"outofstock","12":"shipping-taxable","13":"purchasable","14":"product-type-simple"},"jetpack_sharing_enabled":true,"brands":[],"_links":{"self":[{"href":"https:\/\/jrh.eu\/bg\/wp-json\/wp\/v2\/product\/8534","targetHints":{"allow":["GET"]}}],"collection":[{"href":"https:\/\/jrh.eu\/bg\/wp-json\/wp\/v2\/product"}],"about":[{"href":"https:\/\/jrh.eu\/bg\/wp-json\/wp\/v2\/types\/product"}],"replies":[{"embeddable":true,"href":"https:\/\/jrh.eu\/bg\/wp-json\/wp\/v2\/comments?post=8534"}],"wp:featuredmedia":[{"embeddable":true,"href":"https:\/\/jrh.eu\/bg\/wp-json\/wp\/v2\/media\/8615"}],"wp:attachment":[{"href":"https:\/\/jrh.eu\/bg\/wp-json\/wp\/v2\/media?parent=8534"}],"wp:term":[{"taxonomy":"pwb-brand","embeddable":true,"href":"https:\/\/jrh.eu\/bg\/wp-json\/wp\/v2\/pwb-brand?post=8534"},{"taxonomy":"product_brand","embeddable":true,"href":"https:\/\/jrh.eu\/bg\/wp-json\/wp\/v2\/product_brand?post=8534"},{"taxonomy":"product_cat","embeddable":true,"href":"https:\/\/jrh.eu\/bg\/wp-json\/wp\/v2\/product_cat?post=8534"},{"taxonomy":"product_tag","embeddable":true,"href":"https:\/\/jrh.eu\/bg\/wp-json\/wp\/v2\/product_tag?post=8534"}],"curies":[{"name":"wp","href":"https:\/\/api.w.org\/{rel}","templated":true}]}}