{"id":11694,"date":"2025-07-20T12:19:37","date_gmt":"2025-07-20T12:19:37","guid":{"rendered":"https:\/\/jrh.eu\/?post_type=product&#038;p=11694"},"modified":"2025-10-05T17:26:10","modified_gmt":"2025-10-05T17:26:10","slug":"valiza-de-calatorie-trolere-noua-cu-deschidere-pe-spate-troler-multifunctional-cu-suport-pentru-pahare-si-telefon-cutie-de-imbarcare-bagaj-rulant-alb","status":"publish","type":"product","link":"https:\/\/jrh.eu\/bg\/produkt\/valiza-de-calatorie-trolere-noua-cu-deschidere-pe-spate-troler-multifunctional-cu-suport-pentru-pahare-si-telefon-cutie-de-imbarcare-bagaj-rulant-alb\/","title":{"rendered":"Valiz\u0103 de c\u0103l\u0103torie Trolere nou\u0103 cu deschidere pe spate Troler multifunc\u021bional cu suport pentru pahare si telefon Cutie de \u00eembarcare Bagaj rulant, alb"},"content":{"rendered":"<h2 class=\"page-section-title\">Descriere<\/h2>\n<div id=\"collapse-wrapper-description\">\n<div class=\"product-page-description description-banner-right\">\n<div class=\"product-page-description-text\">\n<div id=\"description-body\" class=\"collapse-offset in\">\n<p><strong>Trolerul este confectionat din ABS PC+ALUMINIU<\/strong>,materiale de inalta calitate ce ofera rezistenta la temperaturi extreme,umiditate,lovituri.<\/p>\n<p>Acesta dispune de suport pentru pahar si suport pentru telefon si jeaca<\/p>\n<p>Maner telescopic din aluminiu,reglabil in functie de inaltime.<\/p>\n<p>Roti duble rotative 360 de grade,rezistente la uzura<\/p>\n<p>Foarte practic,spatios si cu un design atragator deosebindu-se de un troler normal.<\/p>\n<p>&nbsp;<\/p>\n<ul>\n<li><strong>Valiza cu Insertii din Aluminiu:<\/strong>\u00a0Bagaj rigid, carcasa durabila din PVC compozit pentru a proteja bunurile in timpul calatoriei. Placa compozita din trei straturi, finisaj texturat la moda si protectie de colt din aluminiu, rezistent la uzura, zgarieturi si impermeabil. Persoanele sub 100 kg pot sa stea pe cutie si sa se odihneasca.<\/li>\n<li><strong>Roti Pivotante Flexibile:<\/strong>\u00a0Roti pivotante silentioase si un stalp telescopic ajustabil pe 3 niveluri.<\/li>\n<li><strong>Valiza de Calatorie cu Lacat TSA:<\/strong>\u00a0Lacat incorporat anti-furt cu combinatie, Lacat integrat cu combinatie de 3 cifre aprobat de TSA pentru securitate; acest set este perfect pentru escapade de weekend, vacante in familie si calatorii de afaceri.<\/li>\n<li><strong>Aranjament Intern Rational:<\/strong>\u00a0Captuseala captusita cu nylon impermeabil si un organizator de calatorie impermeabil, Compartimentele contin multe si folosesc curele pe o parte pentru a mentine hainele la loc si un compartiment cu fermoar pe cealalta parte pentru obiecte mici.<\/li>\n<li><strong>Design Exquis<\/strong>: Stilul organizatoarelor de valize este unic, design nobil si elegant, se conformeaza noilor tendinte ale modei. Are buzunare organizatorice mari din plasa pe o parte si curea de legare pe cealalta parte pentru a pastra obiectele in ordine, in siguranta si usor de organizat. Este cadoul perfect pentru persoana iubita, prieteni, parinti, fiica, prietena.<\/li>\n<\/ul>\n<p>&nbsp;<\/p>\n<p><strong>Specificatii<\/strong><\/p>\n<p>1. Insertii Aliaj de aluminiu-magneziu, aspect atragator, absorbtie a socurilor, rezistenta la uzura si la zgarieturi, anti-cadere si anti-presiune, cutie rezistenta.<\/p>\n<p>2. Bara de tragere neteda, sectionata, forta de suport puternica, cutia nu se deformeaza.<\/p>\n<p>3. Interior complet inchis cu fermoar, layout rational, usor de utilizat.<\/p>\n<p>4. Intarire cu nituri, roata silentioasa, calatorie, mai convenabila.<\/p>\n<p>5.lock(cifre) pentru geanta<\/p>\n<p>&nbsp;<\/p>\n<p><strong>CARACTERISTICI<\/strong><\/p>\n<p>-Cup holder(suport pentru pahar,sticle,accesorii)<\/p>\n<p>\u2013 phone suport<\/p>\n<p>-Dimensiuni: 39.5x24x55cm<\/p>\n<p>-Greutate aproximativ 2,50 kg<\/p>\n<p>culor : alb<\/p>\n<\/div>\n<\/div>\n<\/div>\n<\/div>\n","protected":false},"excerpt":{"rendered":"<p>Descriere Trolerul este confectionat din ABS PC+ALUMINIU,materiale de inalta calitate ce ofera rezistenta la temperaturi extreme,umiditate,lovituri. Acesta dispune de suport pentru pahar si suport pentru telefon si jeaca Maner telescopic din aluminiu,reglabil in functie de inaltime. Roti duble rotative 360 de grade,rezistente la uzura Foarte practic,spatios si cu un design atragator deosebindu-se de un troler [&hellip;]<\/p>\n","protected":false},"featured_media":11800,"comment_status":"open","ping_status":"closed","template":"","meta":[],"pwb-brand":[],"product_brand":[],"product_cat":[293,294],"product_tag":[],"class_list":{"0":"post-11694","1":"product","2":"type-product","3":"status-publish","4":"has-post-thumbnail","6":"product_cat-travel-articles","7":"product_cat-trolley","9":"first","10":"outofstock","11":"shipping-taxable","12":"purchasable","13":"product-type-simple"},"jetpack_sharing_enabled":true,"brands":[],"_links":{"self":[{"href":"https:\/\/jrh.eu\/bg\/wp-json\/wp\/v2\/product\/11694","targetHints":{"allow":["GET"]}}],"collection":[{"href":"https:\/\/jrh.eu\/bg\/wp-json\/wp\/v2\/product"}],"about":[{"href":"https:\/\/jrh.eu\/bg\/wp-json\/wp\/v2\/types\/product"}],"replies":[{"embeddable":true,"href":"https:\/\/jrh.eu\/bg\/wp-json\/wp\/v2\/comments?post=11694"}],"wp:featuredmedia":[{"embeddable":true,"href":"https:\/\/jrh.eu\/bg\/wp-json\/wp\/v2\/media\/11800"}],"wp:attachment":[{"href":"https:\/\/jrh.eu\/bg\/wp-json\/wp\/v2\/media?parent=11694"}],"wp:term":[{"taxonomy":"pwb-brand","embeddable":true,"href":"https:\/\/jrh.eu\/bg\/wp-json\/wp\/v2\/pwb-brand?post=11694"},{"taxonomy":"product_brand","embeddable":true,"href":"https:\/\/jrh.eu\/bg\/wp-json\/wp\/v2\/product_brand?post=11694"},{"taxonomy":"product_cat","embeddable":true,"href":"https:\/\/jrh.eu\/bg\/wp-json\/wp\/v2\/product_cat?post=11694"},{"taxonomy":"product_tag","embeddable":true,"href":"https:\/\/jrh.eu\/bg\/wp-json\/wp\/v2\/product_tag?post=11694"}],"curies":[{"name":"wp","href":"https:\/\/api.w.org\/{rel}","templated":true}]}}