{"id":11396,"date":"2025-07-20T12:16:07","date_gmt":"2025-07-20T12:16:07","guid":{"rendered":"https:\/\/jrh.eu\/?post_type=product&#038;p=11396"},"modified":"2025-10-05T17:26:07","modified_gmt":"2025-10-05T17:26:07","slug":"scaun-pentru-sali-de-evenimente-chiavari-king-alb-mex","status":"publish","type":"product","link":"https:\/\/jrh.eu\/bg\/produkt\/scaun-pentru-sali-de-evenimente-chiavari-king-alb-mex\/","title":{"rendered":"scaun pentru sali de evenimente chiavari king, alb, mex"},"content":{"rendered":"<p><strong>DENUMIRE<\/strong>: SCAUN PENTRU SALI DE EVENIMENTE CHIAVARI KING, ALB, MEX<\/p>\n<p><strong>CULOARE<\/strong>: ALB<\/p>\n<p><strong>DIMENSIUNI:<\/strong><\/p>\n<table class=\"data-sheet\">\n<tbody>\n<tr>\n<td class=\"name\">\u00cen\u0103l\u0163ime<\/td>\n<td class=\"value\">93 cm<\/td>\n<\/tr>\n<tr>\n<td class=\"name\">L\u0103\u0163ime<\/td>\n<td class=\"value\">42 cm<\/td>\n<\/tr>\n<tr>\n<td class=\"name\">Balanta<\/td>\n<td class=\"value\">3,8 kg<\/td>\n<\/tr>\n<tr>\n<td class=\"name\">Stivuire (max.)<\/td>\n<td class=\"value\">11 buc.<\/td>\n<\/tr>\n<tr>\n<td class=\"name\">\u00cen\u0103l\u021bimea p\u00e2n\u0103 la scaun<\/td>\n<td class=\"value\">43,5 cm<\/td>\n<\/tr>\n<tr>\n<td class=\"name\">Ad\u00e2ncime<\/td>\n<td class=\"value\">48 cm<\/td>\n<\/tr>\n<\/tbody>\n<\/table>\n<p>&nbsp;<\/p>\n<p><strong>MATERIAL<\/strong>: POLIPROPILENA<\/p>\n","protected":false},"excerpt":{"rendered":"<p>DENUMIRE: SCAUN PENTRU SALI DE EVENIMENTE CHIAVARI KING, ALB, MEX CULOARE: ALB DIMENSIUNI: \u00cen\u0103l\u0163ime 93 cm L\u0103\u0163ime 42 cm Balanta 3,8 kg Stivuire (max.) 11 buc. \u00cen\u0103l\u021bimea p\u00e2n\u0103 la scaun 43,5 cm Ad\u00e2ncime 48 cm &nbsp; MATERIAL: POLIPROPILENA<\/p>\n","protected":false},"featured_media":11486,"comment_status":"open","ping_status":"closed","template":"","meta":[],"pwb-brand":[],"product_brand":[],"product_cat":[286,250],"product_tag":[],"class_list":{"0":"post-11396","1":"product","2":"type-product","3":"status-publish","4":"has-post-thumbnail","6":"product_cat-event-chairs","7":"product_cat-office-chair","9":"first","10":"outofstock","11":"shipping-taxable","12":"purchasable","13":"product-type-simple"},"jetpack_sharing_enabled":true,"brands":[],"_links":{"self":[{"href":"https:\/\/jrh.eu\/bg\/wp-json\/wp\/v2\/product\/11396","targetHints":{"allow":["GET"]}}],"collection":[{"href":"https:\/\/jrh.eu\/bg\/wp-json\/wp\/v2\/product"}],"about":[{"href":"https:\/\/jrh.eu\/bg\/wp-json\/wp\/v2\/types\/product"}],"replies":[{"embeddable":true,"href":"https:\/\/jrh.eu\/bg\/wp-json\/wp\/v2\/comments?post=11396"}],"wp:featuredmedia":[{"embeddable":true,"href":"https:\/\/jrh.eu\/bg\/wp-json\/wp\/v2\/media\/11486"}],"wp:attachment":[{"href":"https:\/\/jrh.eu\/bg\/wp-json\/wp\/v2\/media?parent=11396"}],"wp:term":[{"taxonomy":"pwb-brand","embeddable":true,"href":"https:\/\/jrh.eu\/bg\/wp-json\/wp\/v2\/pwb-brand?post=11396"},{"taxonomy":"product_brand","embeddable":true,"href":"https:\/\/jrh.eu\/bg\/wp-json\/wp\/v2\/product_brand?post=11396"},{"taxonomy":"product_cat","embeddable":true,"href":"https:\/\/jrh.eu\/bg\/wp-json\/wp\/v2\/product_cat?post=11396"},{"taxonomy":"product_tag","embeddable":true,"href":"https:\/\/jrh.eu\/bg\/wp-json\/wp\/v2\/product_tag?post=11396"}],"curies":[{"name":"wp","href":"https:\/\/api.w.org\/{rel}","templated":true}]}}