{"id":11233,"date":"2025-07-20T12:13:48","date_gmt":"2025-07-20T12:13:48","guid":{"rendered":"https:\/\/jrh.eu\/?post_type=product&#038;p=11233"},"modified":"2025-10-05T17:26:04","modified_gmt":"2025-10-05T17:26:04","slug":"microfon-fara-fir-de-mana-microfon-dinamic-uhf-cu-mini-receptor-portabil-compatibil-cu-mufa-de-635-mm","status":"publish","type":"product","link":"https:\/\/jrh.eu\/bg\/produkt\/microfon-fara-fir-de-mana-microfon-dinamic-uhf-cu-mini-receptor-portabil-compatibil-cu-mufa-de-635-mm\/","title":{"rendered":"Microfon f\u0103r\u0103 fir de m\u00e2n\u0103 Microfon dinamic UHF cu mini receptor portabil Compatibil cu muf\u0103 de 6,35 mm"},"content":{"rendered":"<p><strong>Semnal constant: Tehnologia microfonului f\u0103r\u0103 fir de \u00eenalt\u0103 performan\u021b\u0103, semnal stabil, poate p\u0103trunde \u00een perete, p\u00e2n\u0103 la aproximativ 50 de metri distan\u021b\u0103 de recep\u021bie f\u0103r\u0103 fir.<\/strong><br \/>\n<strong>Re\u00eenc\u0103rcabil: Microfonul f\u0103r\u0103 fir vine cu o baterie re\u00eenc\u0103rcabil\u0103 litiu-ion de 1200 mAh \u0219i se \u00eencarc\u0103 prin portul USB.<\/strong><br \/>\n<strong>Voce clar\u0103: Microfonul dinamic f\u0103r\u0103 fir are o transmisie excelent\u0103 a sunetului, voce clar\u0103 \u0219i f\u0103r\u0103 feedback, f\u0103r\u0103 distorsiuni.<\/strong><br \/>\n<strong>Microfon dublu portabil: Dou\u0103 microfoane pot fi conectate automat, v\u0103 ofer\u0103 o interac\u021biune \u0219i o comunicare mai bun\u0103 cu al\u021bi utilizatori.<\/strong><br \/>\n<strong>Aplica\u021bii multiple: Perfect pentru karaoke, discurs, \u00eent\u00e2lnire, petrecere, nunt\u0103, spectacol de DJ, \u00een interior sau \u00een aer liber. Nu este nevoie s\u0103 seta\u021bi, doar conecta\u021bi \u0219i utiliza\u021bi.<\/strong><\/p>\n<p>&nbsp;<\/p>\n<p><strong>Descriere produs<\/strong><br \/>\n<strong>1. Semnal constant: Tehnologia microfonului f\u0103r\u0103 fir de \u00eenalt\u0103 performan\u021b\u0103, semnal stabil, poate p\u0103trunde \u00een perete, p\u00e2n\u0103 la aproximativ 50 de metri distan\u021b\u0103 de recep\u021bie f\u0103r\u0103 fir.<\/strong><br \/>\n<strong>2. Re\u00eenc\u0103rcabil: Microfonul wireless vine cu o baterie re\u00eenc\u0103rcabil\u0103 litiu-ion de 1200 mAh \u0219i se \u00eencarc\u0103 prin portul USB.<\/strong><br \/>\n<strong>3. Voce clar\u0103: Microfonul dinamic f\u0103r\u0103 fir are o transmisie excelent\u0103 a sunetului, voce clar\u0103 \u0219i f\u0103r\u0103 feedback, f\u0103r\u0103 distorsiuni.<\/strong><br \/>\n<strong>4. Microfon dublu portabil: Dou\u0103 microfoane pot fi conectate automat, v\u0103 ofer\u0103 o interac\u021biune \u0219i o comunicare mai bun\u0103 cu al\u021bi utilizatori.<\/strong><br \/>\n<strong>5. Aplica\u021bii multiple: Perfect pentru karaoke, discurs, \u00eent\u00e2lnire, petrecere, nunt\u0103, spectacol DJ, \u00een interior sau \u00een aer liber. Nu este nevoie s\u0103 seta\u021bi, doar conecta\u021bi \u0219i utiliza\u021bi.<\/strong><\/p>\n<p><strong>Specific:<\/strong><br \/>\n<strong>Tip articol: Microfon f\u0103r\u0103 fir<\/strong><br \/>\n<strong>Material: metal, ABS<\/strong><br \/>\n<strong>Greutate: Aprox. 713 g\/25,2 oz<\/strong><br \/>\n<strong>Raport semnal\/zgomot: \u226595dB<\/strong><br \/>\n<strong>Interval de r\u0103spuns \u00een frecven\u021b\u0103: 30HZ p\u00e2n\u0103 la 20KHZ<\/strong><br \/>\n<strong>Distanta de receptie: 50m (in conditii ideale)<\/strong><br \/>\n<strong>O baterie pentru microfon: baterie litiu-ion x 1, 1200 mAh (livrat\u0103 cu bateria \u00eenso\u021bitoare)<\/strong><br \/>\n<strong>Baterie receptor: baterie litiu-ion x 1, 1200 mAh (livrat\u0103 cu bateria \u00eenso\u021bitoare)<\/strong><\/p>\n<p><strong>Lista pachetelor:<\/strong><br \/>\n<strong>1 x microfoane<\/strong><br \/>\n<strong>1 x receptor<\/strong><\/p>\n<p><strong>1 x adaptor de 3,5 mm<\/strong><\/p>\n","protected":false},"excerpt":{"rendered":"<p>Semnal constant: Tehnologia microfonului f\u0103r\u0103 fir de \u00eenalt\u0103 performan\u021b\u0103, semnal stabil, poate p\u0103trunde \u00een perete, p\u00e2n\u0103 la aproximativ 50 de metri distan\u021b\u0103 de recep\u021bie f\u0103r\u0103 fir. Re\u00eenc\u0103rcabil: Microfonul f\u0103r\u0103 fir vine cu o baterie re\u00eenc\u0103rcabil\u0103 litiu-ion de 1200 mAh \u0219i se \u00eencarc\u0103 prin portul USB. Voce clar\u0103: Microfonul dinamic f\u0103r\u0103 fir are o transmisie excelent\u0103 [&hellip;]<\/p>\n","protected":false},"featured_media":11293,"comment_status":"open","ping_status":"closed","template":"","meta":[],"pwb-brand":[],"product_brand":[],"product_cat":[213,214],"product_tag":[],"class_list":{"0":"post-11233","1":"product","2":"type-product","3":"status-publish","4":"has-post-thumbnail","6":"product_cat-disco-party-accessories","7":"product_cat-musical-instrument-accessories","9":"first","10":"outofstock","11":"shipping-taxable","12":"purchasable","13":"product-type-simple"},"jetpack_sharing_enabled":true,"brands":[],"_links":{"self":[{"href":"https:\/\/jrh.eu\/bg\/wp-json\/wp\/v2\/product\/11233","targetHints":{"allow":["GET"]}}],"collection":[{"href":"https:\/\/jrh.eu\/bg\/wp-json\/wp\/v2\/product"}],"about":[{"href":"https:\/\/jrh.eu\/bg\/wp-json\/wp\/v2\/types\/product"}],"replies":[{"embeddable":true,"href":"https:\/\/jrh.eu\/bg\/wp-json\/wp\/v2\/comments?post=11233"}],"wp:featuredmedia":[{"embeddable":true,"href":"https:\/\/jrh.eu\/bg\/wp-json\/wp\/v2\/media\/11293"}],"wp:attachment":[{"href":"https:\/\/jrh.eu\/bg\/wp-json\/wp\/v2\/media?parent=11233"}],"wp:term":[{"taxonomy":"pwb-brand","embeddable":true,"href":"https:\/\/jrh.eu\/bg\/wp-json\/wp\/v2\/pwb-brand?post=11233"},{"taxonomy":"product_brand","embeddable":true,"href":"https:\/\/jrh.eu\/bg\/wp-json\/wp\/v2\/product_brand?post=11233"},{"taxonomy":"product_cat","embeddable":true,"href":"https:\/\/jrh.eu\/bg\/wp-json\/wp\/v2\/product_cat?post=11233"},{"taxonomy":"product_tag","embeddable":true,"href":"https:\/\/jrh.eu\/bg\/wp-json\/wp\/v2\/product_tag?post=11233"}],"curies":[{"name":"wp","href":"https:\/\/api.w.org\/{rel}","templated":true}]}}