{"id":10488,"date":"2025-07-15T20:40:23","date_gmt":"2025-07-15T20:40:23","guid":{"rendered":"https:\/\/jrh.eu\/?post_type=product&#038;p=10488"},"modified":"2025-10-05T17:25:52","modified_gmt":"2025-10-05T17:25:52","slug":"295w-14r-sharpy-beam-moving-head-upgraded-7r-10r-dmx512-craciun-dj-disco-ktv-bar-club-party-show","status":"publish","type":"product","link":"https:\/\/jrh.eu\/bg\/produkt\/295w-14r-sharpy-beam-moving-head-upgraded-7r-10r-dmx512-craciun-dj-disco-ktv-bar-club-party-show\/","title":{"rendered":"295W 14R Sharpy Beam Moving Head Upgraded 7R 10R DMX512  Craciun DJ Disco KTV Bar Club Party Show"},"content":{"rendered":"<p>Despre acest articol<br \/>\n\u2606Surs\u0103 de lumin\u0103 \u00eembun\u0103t\u0103\u021bit\u0103: NEOLUX 14R 295W, mai clar dec\u00e2t 7R (230w), fascicul 10R (250w 260w)<br \/>\n\u2606 Un fascicul de lumin\u0103 cu 6 prisme independente, 8 prisme\/T prisme\/6+12 prisme\/16 prisme\/T prisme\/8+16+24prisme, poate combina 17 tipuri de efecte prisme; Roata de culori: 14 culori + alb \u0219i efect de \u0219apte culori; 14 gobo-uri (8 gobo-uri fixe + 5 gobo-uri de sticl\u0103 + alb)<br \/>\n\u2606Protocol de control: DMX512 \u0219i 3 moduri de lucru incluse: MOD DMX, RUN AUTOMAT \u0219i MOD SUNET, v\u0103 pot satisface numeroasele op\u021biuni<br \/>\n\u2606 Lentila este realizat\u0103 din material K9 \u0219i 6 straturi de acoperire, poate cre\u0219te durata de via\u021b\u0103 \u0219i poate reduce scurgerea luminii<br \/>\n\u2606Control macro stroboscopic disponibil; Faz ascu\u021bit \u0219i efect curcubeu, mai multe op\u021biuni pentru lumina de scen\u0103<\/p>\n<hr class=\"bucketDivider\" noshade=\"noshade\" size=\"1\" \/>\n<h2>Product Description<\/h2>\n<div class=\"aplus-v2 desktop celwidget\" data-csa-c-id=\"iu6iil-p0r9my-jtwsw2-wf9usu\" data-cel-widget=\"aplus\">\n<div class=\"celwidget aplus-module launchpad-company-logo aplus-standard\" data-csa-c-id=\"qi7cx5-feghfd-cf4bqu-fyk8jp\" data-cel-widget=\"aplus-launchpad-company-logo\">\n<div class=\"a-section a-text-center launchpad-module launchpad-module-company-logo\"><img decoding=\"async\" class=\"\" src=\"https:\/\/m.media-amazon.com\/images\/S\/aplus-media-library-service-media\/95344fde-64f6-4664-9776-6ef87d1fd714.__CR0,120,1200,360_PT0_SX600_V1___.jpg\" alt=\"295W-\u9898\u5934\" data-src=\"https:\/\/m.media-amazon.com\/images\/S\/aplus-media-library-service-media\/95344fde-64f6-4664-9776-6ef87d1fd714.__CR0,120,1200,360_PT0_SX600_V1___.jpg\" \/><\/div>\n<\/div>\n<div class=\"celwidget aplus-module module-9 aplus-standard\" data-csa-c-id=\"vd0bid-um273f-77m1h0-n9cytk\" data-cel-widget=\"aplus-module-9\">\n<div class=\"aplus-module-wrapper apm-fixed-width\">\n<div class=\"apm-spacing apm-fixed-width\">\n<h3 class=\"a-spacing-small\">Features<\/h3>\n<table class=\"apm-fixed-width apm-eventhirdcol-table\">\n<tbody>\n<tr>\n<th class=\"apm-center\">\n<div class=\"apm-eventhirdcol apm-floatleft\">\n<p><img decoding=\"async\" class=\"a-spacing-mini\" src=\"https:\/\/m.media-amazon.com\/images\/S\/aplus-media-library-service-media\/49f5de42-3ce8-4e5f-b757-ccadc49fe162.__CR0,0,3424,3424_PT0_SX300_V1___.jpg\" alt=\"295W\" data-src=\"https:\/\/m.media-amazon.com\/images\/S\/aplus-media-library-service-media\/49f5de42-3ce8-4e5f-b757-ccadc49fe162.__CR0,0,3424,3424_PT0_SX300_V1___.jpg\" \/><\/p>\n<\/div>\n<\/th>\n<th class=\"apm-center\">\n<div class=\"apm-eventhirdcol apm-floatleft\">\n<p><img decoding=\"async\" class=\"a-spacing-mini\" src=\"https:\/\/m.media-amazon.com\/images\/S\/aplus-media-library-service-media\/d6d12acb-1b91-4368-81b0-530e327e813a.__CR0,0,750,750_PT0_SX300_V1___.jpg\" alt=\"295w\" data-src=\"https:\/\/m.media-amazon.com\/images\/S\/aplus-media-library-service-media\/d6d12acb-1b91-4368-81b0-530e327e813a.__CR0,0,750,750_PT0_SX300_V1___.jpg\" \/><\/p>\n<\/div>\n<\/th>\n<th class=\"apm-center\">\n<div class=\"apm-eventhirdcol apm-floatleft\">\n<p><img decoding=\"async\" class=\"a-spacing-mini\" src=\"https:\/\/m.media-amazon.com\/images\/S\/aplus-media-library-service-media\/b4779a59-defe-4cf1-b4ab-0531692471bf.__CR0,0,3692,3692_PT0_SX300_V1___.jpg\" alt=\"295w\" data-src=\"https:\/\/m.media-amazon.com\/images\/S\/aplus-media-library-service-media\/b4779a59-defe-4cf1-b4ab-0531692471bf.__CR0,0,3692,3692_PT0_SX300_V1___.jpg\" \/><\/p>\n<\/div>\n<\/th>\n<\/tr>\n<tr>\n<td class=\"apm-top\">\n<div class=\"apm-eventhirdcol apm-floatleft\">\n<h4 class=\"a-spacing-mini\">Matrix<\/h4>\n<p>Amazing dot matrix,four tact switch,180\u00b0turning show<\/p>\n<\/div>\n<\/td>\n<td class=\"apm-top\">\n<div class=\"apm-eventhirdcol apm-floatleft\">\n<h4 class=\"a-spacing-mini\">Flexible Control<\/h4>\n<p>Strobe macro control available<\/p>\n<p>Lens optical system alchemical force,beam angle 0\uff5e4\u00b0<\/p>\n<p>Over-heat protection and Flame-retardant housing material<\/p>\n<\/div>\n<\/td>\n<td class=\"apm-top\">\n<div class=\"apm-eventhirdcol apm-floatleft\">\n<h4 class=\"a-spacing-mini\">Power Supply<\/h4>\n<p>Magnetic ballast and AC\/DC power supply<\/p>\n<\/div>\n<\/td>\n<\/tr>\n<\/tbody>\n<\/table>\n<\/div>\n<\/div>\n<div><\/div>\n<\/div>\n<div class=\"celwidget aplus-module 3p-module-b aplus-standard\" data-csa-c-id=\"6qm6al-2fcpkp-nmm4c3-24wrec\" data-cel-widget=\"aplus-3p-module-b\">\n<div class=\"aplus-module-wrapper aplus-3p-fixed-width\"><img decoding=\"async\" class=\"a-spacing-base\" src=\"https:\/\/m.media-amazon.com\/images\/S\/aplus-media-library-service-media\/1bc38c36-56b9-4e2c-84da-91a0ed11ea79.__CR15,0,970,600_PT0_SX970_V1___.jpg\" alt=\"\u706f\u5149\u56fe\u6807\" data-src=\"https:\/\/m.media-amazon.com\/images\/S\/aplus-media-library-service-media\/1bc38c36-56b9-4e2c-84da-91a0ed11ea79.__CR15,0,970,600_PT0_SX970_V1___.jpg\" \/><\/div>\n<\/div>\n<div class=\"celwidget aplus-module module-16-tech-specs aplus-standard\" data-csa-c-id=\"d060ai-ayx1wk-uxs631-zhhvo1\" data-cel-widget=\"aplus-module-16-tech-specs\">\n<div class=\"a-section a-spacing-large aplus-module-wrapper apm-fixed-width aplus-index-3\">\n<h3 class=\"a-size-extra-large a-spacing-base a-text-center\">Product Instruction<\/h3>\n<div class=\"a-row\">\n<div class=\"a-column a-span6\">\n<table class=\"a-bordered a-horizontal-stripes aplus-tech-spec-table\">\n<tbody>\n<tr>\n<td class=\"a-text-bold\">Lamp:<\/td>\n<td>NEOLUX 14R 295W<\/td>\n<\/tr>\n<tr>\n<td class=\"a-text-bold\">Channel Mode:<\/td>\n<td>18 DMX512 Channel<\/td>\n<\/tr>\n<tr>\n<td class=\"a-text-bold\">Pan scan:<\/td>\n<td>540\u00b0(16bit) Electric correction<\/td>\n<\/tr>\n<tr>\n<td class=\"a-text-bold\">Tilt scan:<\/td>\n<td>270\u00b0 (16bit) Electric correction<\/td>\n<\/tr>\n<tr>\n<td class=\"a-text-bold\">Color wheel:<\/td>\n<td>14 colors + white, and seven color effect<\/td>\n<\/tr>\n<tr>\n<td class=\"a-text-bold\">Gobo wheel:<\/td>\n<td>14 gobos(8 fixed gobos + 5 glass gobos + white)<\/td>\n<\/tr>\n<tr>\n<td class=\"a-text-bold\">Effect Wheel:<\/td>\n<td>6 independent prisms:8 prism\/T prism\/6+12 prism\/16 prism\/T prism\/8+16+24prism,Can combine 17 kinds of prism effects<\/td>\n<\/tr>\n<\/tbody>\n<\/table>\n<\/div>\n<div class=\"a-column a-span6 a-span-last\">\n<table class=\"a-bordered a-horizontal-stripes aplus-tech-spec-table\">\n<tbody>\n<tr>\n<td class=\"a-text-bold\">Power Input:<\/td>\n<td>100-240V, 50\/60Hz<\/td>\n<\/tr>\n<tr>\n<td class=\"a-text-bold\">Power Dissipation:<\/td>\n<td>400W<\/td>\n<\/tr>\n<tr>\n<td class=\"a-text-bold\">IP level :<\/td>\n<td>IP20<\/td>\n<\/tr>\n<tr>\n<td class=\"a-text-bold\">Product Size\uff1a<\/td>\n<td>460\u00d7337\u00d7523mm<\/td>\n<\/tr>\n<tr>\n<td class=\"a-text-bold\">Packing Size:<\/td>\n<td>470\u00d7400\u00d7580mm<\/td>\n<\/tr>\n<tr>\n<td class=\"a-text-bold\">Net weight\uff1a<\/td>\n<td>19.5KG<\/td>\n<\/tr>\n<\/tbody>\n<\/table>\n<\/div>\n<\/div>\n<\/div>\n<\/div>\n<div class=\"celwidget aplus-module module-2 aplus-standard\" data-csa-c-id=\"d7zhc0-3etaa1-2et02x-hphojt\" data-cel-widget=\"aplus-module-2\">\n<div class=\"aplus-module-wrapper apm-floatnone apm-fixed-width\">\n<div class=\"apm-sidemodule apm-spacing\">\n<div class=\"apm-sidemodule-imageleft\"><img decoding=\"async\" class=\"\" src=\"https:\/\/m.media-amazon.com\/images\/S\/aplus-media-library-service-media\/11e2d05f-cbc7-4da1-a7c9-5e4baa911e71.__CR0,0,1000,1000_PT0_SX300_V1___.jpg\" alt=\"295w-\u5e26\u5149\u6548\" data-src=\"https:\/\/m.media-amazon.com\/images\/S\/aplus-media-library-service-media\/11e2d05f-cbc7-4da1-a7c9-5e4baa911e71.__CR0,0,1000,1000_PT0_SX300_V1___.jpg\" \/><\/div>\n<div class=\"apm-sidemodule-textright\">\n<h3 class=\"a-spacing-mini\">Attention Before Purchase<\/h3>\n<p>Maintenance<\/p>\n<p>To reduce the risk of electrical shock or fire, do not expose this unit to rain or moisture. Intermittently using will extend this item\u2019s service life. Please clear the fan, fan net , and optical lens in order to keep good work state. Do not use the alcohol or any other organic solvent to wipe the shell.<\/p>\n<p>Safety Precaution<\/p>\n<p>1.In order to extend the product\u2019s life, please don\u2019t put it in the damp places or even the environment over 60 degree.<\/p>\n<p>2.Always mount this unit in safe and stable matter.<\/p>\n<p>3.Install or dismantle should be operated by professional engineer.<\/p>\n<p>4.Using lamp\uff0cthe change rate of power voltage should be within\u00b110%. If the voltage is too high, it will shorten the light\u2019s life; if it\u2019s not enough, will influence the effect.<\/p>\n<p>5.Please restart it 20 minutes later after turning off the light, until full-cooling. Frequent switching will reduce the life span of lamps and bulbs; intermittent using will improve the life of bulbs and lights<\/p>\n<\/div>\n<\/div>\n<\/div>\n<div><\/div>\n<\/div>\n<div class=\"celwidget aplus-module 3p-module-b aplus-standard\" data-csa-c-id=\"c49mwr-ggeb35-cdp3ly-ehrbk9\" data-cel-widget=\"aplus-3p-module-b\">\n<div class=\"aplus-module-wrapper aplus-3p-fixed-width\">\n<h3 class=\"a-spacing-mini\">We will provide the following accessories<\/h3>\n<p><img decoding=\"async\" class=\"a-spacing-base\" src=\"https:\/\/m.media-amazon.com\/images\/S\/aplus-media-library-service-media\/7ebce2a7-6f1a-48a7-8135-533ca111de3d.__CR15,0,970,600_PT0_SX970_V1___.jpg\" alt=\"295w-\u914d\u4ef61\" data-src=\"https:\/\/m.media-amazon.com\/images\/S\/aplus-media-library-service-media\/7ebce2a7-6f1a-48a7-8135-533ca111de3d.__CR15,0,970,600_PT0_SX970_V1___.jpg\" \/><\/p>\n<\/div>\n<\/div>\n<div class=\"celwidget aplus-module 3p-module-b aplus-standard\" data-csa-c-id=\"ts6hp3-i2qqbn-pn9jaj-g4lvf2\" data-cel-widget=\"aplus-3p-module-b\">\n<div class=\"aplus-module-wrapper aplus-3p-fixed-width\">\n<h3 class=\"a-spacing-mini\"><\/h3>\n<\/div>\n<\/div>\n<\/div>\n","protected":false},"excerpt":{"rendered":"<p>Despre acest articol \u2606Surs\u0103 de lumin\u0103 \u00eembun\u0103t\u0103\u021bit\u0103: NEOLUX 14R 295W, mai clar dec\u00e2t 7R (230w), fascicul 10R (250w 260w) \u2606 Un fascicul de lumin\u0103 cu 6 prisme independente, 8 prisme\/T prisme\/6+12 prisme\/16 prisme\/T prisme\/8+16+24prisme, poate combina 17 tipuri de efecte prisme; Roata de culori: 14 culori + alb \u0219i efect de \u0219apte culori; 14 gobo-uri [&hellip;]<\/p>\n","protected":false},"featured_media":10588,"comment_status":"open","ping_status":"closed","template":"","meta":[],"pwb-brand":[],"product_brand":[],"product_cat":[213,214],"product_tag":[],"class_list":{"0":"post-10488","1":"product","2":"type-product","3":"status-publish","4":"has-post-thumbnail","6":"product_cat-disco-party-accessories","7":"product_cat-musical-instrument-accessories","9":"first","10":"outofstock","11":"shipping-taxable","12":"purchasable","13":"product-type-simple"},"jetpack_sharing_enabled":true,"brands":[],"_links":{"self":[{"href":"https:\/\/jrh.eu\/bg\/wp-json\/wp\/v2\/product\/10488","targetHints":{"allow":["GET"]}}],"collection":[{"href":"https:\/\/jrh.eu\/bg\/wp-json\/wp\/v2\/product"}],"about":[{"href":"https:\/\/jrh.eu\/bg\/wp-json\/wp\/v2\/types\/product"}],"replies":[{"embeddable":true,"href":"https:\/\/jrh.eu\/bg\/wp-json\/wp\/v2\/comments?post=10488"}],"wp:featuredmedia":[{"embeddable":true,"href":"https:\/\/jrh.eu\/bg\/wp-json\/wp\/v2\/media\/10588"}],"wp:attachment":[{"href":"https:\/\/jrh.eu\/bg\/wp-json\/wp\/v2\/media?parent=10488"}],"wp:term":[{"taxonomy":"pwb-brand","embeddable":true,"href":"https:\/\/jrh.eu\/bg\/wp-json\/wp\/v2\/pwb-brand?post=10488"},{"taxonomy":"product_brand","embeddable":true,"href":"https:\/\/jrh.eu\/bg\/wp-json\/wp\/v2\/product_brand?post=10488"},{"taxonomy":"product_cat","embeddable":true,"href":"https:\/\/jrh.eu\/bg\/wp-json\/wp\/v2\/product_cat?post=10488"},{"taxonomy":"product_tag","embeddable":true,"href":"https:\/\/jrh.eu\/bg\/wp-json\/wp\/v2\/product_tag?post=10488"}],"curies":[{"name":"wp","href":"https:\/\/api.w.org\/{rel}","templated":true}]}}