{"id":10050,"date":"2025-07-15T20:36:21","date_gmt":"2025-07-15T20:36:21","guid":{"rendered":"https:\/\/jrh.eu\/?post_type=product&#038;p=10050"},"modified":"2025-10-05T17:25:44","modified_gmt":"2025-10-05T17:25:44","slug":"invertor-1kw-12v-vpm-solar-invertor-jrh-mppt-controller-60a-pure-sine-220v","status":"publish","type":"product","link":"https:\/\/jrh.eu\/bg\/produkt\/invertor-1kw-12v-vpm-solar-invertor-jrh-mppt-controller-60a-pure-sine-220v\/","title":{"rendered":"invertor 1kw 12v vpm solar invertor JRH mppt controller 60a pure sine 220v"},"content":{"rendered":"<p>MUST (jrh) PV1800 Seria VPM Invertor solar pentru acas\u0103 de \u00eenalt\u0103 frecven\u021b\u0103<\/p>\n<p>Acesta este un invertor\/\u00eenc\u0103rc\u0103tor multifunc\u021bional, care combin\u0103 func\u021bii de invertor, \u00eenc\u0103rc\u0103tor solar MPPT50A\/80A \u0219i \u00eenc\u0103rc\u0103tor de baterie pentru a oferi suport de alimentare ne\u00eentreruptibil\u0103 cu dimensiuni portabile. Afi\u0219ajul s\u0103u LCD cuprinz\u0103tor ofer\u0103 butoane configurabile de utilizator \u0219i u\u0219or accesibile, cum ar fi curentul de \u00eenc\u0103rcare a bateriei, prioritatea \u00eenc\u0103rc\u0103torului AC\/solar \u0219i tensiunea de intrare acceptabil\u0103 pe baza diferitelor aplica\u021bii.<\/p>\n<p>&nbsp;<\/p>\n<p>Caracteristici:<\/p>\n<p>Putere nominal\u0103 1KW p\u00e2n\u0103 la 5KW<\/p>\n<p>Ie\u0219ire cu und\u0103 sinusoidal\u0103 pur\u0103<\/p>\n<p>Setare LCD inteligent\u0103 (moduri de lucru, curent de \u00eenc\u0103rcare, tensiune de \u00eenc\u0103rcare etc.).<\/p>\n<p>Regulator de \u00eenc\u0103rcare solar MPPT50A\/80A integrat<\/p>\n<p>Combin\u00e2nd sistemul solar, utilitatea AC \u0219i sursa de alimentare a bateriei pentru a furniza energie continu\u0103<\/p>\n<p>Protec\u021bie la suprasarcin\u0103, scurtcircuit \u0219i desc\u0103rcare profund\u0103<\/p>\n<p>Func\u021bie de pornire la rece<\/p>\n<p>Suport USB, func\u021bie de monitorizare RS485 cu CD gratuit<\/p>\n<p>Compatibil cu generator<\/p>\n<p>3KW-5KW suport\u0103 func\u021bia paralel\u0103 (op\u021bional)<\/p>\n<p>&nbsp;<\/p>\n<p><img decoding=\"async\" src=\"https:\/\/ae01.alicdn.com\/kf\/S5b7631598f7e40f7b9941470fbc97dbfU.jpg\" \/><\/p>\n<table class=\"biaoge\" border=\"1\" width=\"100%\" align=\"center\">\n<tbody>\n<tr>\n<td align=\"center\">MODEL<\/td>\n<td align=\"center\"><strong>PV18-1012 VPM<\/strong><\/td>\n<td align=\"center\">PV18-2024 VPM<\/td>\n<td align=\"center\">PV18-3024 VPM<\/td>\n<td align=\"center\">PV18-3048 VPM<\/td>\n<td align=\"center\">PV18-4048 VPM<\/td>\n<td align=\"center\">PV18-5048 VPM<\/td>\n<\/tr>\n<\/tbody>\n<tbody>\n<tr>\n<td>Default Battery System Voltage<\/td>\n<td><strong>12VDC<\/strong><\/td>\n<td colspan=\"2\">24VDC<\/td>\n<td colspan=\"3\">48VDC<\/td>\n<\/tr>\n<tr>\n<td class=\"tghe\" colspan=\"7\" align=\"center\">INVERTER OUTPUT<\/td>\n<\/tr>\n<tr>\n<td>Rated Power<\/td>\n<td><strong>1000VA \/ 1000W<\/strong><\/td>\n<td>2000VA \/ 2000W<\/td>\n<td>3000VA \/ 3000W<\/td>\n<td>3000VA \/ 3000W<\/td>\n<td>4000VA \/ 4000W<\/td>\n<td>5000VA \/ 5000W<\/td>\n<\/tr>\n<tr>\n<td>Surge Power<\/td>\n<td><strong>2000VA<\/strong><\/td>\n<td>4000VA<\/td>\n<td>6000VA<\/td>\n<td>6000VA<\/td>\n<td>8000VA<\/td>\n<td>10000VA<\/td>\n<\/tr>\n<tr>\n<td>Waveform<\/td>\n<td colspan=\"6\"><strong>Pure sine wave<\/strong><\/td>\n<\/tr>\n<tr>\n<td>AC Voltage Regulation (Batt.Mode)<\/td>\n<td colspan=\"6\"><strong>220VAC~240VAC(Setting)<\/strong><\/td>\n<\/tr>\n<tr>\n<td>Inverter Efficiency(Peak)<\/td>\n<td colspan=\"6\"><strong>90%~93%<\/strong><\/td>\n<\/tr>\n<tr>\n<td>Transfer Time<\/td>\n<td colspan=\"6\"><strong>10ms(UPS \/ VDE4105) \/ 20ms(APL)<\/strong><\/td>\n<\/tr>\n<tr>\n<td class=\"tghe\" colspan=\"7\" align=\"center\"><strong>AC INPUT<\/strong><\/td>\n<\/tr>\n<tr>\n<td>Voltage<\/td>\n<td colspan=\"6\"><strong>230VAC<\/strong><\/td>\n<\/tr>\n<tr>\n<td>Selectable Voltage Range<\/td>\n<td colspan=\"6\"><strong>170~280VAC(UPS)\u00a0\/\u00a090~280VAC(APL) \/ 184~253VAC(VDE)<\/strong><\/td>\n<\/tr>\n<tr>\n<td>Frequency Range<\/td>\n<td colspan=\"6\"><strong>50Hz \/ 60Hz (Auto sensing)<\/strong><\/td>\n<\/tr>\n<tr>\n<td class=\"tghe\" colspan=\"7\" align=\"center\"><strong>BATTERY<\/strong><\/td>\n<\/tr>\n<tr>\n<td>Normal voltage<\/td>\n<td><strong>12VDC<\/strong><\/td>\n<td colspan=\"2\">24VDC<\/td>\n<td colspan=\"3\">48VDC<\/td>\n<\/tr>\n<tr>\n<td>Floating Charge Voltage<\/td>\n<td><strong>13.7VDC<\/strong><\/td>\n<td colspan=\"2\">27.4VDC<\/td>\n<td colspan=\"3\">54.8VDC<\/td>\n<\/tr>\n<tr>\n<td>Overcharge Protection<\/td>\n<td><strong>15VDC<\/strong><\/td>\n<td colspan=\"2\">30VDC<\/td>\n<td colspan=\"3\">60VDC<\/td>\n<\/tr>\n<tr>\n<td class=\"tghe\" colspan=\"7\" align=\"center\"><strong>SOLAR CHARGER &amp; AC CHARGER<\/strong><\/td>\n<\/tr>\n<tr>\n<td>Maximum PV Array Open Circuit Voltage<\/td>\n<td><strong>105VDC<\/strong><\/td>\n<td colspan=\"2\">145VDC<\/td>\n<td colspan=\"3\">145VDC<\/td>\n<\/tr>\n<tr>\n<td>PV Array MPPT Voltage Range<\/td>\n<td><strong>15~105VDC<\/strong><\/td>\n<td colspan=\"2\">30~120VDC<\/td>\n<td colspan=\"3\">60~130VDC<\/td>\n<\/tr>\n<tr>\n<td>Standby Power Consumption<\/td>\n<td colspan=\"6\"><strong>2W<\/strong><\/td>\n<\/tr>\n<tr>\n<td>Maximum PV Array Power<\/td>\n<td><strong>720W<\/strong><\/td>\n<td colspan=\"2\">1500W<\/td>\n<td colspan=\"3\">4000W<\/td>\n<\/tr>\n<tr>\n<td>Maximum Solar Charge Current<\/td>\n<td colspan=\"3\"><strong>60A<\/strong><\/td>\n<td colspan=\"3\">80A<\/td>\n<\/tr>\n<tr>\n<td>Maximum Efficiency<\/td>\n<td colspan=\"6\"><strong>98%<\/strong><\/td>\n<\/tr>\n<tr>\n<td>Maximum AC Charge Current<\/td>\n<td><strong>10A or 20A<\/strong><\/td>\n<td colspan=\"2\">20A or 30A<\/td>\n<td colspan=\"3\">60A<\/td>\n<\/tr>\n<tr>\n<td>Maximum Charge Current<\/td>\n<td><strong>70A<\/strong><\/td>\n<td colspan=\"2\">80A<\/td>\n<td colspan=\"3\">140A<\/td>\n<\/tr>\n<tr>\n<td class=\"tghe\" colspan=\"7\" align=\"center\"><strong>MECHANICAL SPECIFICATIONS<\/strong><\/td>\n<\/tr>\n<tr>\n<td>Machine Dimensions (W*H*D)(mm)<\/td>\n<td><strong>225*355*92<\/strong><\/td>\n<td colspan=\"2\">272*355*100<\/td>\n<td colspan=\"3\">297.5*468*125<\/td>\n<\/tr>\n<tr>\n<td>Package Dimensions (W*H*D)(mm)<\/td>\n<td><strong>410*300*78<\/strong><\/td>\n<td colspan=\"2\">485*393*251<\/td>\n<td colspan=\"3\">638*395*241<\/td>\n<\/tr>\n<tr>\n<td>Net Weight(kg)<\/td>\n<td><strong>5<\/strong><\/td>\n<td colspan=\"2\">7.4<\/td>\n<td colspan=\"3\">14<\/td>\n<\/tr>\n<tr>\n<td>Gross Weight(kg)<\/td>\n<td><strong>5.5<\/strong><\/td>\n<td colspan=\"2\">9.5<\/td>\n<td colspan=\"3\">16.4<\/td>\n<\/tr>\n<tr>\n<td class=\"tghe\" colspan=\"7\" align=\"center\"><strong>OTHER<\/strong><\/td>\n<\/tr>\n<tr>\n<td>Humidity<\/td>\n<td colspan=\"6\"><strong>5% to 95% Relativ Humidity (Non-condensing)<\/strong><\/td>\n<\/tr>\n<tr>\n<td>Operating Temperature<\/td>\n<td colspan=\"6\"><strong>0\u00b0C~50\u00b0C<\/strong><\/td>\n<\/tr>\n<tr>\n<td>Storage Temperature<\/td>\n<td colspan=\"6\"><strong>-15\u00b0C -60\u00b0C<\/strong><\/td>\n<\/tr>\n<\/tbody>\n<\/table>\n<p><img decoding=\"async\" src=\"https:\/\/ae01.alicdn.com\/kf\/H28c239269bca4dc6a3118de3ed640940d.jpg\" width=\"100%\" align=\"center\" border=\"1\" data-spm-anchor-id=\"a2g0o.detail.1000023.i0.620613dfSRJa6m\" \/><\/p>\n","protected":false},"excerpt":{"rendered":"<h4>Produsul\/sistemul trebuie montat de catre o firma autorizata pentru mentinerea garantiei.<\/h4>\n","protected":false},"featured_media":10143,"comment_status":"open","ping_status":"closed","template":"","meta":[],"pwb-brand":[],"product_brand":[],"product_cat":[209],"product_tag":[],"class_list":{"0":"post-10050","1":"product","2":"type-product","3":"status-publish","4":"has-post-thumbnail","6":"product_cat-photovoltaic-solar-panels","8":"first","9":"outofstock","10":"shipping-taxable","11":"purchasable","12":"product-type-simple"},"jetpack_sharing_enabled":true,"brands":[],"_links":{"self":[{"href":"https:\/\/jrh.eu\/bg\/wp-json\/wp\/v2\/product\/10050","targetHints":{"allow":["GET"]}}],"collection":[{"href":"https:\/\/jrh.eu\/bg\/wp-json\/wp\/v2\/product"}],"about":[{"href":"https:\/\/jrh.eu\/bg\/wp-json\/wp\/v2\/types\/product"}],"replies":[{"embeddable":true,"href":"https:\/\/jrh.eu\/bg\/wp-json\/wp\/v2\/comments?post=10050"}],"wp:featuredmedia":[{"embeddable":true,"href":"https:\/\/jrh.eu\/bg\/wp-json\/wp\/v2\/media\/10143"}],"wp:attachment":[{"href":"https:\/\/jrh.eu\/bg\/wp-json\/wp\/v2\/media?parent=10050"}],"wp:term":[{"taxonomy":"pwb-brand","embeddable":true,"href":"https:\/\/jrh.eu\/bg\/wp-json\/wp\/v2\/pwb-brand?post=10050"},{"taxonomy":"product_brand","embeddable":true,"href":"https:\/\/jrh.eu\/bg\/wp-json\/wp\/v2\/product_brand?post=10050"},{"taxonomy":"product_cat","embeddable":true,"href":"https:\/\/jrh.eu\/bg\/wp-json\/wp\/v2\/product_cat?post=10050"},{"taxonomy":"product_tag","embeddable":true,"href":"https:\/\/jrh.eu\/bg\/wp-json\/wp\/v2\/product_tag?post=10050"}],"curies":[{"name":"wp","href":"https:\/\/api.w.org\/{rel}","templated":true}]}}